{"id":49829,"date":"2022-10-02T23:19:08","date_gmt":"2022-10-02T21:19:08","guid":{"rendered":"http:\/\/dev.claret.cat\/producte\/tom-gates-18-diez-historias-geniales\/"},"modified":"2023-01-28T19:19:48","modified_gmt":"2023-01-28T18:19:48","slug":"tom-gates-18-diez-historias-geniales-9788469663462","status":"publish","type":"product","link":"https:\/\/www.claret.cat\/es\/libro\/tom-gates-18-diez-historias-geniales-9788469663462\/","title":{"rendered":"TOM GATES, 18. DIEZ HISTORIAS GENIALES"},"content":{"rendered":"<p>&#8216;Este libro est\u00e1 lleno de historias geniales&#8230; \u00a1y tronchantes! En la ciudad se va a celebrar un desfile infantil y todos quieren participar. Especialmente Marcus (t\u00edpico). Mam\u00e1 y pap\u00e1 han dejado a Delia al mando en casa, y eso nunca es una buena idea. Y yo he descubierto que comer helado a escondidas jam\u00e1s acaba bien&#8230; Al menos, \u00a1mis dibus son tan espectaculares como siempre!&#8217;.<\/p>\n","protected":false},"excerpt":{"rendered":"<p>PICHON, LIZ<\/p>\n","protected":false},"featured_media":63990,"template":"","meta":{"_acf_changed":false,"om_disable_all_campaigns":false,"rs_blank_template":"","rs_page_bg_color":"","slide_template_v7":"","inline_featured_image":false,"_monsterinsights_skip_tracking":false,"_monsterinsights_sitenote_active":false,"_monsterinsights_sitenote_note":"","_monsterinsights_sitenote_category":0},"product_brand":[],"product_cat":[132],"product_tag":[],"class_list":{"0":"post-49829","1":"product","2":"type-product","3":"status-publish","4":"has-post-thumbnail","6":"product_cat-lectures-per-preadolescents-6-12-anys","8":"first","9":"instock","10":"taxable","11":"shipping-taxable","12":"purchasable","13":"product-type-simple"},"acf":{"autor":"PICHON, LIZ","codart":"846966346","libros-coleccion":"Castellano - A Partir De 10 A\u00f1os - Perso","ediciones":"1","encuadernacion":"Carpeta","fecha_de_publicacion":"01\/10\/2021","novedad":"1","paginas":"233","subtitulo":"","orden":"0","portada":"0","idioma":"spa","editorial":[{"ID":147936,"post_author":"3","post_date":"2022-10-14 11:54:22","post_date_gmt":"2022-10-14 09:54:22","post_content":"","post_title":"Editorial Bru\u00f1o","post_excerpt":"","post_status":"publish","comment_status":"closed","ping_status":"closed","post_password":"","post_name":"editorial-bruno","to_ping":"","pinged":"","post_modified":"2022-10-14 11:54:22","post_modified_gmt":"2022-10-14 09:54:22","post_content_filtered":"","post_parent":0,"guid":"http:\/\/dev.claret.cat\/editorial\/editorial-bruno\/","menu_order":0,"post_type":"editorial","post_mime_type":"","comment_count":"0","filter":"raw"}],"autores-libros":[{"ID":162291,"post_author":"3","post_date":"2022-10-14 17:29:51","post_date_gmt":"2022-10-14 15:29:51","post_content":"","post_title":"LIZ PICHON","post_excerpt":"","post_status":"publish","comment_status":"closed","ping_status":"closed","post_password":"","post_name":"liz-pichon","to_ping":"","pinged":"","post_modified":"2022-10-14 17:29:51","post_modified_gmt":"2022-10-14 15:29:51","post_content_filtered":"","post_parent":0,"guid":"http:\/\/dev.claret.cat\/autor\/liz-pichon\/","menu_order":0,"post_type":"autor","post_mime_type":"","comment_count":"0","filter":"raw"}]},"aioseo_notices":[],"_links":{"self":[{"href":"https:\/\/www.claret.cat\/es\/wp-json\/wp\/v2\/product\/49829","targetHints":{"allow":["GET"]}}],"collection":[{"href":"https:\/\/www.claret.cat\/es\/wp-json\/wp\/v2\/product"}],"about":[{"href":"https:\/\/www.claret.cat\/es\/wp-json\/wp\/v2\/types\/product"}],"wp:featuredmedia":[{"embeddable":true,"href":"https:\/\/www.claret.cat\/es\/wp-json\/wp\/v2\/media\/63990"}],"wp:attachment":[{"href":"https:\/\/www.claret.cat\/es\/wp-json\/wp\/v2\/media?parent=49829"}],"wp:term":[{"taxonomy":"product_brand","embeddable":true,"href":"https:\/\/www.claret.cat\/es\/wp-json\/wp\/v2\/product_brand?post=49829"},{"taxonomy":"product_cat","embeddable":true,"href":"https:\/\/www.claret.cat\/es\/wp-json\/wp\/v2\/product_cat?post=49829"},{"taxonomy":"product_tag","embeddable":true,"href":"https:\/\/www.claret.cat\/es\/wp-json\/wp\/v2\/product_tag?post=49829"}],"curies":[{"name":"wp","href":"https:\/\/api.w.org\/{rel}","templated":true}]}}