{"id":50021,"date":"2022-10-05T19:15:40","date_gmt":"2022-10-05T17:15:40","guid":{"rendered":"http:\/\/dev.claret.cat\/producte\/las-horas-subterraneas\/"},"modified":"2023-10-06T07:45:43","modified_gmt":"2023-10-06T05:45:43","slug":"las-horas-subterraneas-9788433976482","status":"publish","type":"product","link":"https:\/\/www.claret.cat\/es\/libro\/las-horas-subterraneas-9788433976482\/","title":{"rendered":"LAS HORAS SUBTERR\u00c1NEAS"},"content":{"rendered":"<p>Una mujer. Un hombre. Una ciudad. Dos personas con problemas cuyos destinos acaso se crucen. Mathilde y Thibault. Dos siluetas que se desplazan por Par\u00eds entre millones de personas. Ella perdi\u00f3 a su marido, se ha quedado a cargo de los tres hijos y encuentra un motivo para levantarse cada d\u00eda, su salvaci\u00f3n, en su trabajo en el departamento de marketing de una empresa alimentaria. \u00c9l es m\u00e9dico y recorre la ciudad entre un tr\u00e1fico infernal visitando a pacientes, que en ocasiones tan solo buscan que alguien los escuche. Ella empieza a sufrir acoso en el trabajo por parte de su jefe. \u00c9l se enfrenta a la decisi\u00f3n de romper con su pareja. Ambos est\u00e1n en crisis y sus vidas van a dar un vuelco. \u00bfEst\u00e1n estos dos desconocidos destinados a cruzarse y conocerse? Una novela sobre soledades, decisiones dif\u00edciles, esperanzas y personas an\u00f3nimas que habitan en una ciudad inmensa: el sexto libro de Delphine de Vigan, que la autora lanz\u00f3 en 2009, justo antes del \u00e9xito de Nada se opone a la noche, y Anagrama publica ahora por primera vez directamente en la colecci\u00f3n \u00abCompactos\u00bb.<\/p>\n","protected":false},"excerpt":{"rendered":"<p>VIGAN, DELPHINE DE<\/p>\n","protected":false},"featured_media":50509,"template":"","meta":{"_acf_changed":false,"om_disable_all_campaigns":false,"rs_blank_template":"","rs_page_bg_color":"","slide_template_v7":"","inline_featured_image":false,"_monsterinsights_skip_tracking":false,"_monsterinsights_sitenote_active":false,"_monsterinsights_sitenote_note":"","_monsterinsights_sitenote_category":0},"product_brand":[],"product_cat":[357],"product_tag":[],"class_list":{"0":"post-50021","1":"product","2":"type-product","3":"status-publish","4":"has-post-thumbnail","6":"product_cat-novela-contemporanea","8":"first","9":"instock","10":"taxable","11":"shipping-taxable","12":"purchasable","13":"product-type-simple"},"acf":{"editorial":[{"ID":6219,"post_author":"3","post_date":"2022-07-28 17:47:26","post_date_gmt":"2022-07-28 15:47:26","post_content":"","post_title":"Editorial Anagrama S.A.","post_excerpt":"","post_status":"publish","comment_status":"closed","ping_status":"closed","post_password":"","post_name":"editorial-anagrama-s-a","to_ping":"","pinged":"","post_modified":"2022-07-28 17:47:26","post_modified_gmt":"2022-07-28 15:47:26","post_content_filtered":"","post_parent":0,"guid":"http:\/\/dev.claret.cat\/editorial\/editorial-anagrama-s-a\/","menu_order":0,"post_type":"editorial","post_mime_type":"","comment_count":"0","filter":"raw"}],"autor":"VIGAN, DELPHINE DE","codart":"843397648","libros-coleccion":"Compactos","ediciones":"1","encuadernacion":"R\u00fastica","fecha_de_publicacion":"01\/10\/2022","novedad":"1","paginas":"225","subtitulo":"","orden":"0","portada":"0","idioma":"spa","autores-libros":[{"ID":154061,"post_author":"3","post_date":"2022-10-14 15:01:46","post_date_gmt":"2022-10-14 13:01:46","post_content":"","post_title":"DELPHINE DE VIGAN","post_excerpt":"","post_status":"publish","comment_status":"closed","ping_status":"closed","post_password":"","post_name":"delphine-de-vigan-2","to_ping":"","pinged":"","post_modified":"2022-10-14 15:01:46","post_modified_gmt":"2022-10-14 13:01:46","post_content_filtered":"","post_parent":0,"guid":"http:\/\/dev.claret.cat\/autor\/delphine-de-vigan-2\/","menu_order":0,"post_type":"autor","post_mime_type":"","comment_count":"0","filter":"raw"}]},"aioseo_notices":[],"_links":{"self":[{"href":"https:\/\/www.claret.cat\/es\/wp-json\/wp\/v2\/product\/50021","targetHints":{"allow":["GET"]}}],"collection":[{"href":"https:\/\/www.claret.cat\/es\/wp-json\/wp\/v2\/product"}],"about":[{"href":"https:\/\/www.claret.cat\/es\/wp-json\/wp\/v2\/types\/product"}],"wp:featuredmedia":[{"embeddable":true,"href":"https:\/\/www.claret.cat\/es\/wp-json\/wp\/v2\/media\/50509"}],"wp:attachment":[{"href":"https:\/\/www.claret.cat\/es\/wp-json\/wp\/v2\/media?parent=50021"}],"wp:term":[{"taxonomy":"product_brand","embeddable":true,"href":"https:\/\/www.claret.cat\/es\/wp-json\/wp\/v2\/product_brand?post=50021"},{"taxonomy":"product_cat","embeddable":true,"href":"https:\/\/www.claret.cat\/es\/wp-json\/wp\/v2\/product_cat?post=50021"},{"taxonomy":"product_tag","embeddable":true,"href":"https:\/\/www.claret.cat\/es\/wp-json\/wp\/v2\/product_tag?post=50021"}],"curies":[{"name":"wp","href":"https:\/\/api.w.org\/{rel}","templated":true}]}}