{"id":50039,"date":"2022-10-05T19:15:56","date_gmt":"2022-10-05T17:15:56","guid":{"rendered":"http:\/\/dev.claret.cat\/producte\/la-cara-norte-del-corazon\/"},"modified":"2023-10-06T07:34:59","modified_gmt":"2023-10-06T05:34:59","slug":"la-cara-norte-del-corazon-9788423362226","status":"publish","type":"product","link":"https:\/\/www.claret.cat\/es\/libro\/la-cara-norte-del-corazon-9788423362226\/","title":{"rendered":"LA CARA NORTE DEL CORAZ\u00d3N"},"content":{"rendered":"<p>Tras el \u00e9xito de la Trilog\u00eda del Bazt\u00e1n, vuelve Amaia Salazar.<br \/> \u00abCuando Amaia Salazar ten\u00eda doce a\u00f1os estuvo perdida en el bosque durante diecis\u00e9is horas. Era de madrugada cuando la encontraron a treinta kil\u00f3metros al norte del lugar donde se hab\u00eda despistado de la senda. Desvanecida bajo la intensa lluvia, la ropa ennegrecida y chamuscada como la de una bruja medieval rescatada de una hoguera y, en contraste, la piel blanca, limpia y helada como si acabase de surgir del hielo.\u00bb<br \/> En 2005, mucho antes de los cr\u00edmenes que conmocionaron el valle del Bazt\u00e1n, una joven Amaia Salazar participa en un curso de intercambio para polic\u00edas en Estados Unidos. Una de las pruebas consiste en estudiar un caso real de un asesino en serie llamado \u00abel compositor\u00bb, que siempre act\u00faa durante grandes desastres naturales atacando a familias y siguiendo una puesta en escena casi lit\u00fargica. Amaia se convertir\u00e1 inesperadamente en parte del equipo de la investigaci\u00f3n que los llevar\u00e1 hasta Nueva Orleans, en v\u00edsperas del peor hurac\u00e1n de su historia, para intentar adelantarse al asesino&#8230; Pero una llamada de su t\u00eda Engrasi desde Elizondo despertar\u00e1 en Amaia fantasmas de su infancia, enfrent\u00e1ndola de nuevo al miedo y a los recuerdos que la dotan de un extraordinario conocimiento de la cara norte del coraz\u00f3n.<br \/> Una novela trepidante que emociona y deja sin aliento.<\/p>\n","protected":false},"excerpt":{"rendered":"<p>REDONDO, DOLORES<\/p>\n","protected":false},"featured_media":50521,"template":"","meta":{"_acf_changed":false,"om_disable_all_campaigns":false,"rs_blank_template":"","rs_page_bg_color":"","slide_template_v7":"","inline_featured_image":false,"_monsterinsights_skip_tracking":false,"_monsterinsights_sitenote_active":false,"_monsterinsights_sitenote_note":"","_monsterinsights_sitenote_category":0},"product_brand":[],"product_cat":[357],"product_tag":[],"class_list":{"0":"post-50039","1":"product","2":"type-product","3":"status-publish","4":"has-post-thumbnail","6":"product_cat-novela-contemporanea","8":"first","9":"instock","10":"taxable","11":"shipping-taxable","12":"purchasable","13":"product-type-simple"},"acf":{"editorial":[{"ID":6182,"post_author":"3","post_date":"2022-07-28 17:46:40","post_date_gmt":"2022-07-28 15:46:40","post_content":"","post_title":"DESTINO, S.L.","post_excerpt":"","post_status":"publish","comment_status":"closed","ping_status":"closed","post_password":"","post_name":"destino-s-l","to_ping":"","pinged":"","post_modified":"2022-07-28 17:46:40","post_modified_gmt":"2022-07-28 15:46:40","post_content_filtered":"","post_parent":0,"guid":"http:\/\/dev.claret.cat\/editorial\/destino-s-l\/","menu_order":0,"post_type":"editorial","post_mime_type":"","comment_count":"0","filter":"raw"}],"autor":"REDONDO, DOLORES","codart":"842336222","libros-coleccion":"FORA DE COL.LECCI\u00d3","ediciones":"1","encuadernacion":"Carton\u00e9","fecha_de_publicacion":"01\/10\/2022","novedad":"1","paginas":"683","subtitulo":"EDICI\u00d3N LIMITADA","orden":"0","portada":"0","idioma":"spa","autores-libros":[{"ID":154233,"post_author":"3","post_date":"2022-10-14 15:03:10","post_date_gmt":"2022-10-14 13:03:10","post_content":"","post_title":"DOLORES REDONDO","post_excerpt":"","post_status":"publish","comment_status":"closed","ping_status":"closed","post_password":"","post_name":"dolores-redondo-2","to_ping":"","pinged":"","post_modified":"2022-10-14 15:03:10","post_modified_gmt":"2022-10-14 13:03:10","post_content_filtered":"","post_parent":0,"guid":"http:\/\/dev.claret.cat\/autor\/dolores-redondo-2\/","menu_order":0,"post_type":"autor","post_mime_type":"","comment_count":"0","filter":"raw"}]},"aioseo_notices":[],"_links":{"self":[{"href":"https:\/\/www.claret.cat\/es\/wp-json\/wp\/v2\/product\/50039","targetHints":{"allow":["GET"]}}],"collection":[{"href":"https:\/\/www.claret.cat\/es\/wp-json\/wp\/v2\/product"}],"about":[{"href":"https:\/\/www.claret.cat\/es\/wp-json\/wp\/v2\/types\/product"}],"wp:featuredmedia":[{"embeddable":true,"href":"https:\/\/www.claret.cat\/es\/wp-json\/wp\/v2\/media\/50521"}],"wp:attachment":[{"href":"https:\/\/www.claret.cat\/es\/wp-json\/wp\/v2\/media?parent=50039"}],"wp:term":[{"taxonomy":"product_brand","embeddable":true,"href":"https:\/\/www.claret.cat\/es\/wp-json\/wp\/v2\/product_brand?post=50039"},{"taxonomy":"product_cat","embeddable":true,"href":"https:\/\/www.claret.cat\/es\/wp-json\/wp\/v2\/product_cat?post=50039"},{"taxonomy":"product_tag","embeddable":true,"href":"https:\/\/www.claret.cat\/es\/wp-json\/wp\/v2\/product_tag?post=50039"}],"curies":[{"name":"wp","href":"https:\/\/api.w.org\/{rel}","templated":true}]}}