{"id":50165,"date":"2022-10-05T19:18:13","date_gmt":"2022-10-05T17:18:13","guid":{"rendered":"http:\/\/dev.claret.cat\/producte\/el-cavaller-sense-cul\/"},"modified":"2026-03-30T13:27:16","modified_gmt":"2026-03-30T11:27:16","slug":"el-cavaller-sense-cul-9788419110442","status":"publish","type":"product","link":"https:\/\/www.claret.cat\/es\/libro\/el-cavaller-sense-cul-9788419110442\/","title":{"rendered":"EL CAVALLER SENSE CUL"},"content":{"rendered":"<p>Qu\u00e8 faries si un drac se&#8217;t meng\u00e9s el cul? Plorar, evidentment! Perqu\u00e8 ves quina princesa voldria jugar amb un cavaller sense cul? Una divertida aventura rimada on un cavaller fa un viatge per terres desconegudes i boscos encantats per trovar una botiga de culs. Aconseguir\u00e0 tenir unes natges noves i resplendents?<\/p>\n","protected":false},"excerpt":{"rendered":"<p>VAN TEUNENBROEK , LEVINA \/ BRUIJN , CHARLOTTE<\/p>\n","protected":false},"featured_media":50605,"template":"","meta":{"_acf_changed":false,"om_disable_all_campaigns":false,"rs_blank_template":"","rs_page_bg_color":"","slide_template_v7":"","inline_featured_image":false,"_monsterinsights_skip_tracking":false,"_monsterinsights_sitenote_active":false,"_monsterinsights_sitenote_note":"","_monsterinsights_sitenote_category":0},"product_brand":[],"product_cat":[131,361],"product_tag":[],"class_list":{"0":"post-50165","1":"product","2":"type-product","3":"status-publish","4":"has-post-thumbnail","6":"product_cat-contes-per-infants-0-6-anys","7":"product_cat-cuentos-para-ninos-0-6-anos","9":"first","10":"instock","11":"taxable","12":"shipping-taxable","13":"purchasable","14":"product-type-simple"},"acf":{"editorial":[{"ID":6297,"post_author":"3","post_date":"2022-07-28 17:49:10","post_date_gmt":"2022-07-28 15:49:10","post_content":"","post_title":"Maeva Ediciones","post_excerpt":"","post_status":"publish","comment_status":"closed","ping_status":"closed","post_password":"","post_name":"maeva-ediciones","to_ping":"","pinged":"","post_modified":"2022-07-28 17:49:10","post_modified_gmt":"2022-07-28 15:49:10","post_content_filtered":"","post_parent":0,"guid":"http:\/\/dev.claret.cat\/editorial\/maeva-ediciones\/","menu_order":0,"post_type":"editorial","post_mime_type":"","comment_count":"0","filter":"raw"}],"autor":"VAN TEUNENBROEK , LEVINA \/ BRUIJN , CHARLOTTE","codart":"841911044","libros-coleccion":"MAEVAyoung Catal\u00e0","ediciones":"1","encuadernacion":"Carton\u00e9","fecha_de_publicacion":"01\/09\/2022","novedad":"1","paginas":"44","subtitulo":"","orden":"0","portada":"0","idioma":"cat","autores-libros":[{"ID":162164,"post_author":"3","post_date":"2022-10-14 17:28:51","post_date_gmt":"2022-10-14 15:28:51","post_content":"","post_title":"LEVINA VAN TEUNENBROEK","post_excerpt":"","post_status":"publish","comment_status":"closed","ping_status":"closed","post_password":"","post_name":"levina-van-teunenbroek","to_ping":"","pinged":"","post_modified":"2022-10-14 17:28:51","post_modified_gmt":"2022-10-14 15:28:51","post_content_filtered":"","post_parent":0,"guid":"http:\/\/dev.claret.cat\/autor\/levina-van-teunenbroek\/","menu_order":0,"post_type":"autor","post_mime_type":"","comment_count":"0","filter":"raw"},{"ID":152793,"post_author":"3","post_date":"2022-10-14 14:51:37","post_date_gmt":"2022-10-14 12:51:37","post_content":"","post_title":"CHARLOTTE BRUIJN","post_excerpt":"","post_status":"publish","comment_status":"closed","ping_status":"closed","post_password":"","post_name":"charlotte-bruijn","to_ping":"","pinged":"","post_modified":"2022-10-14 14:51:37","post_modified_gmt":"2022-10-14 12:51:37","post_content_filtered":"","post_parent":0,"guid":"http:\/\/dev.claret.cat\/autor\/charlotte-bruijn\/","menu_order":0,"post_type":"autor","post_mime_type":"","comment_count":"0","filter":"raw"}],"booktrailer":"","resenas":""},"aioseo_notices":[],"_links":{"self":[{"href":"https:\/\/www.claret.cat\/es\/wp-json\/wp\/v2\/product\/50165","targetHints":{"allow":["GET"]}}],"collection":[{"href":"https:\/\/www.claret.cat\/es\/wp-json\/wp\/v2\/product"}],"about":[{"href":"https:\/\/www.claret.cat\/es\/wp-json\/wp\/v2\/types\/product"}],"wp:featuredmedia":[{"embeddable":true,"href":"https:\/\/www.claret.cat\/es\/wp-json\/wp\/v2\/media\/50605"}],"wp:attachment":[{"href":"https:\/\/www.claret.cat\/es\/wp-json\/wp\/v2\/media?parent=50165"}],"wp:term":[{"taxonomy":"product_brand","embeddable":true,"href":"https:\/\/www.claret.cat\/es\/wp-json\/wp\/v2\/product_brand?post=50165"},{"taxonomy":"product_cat","embeddable":true,"href":"https:\/\/www.claret.cat\/es\/wp-json\/wp\/v2\/product_cat?post=50165"},{"taxonomy":"product_tag","embeddable":true,"href":"https:\/\/www.claret.cat\/es\/wp-json\/wp\/v2\/product_tag?post=50165"}],"curies":[{"name":"wp","href":"https:\/\/api.w.org\/{rel}","templated":true}]}}