{"id":50168,"date":"2022-10-05T19:18:16","date_gmt":"2022-10-05T17:18:16","guid":{"rendered":"http:\/\/dev.claret.cat\/producte\/el-caballero-sin-trasero\/"},"modified":"2023-10-06T08:20:31","modified_gmt":"2023-10-06T06:20:31","slug":"el-caballero-sin-trasero-9788419110411","status":"publish","type":"product","link":"https:\/\/www.claret.cat\/es\/libro\/el-caballero-sin-trasero-9788419110411\/","title":{"rendered":"EL CABALLERO SIN TRASERO"},"content":{"rendered":"<p>En el fragor de la batalla, perdi\u00f3 sus nalgas.<\/p>\n<p>\u00bfQu\u00e9 har\u00edas si un drag\u00f3n se comiera tu culo? \u00a1Llorar, por supuesto!<\/p>\n<p>Porque \u00bfqu\u00e9 princesa se querr\u00eda casar con un caballero sin trasero?<\/p>\n<p>Pero este caballero sin posaderas no pierde la esperanza. Se pone a la b\u00fasqueda de un nuevo par de nalgas \u00a1y de una princesa!<\/p>\n","protected":false},"excerpt":{"rendered":"<p>VAN TEUNENBROEK , LEVINA \/ BRUIJN , CHARLOTTE<\/p>\n","protected":false},"featured_media":50607,"template":"","meta":{"_acf_changed":false,"om_disable_all_campaigns":false,"rs_blank_template":"","rs_page_bg_color":"","slide_template_v7":"","inline_featured_image":false,"_monsterinsights_skip_tracking":false,"_monsterinsights_sitenote_active":false,"_monsterinsights_sitenote_note":"","_monsterinsights_sitenote_category":0},"product_brand":[],"product_cat":[361],"product_tag":[],"class_list":{"0":"post-50168","1":"product","2":"type-product","3":"status-publish","4":"has-post-thumbnail","6":"product_cat-cuentos-para-ninos-0-6-anos","8":"first","9":"instock","10":"taxable","11":"shipping-taxable","12":"purchasable","13":"product-type-simple"},"acf":{"editorial":[{"ID":6297,"post_author":"3","post_date":"2022-07-28 17:49:10","post_date_gmt":"2022-07-28 15:49:10","post_content":"","post_title":"Maeva Ediciones","post_excerpt":"","post_status":"publish","comment_status":"closed","ping_status":"closed","post_password":"","post_name":"maeva-ediciones","to_ping":"","pinged":"","post_modified":"2022-07-28 17:49:10","post_modified_gmt":"2022-07-28 15:49:10","post_content_filtered":"","post_parent":0,"guid":"http:\/\/dev.claret.cat\/editorial\/maeva-ediciones\/","menu_order":0,"post_type":"editorial","post_mime_type":"","comment_count":"0","filter":"raw"}],"autor":"VAN TEUNENBROEK , LEVINA \/ BRUIJN , CHARLOTTE","codart":"841911041","libros-coleccion":"\u00c1lbumes ilustrados","ediciones":"1","encuadernacion":"Carton\u00e9","fecha_de_publicacion":"01\/09\/2022","novedad":"1","paginas":"44","subtitulo":"","orden":"0","portada":"0","idioma":"spa","autores-libros":[{"ID":162164,"post_author":"3","post_date":"2022-10-14 17:28:51","post_date_gmt":"2022-10-14 15:28:51","post_content":"","post_title":"LEVINA VAN TEUNENBROEK","post_excerpt":"","post_status":"publish","comment_status":"closed","ping_status":"closed","post_password":"","post_name":"levina-van-teunenbroek","to_ping":"","pinged":"","post_modified":"2022-10-14 17:28:51","post_modified_gmt":"2022-10-14 15:28:51","post_content_filtered":"","post_parent":0,"guid":"http:\/\/dev.claret.cat\/autor\/levina-van-teunenbroek\/","menu_order":0,"post_type":"autor","post_mime_type":"","comment_count":"0","filter":"raw"},{"ID":152793,"post_author":"3","post_date":"2022-10-14 14:51:37","post_date_gmt":"2022-10-14 12:51:37","post_content":"","post_title":"CHARLOTTE BRUIJN","post_excerpt":"","post_status":"publish","comment_status":"closed","ping_status":"closed","post_password":"","post_name":"charlotte-bruijn","to_ping":"","pinged":"","post_modified":"2022-10-14 14:51:37","post_modified_gmt":"2022-10-14 12:51:37","post_content_filtered":"","post_parent":0,"guid":"http:\/\/dev.claret.cat\/autor\/charlotte-bruijn\/","menu_order":0,"post_type":"autor","post_mime_type":"","comment_count":"0","filter":"raw"}]},"aioseo_notices":[],"_links":{"self":[{"href":"https:\/\/www.claret.cat\/es\/wp-json\/wp\/v2\/product\/50168","targetHints":{"allow":["GET"]}}],"collection":[{"href":"https:\/\/www.claret.cat\/es\/wp-json\/wp\/v2\/product"}],"about":[{"href":"https:\/\/www.claret.cat\/es\/wp-json\/wp\/v2\/types\/product"}],"wp:featuredmedia":[{"embeddable":true,"href":"https:\/\/www.claret.cat\/es\/wp-json\/wp\/v2\/media\/50607"}],"wp:attachment":[{"href":"https:\/\/www.claret.cat\/es\/wp-json\/wp\/v2\/media?parent=50168"}],"wp:term":[{"taxonomy":"product_brand","embeddable":true,"href":"https:\/\/www.claret.cat\/es\/wp-json\/wp\/v2\/product_brand?post=50168"},{"taxonomy":"product_cat","embeddable":true,"href":"https:\/\/www.claret.cat\/es\/wp-json\/wp\/v2\/product_cat?post=50168"},{"taxonomy":"product_tag","embeddable":true,"href":"https:\/\/www.claret.cat\/es\/wp-json\/wp\/v2\/product_tag?post=50168"}],"curies":[{"name":"wp","href":"https:\/\/api.w.org\/{rel}","templated":true}]}}