{"id":50358,"date":"2022-10-05T19:21:30","date_gmt":"2022-10-05T17:21:30","guid":{"rendered":"http:\/\/dev.claret.cat\/producte\/tiempos-liturgicos-2022-adviento\/"},"modified":"2024-06-28T10:45:50","modified_gmt":"2024-06-28T08:45:50","slug":"tiempos-liturgicos-2022-adviento-9788413791272","status":"publish","type":"product","link":"https:\/\/www.claret.cat\/es\/libro\/tiempos-liturgicos-2022-adviento-9788413791272\/","title":{"rendered":"TIEMPOS LIT\u00daRGICOS &#8211; 2022 &#8211; ADVIENTO"},"content":{"rendered":"<p>Durante el Adviento nos preparamos para la llegada del Ni\u00f1o Dios. Santa Teresa de Lisieux y san Francisco de As\u00eds, son dos santos que supieron ver en el Ni\u00f1o Jes\u00fas del pesebre, el tesoro m\u00e1s grande del mundo. Con ellos vivir\u00e1s este tiempo de Adviento que nos conduce a la fiesta de la Navidad. \u00a1Podr\u00e1s leer textos b\u00edblicos, historias de vida, rezar, colorear y hasta jugar! Encontrar\u00e1s un calendario de Adviento muy especial que te permitir\u00e1 preparar bien tu coraz\u00f3n para celebrar el nacimiento de Jes\u00fas.<\/p>\n","protected":false},"excerpt":{"rendered":"<p>MALCURAT, MARIE; GUINEMET, C\u00c9CILE<\/p>\n","protected":false},"featured_media":972450,"template":"","meta":{"_acf_changed":false,"om_disable_all_campaigns":false,"rs_blank_template":"","rs_page_bg_color":"","slide_template_v7":"","inline_featured_image":false,"_monsterinsights_skip_tracking":false,"_monsterinsights_sitenote_active":false,"_monsterinsights_sitenote_note":"","_monsterinsights_sitenote_category":0},"product_brand":[],"product_cat":[253,399],"product_tag":[],"class_list":{"0":"post-50358","1":"product","2":"type-product","3":"status-publish","4":"has-post-thumbnail","6":"product_cat-any-liturgic","7":"product_cat-any-liturgic-liturgia-1_espiritualidad","9":"first","10":"outofstock","11":"taxable","12":"shipping-taxable","13":"purchasable","14":"product-type-simple"},"acf":{"editorial":[{"ID":6155,"post_author":"3","post_date":"2022-07-28 17:46:04","post_date_gmt":"2022-07-28 15:46:04","post_content":"","post_title":"Central Catequ\u00edstica Salesiana","post_excerpt":"","post_status":"publish","comment_status":"closed","ping_status":"closed","post_password":"","post_name":"central-catequistica-salesiana","to_ping":"","pinged":"","post_modified":"2022-07-28 17:46:04","post_modified_gmt":"2022-07-28 15:46:04","post_content_filtered":"","post_parent":0,"guid":"http:\/\/dev.claret.cat\/editorial\/central-catequistica-salesiana\/","menu_order":0,"post_type":"editorial","post_mime_type":"","comment_count":"0","filter":"raw"}],"autores-libros":[{"ID":163895,"post_author":"3","post_date":"2022-10-14 17:42:43","post_date_gmt":"2022-10-14 15:42:43","post_content":"","post_title":"MARIE MALCURAT","post_excerpt":"","post_status":"publish","comment_status":"closed","ping_status":"closed","post_password":"","post_name":"marie-malcurat","to_ping":"","pinged":"","post_modified":"2022-10-14 17:42:43","post_modified_gmt":"2022-10-14 15:42:43","post_content_filtered":"","post_parent":0,"guid":"http:\/\/dev.claret.cat\/autor\/marie-malcurat\/","menu_order":0,"post_type":"autor","post_mime_type":"","comment_count":"0","filter":"raw"},{"ID":152631,"post_author":"3","post_date":"2022-10-14 14:50:20","post_date_gmt":"2022-10-14 12:50:20","post_content":"","post_title":"C\u00c9CILE GUINEMET","post_excerpt":"","post_status":"publish","comment_status":"closed","ping_status":"closed","post_password":"","post_name":"cecile-guinemet","to_ping":"","pinged":"","post_modified":"2022-10-14 14:50:20","post_modified_gmt":"2022-10-14 12:50:20","post_content_filtered":"","post_parent":0,"guid":"http:\/\/dev.claret.cat\/autor\/cecile-guinemet\/","menu_order":0,"post_type":"autor","post_mime_type":"","comment_count":"0","filter":"raw"}],"autor":"MALCURAT, MARIE; GUINEMET, C\u00c9CILE","codart":"841379127","libros-coleccion":"Tiempos Lit\u00fargicos","ediciones":"1","encuadernacion":"R\u00fastica","fecha_de_publicacion":"25\/09\/2022","novedad":"1","paginas":"48","subtitulo":"ADVIENTO: EN CAMINO HACIA LA NAVIDAD 2022 CON SANTA TERESA DE LISIEUX Y SAN FRANCISCO DE AS\u00cdS","orden":"0","portada":"0","idioma":"spa"},"aioseo_notices":[],"_links":{"self":[{"href":"https:\/\/www.claret.cat\/es\/wp-json\/wp\/v2\/product\/50358","targetHints":{"allow":["GET"]}}],"collection":[{"href":"https:\/\/www.claret.cat\/es\/wp-json\/wp\/v2\/product"}],"about":[{"href":"https:\/\/www.claret.cat\/es\/wp-json\/wp\/v2\/types\/product"}],"wp:featuredmedia":[{"embeddable":true,"href":"https:\/\/www.claret.cat\/es\/wp-json\/wp\/v2\/media\/972450"}],"wp:attachment":[{"href":"https:\/\/www.claret.cat\/es\/wp-json\/wp\/v2\/media?parent=50358"}],"wp:term":[{"taxonomy":"product_brand","embeddable":true,"href":"https:\/\/www.claret.cat\/es\/wp-json\/wp\/v2\/product_brand?post=50358"},{"taxonomy":"product_cat","embeddable":true,"href":"https:\/\/www.claret.cat\/es\/wp-json\/wp\/v2\/product_cat?post=50358"},{"taxonomy":"product_tag","embeddable":true,"href":"https:\/\/www.claret.cat\/es\/wp-json\/wp\/v2\/product_tag?post=50358"}],"curies":[{"name":"wp","href":"https:\/\/api.w.org\/{rel}","templated":true}]}}