{"id":579794,"date":"2023-08-28T13:55:03","date_gmt":"2023-08-28T11:55:03","guid":{"rendered":"https:\/\/www.claret.cat\/llibre\/el-capita-calcotets-i-el-combat-cruent-amb-lhominoide-mucoide-ii-els-mocorob-9788466156332\/"},"modified":"2026-01-20T14:31:55","modified_gmt":"2026-01-20T13:31:55","slug":"el-capita-calcotets-i-el-combat-cruent-amb-lhominoide-mucoide-ii-els-mocorob-9788466156332","status":"publish","type":"product","link":"https:\/\/www.claret.cat\/es\/libro\/el-capita-calcotets-i-el-combat-cruent-amb-lhominoide-mucoide-ii-els-mocorob-9788466156332\/","title":{"rendered":"EL CAPIT\u00c0 CAL\u00c7OTETS I EL COMBAT CRUENT AMB L&#8221;HOMINOIDE MUCOIDE (II). ELS MOCOROB"},"content":{"rendered":"<p>Si en Jordi i l&#8221;Oriol creien que l&#8221;aventura contra l&#8221;hominoide mucoide s&#8221;havia acabat, estaven ben equivocats! La seva nova mascota, el Sulu, l&#8221;h\u00e0mster bi\u00f2nic, envia els Mocorobots Rid\u00edculs a l&#8221;espai&#8230; Per\u00f2 els tres monstres mocallosos troben la manera de tornar a la Terra i ataquen de nou! A m\u00e9s, els nois tenen un altre problema: el senyor Grabul\u00f3s i en Ramon Tutusaus han intercanviat les seves ments, i ara el Capit\u00e0 Cal\u00e7otets t\u00e9 el cervell d&#8221;un saberut repel\u00b7lent. Se&#8221;n sortiran, d&#8221;aquesta, en Jordi i l&#8221;Oriol?<\/p>\n","protected":false},"excerpt":{"rendered":"<p>PILKEY, DAV<\/p>\n","protected":false},"featured_media":1074970,"template":"","meta":{"_acf_changed":false,"om_disable_all_campaigns":false,"rs_blank_template":"","rs_page_bg_color":"","slide_template_v7":"","inline_featured_image":false,"_monsterinsights_skip_tracking":false,"_monsterinsights_sitenote_active":false,"_monsterinsights_sitenote_note":"","_monsterinsights_sitenote_category":0},"product_brand":[],"product_cat":[133,363],"product_tag":[],"class_list":{"0":"post-579794","1":"product","2":"type-product","3":"status-publish","4":"has-post-thumbnail","6":"product_cat-lectures-per-adolescents-12-18-anys","7":"product_cat-lecturas-por-adolescentes-12-18-anos","9":"first","10":"instock","11":"taxable","12":"shipping-taxable","13":"purchasable","14":"product-type-simple"},"acf":{"autor":"PILKEY, DAV","codart":"846615633","libros-coleccion":"FORA DE COL.LECCI\u00d3","ediciones":"1","encuadernacion":"Carton\u00e9","fecha_de_publicacion":"01\/08\/2023","novedad":"1","paginas":"171","subtitulo":"","orden":"0","portada":"0","idioma":"spa","editorial":[{"ID":147679,"post_author":"3","post_date":"2022-10-14 11:52:25","post_date_gmt":"2022-10-14 09:52:25","post_content":"","post_title":"CRUILLA \/SM-EDICIONS -VALENCIANO\/CATALAN","post_excerpt":"","post_status":"publish","comment_status":"closed","ping_status":"closed","post_password":"","post_name":"cruilla-sm-edicions-valenciano-catalan","to_ping":"","pinged":"","post_modified":"2022-10-14 11:52:25","post_modified_gmt":"2022-10-14 09:52:25","post_content_filtered":"","post_parent":0,"guid":"http:\/\/dev.claret.cat\/editorial\/cruilla-sm-edicions-valenciano-catalan\/","menu_order":0,"post_type":"editorial","post_mime_type":"","comment_count":"0","filter":"raw"}],"autores-libros":[{"ID":153712,"post_author":"3","post_date":"2022-10-14 14:58:56","post_date_gmt":"2022-10-14 12:58:56","post_content":"","post_title":"DAV PILKEY","post_excerpt":"","post_status":"publish","comment_status":"closed","ping_status":"closed","post_password":"","post_name":"dav-pilkey","to_ping":"","pinged":"","post_modified":"2022-10-14 14:58:56","post_modified_gmt":"2022-10-14 12:58:56","post_content_filtered":"","post_parent":0,"guid":"http:\/\/dev.claret.cat\/autor\/dav-pilkey\/","menu_order":0,"post_type":"autor","post_mime_type":"","comment_count":"0","filter":"raw"}],"booktrailer":"","resenas":""},"aioseo_notices":[],"_links":{"self":[{"href":"https:\/\/www.claret.cat\/es\/wp-json\/wp\/v2\/product\/579794","targetHints":{"allow":["GET"]}}],"collection":[{"href":"https:\/\/www.claret.cat\/es\/wp-json\/wp\/v2\/product"}],"about":[{"href":"https:\/\/www.claret.cat\/es\/wp-json\/wp\/v2\/types\/product"}],"wp:featuredmedia":[{"embeddable":true,"href":"https:\/\/www.claret.cat\/es\/wp-json\/wp\/v2\/media\/1074970"}],"wp:attachment":[{"href":"https:\/\/www.claret.cat\/es\/wp-json\/wp\/v2\/media?parent=579794"}],"wp:term":[{"taxonomy":"product_brand","embeddable":true,"href":"https:\/\/www.claret.cat\/es\/wp-json\/wp\/v2\/product_brand?post=579794"},{"taxonomy":"product_cat","embeddable":true,"href":"https:\/\/www.claret.cat\/es\/wp-json\/wp\/v2\/product_cat?post=579794"},{"taxonomy":"product_tag","embeddable":true,"href":"https:\/\/www.claret.cat\/es\/wp-json\/wp\/v2\/product_tag?post=579794"}],"curies":[{"name":"wp","href":"https:\/\/api.w.org\/{rel}","templated":true}]}}