{"id":579921,"date":"2023-08-28T16:41:34","date_gmt":"2023-08-28T14:41:34","guid":{"rendered":"https:\/\/www.claret.cat\/llibre\/sentir-9788425364112\/"},"modified":"2024-04-24T13:37:08","modified_gmt":"2024-04-24T11:37:08","slug":"sentir-9788425364112","status":"publish","type":"product","link":"https:\/\/www.claret.cat\/es\/libro\/sentir-9788425364112\/","title":{"rendered":"SENTIR"},"content":{"rendered":"<p>El libro de M\u00edriam Tirado que nos permitir\u00e1 entender y acoger las propias emociones, pero tambi\u00e9n acompa\u00f1ar las de los dem\u00e1s. La mayor\u00eda de nosotros no hemos recibido ni educaci\u00f3n emocional, ni herramientas o recursos para saber qu\u00e9 hacer con el que sentimos. Aun as\u00ed, nos toca acompa\u00f1ar las emociones de nuestros ni\u00f1os, familiares o amigos. \u00bfC\u00f3mo lo podemos conseguir si ni siquiera sabemos qu\u00e9 hacer con las nuestras?M\u00edriam Tirado, consultora de crianza consciente y periodista especializada en maternidad, paternidad y crianza, nos propone hacer un viaje a trav\u00e9s del sentir para comprender por qu\u00e9 nos cuesta tanto acoger y canalizar de una manera asertiva lo que sentimos, sobre todo aquellas emociones que han quedado bloqueadas dentro nuestro y que necesitan ser liberadas. Cuando aprendamos qu\u00e9 hacer con nuestras emociones, nos ser\u00e1 mucho m\u00e1s f\u00e1cil acompa\u00f1ar las de los otros, ya sean las de nuestros ni\u00f1os, alumnos, pareja, etc. Cuando aprendamos a sentir sin miedo, nos daremos cuenta que no hab\u00eda nada a temer y podremos vivir una vida m\u00e1s llena, feliz y consciente. Un libro entendedor, pr\u00e1ctico y lleno de herramientas y recursos para ayudarte a vivir mejor tus emociones y acompa\u00f1ar tambi\u00e9n las de los otros.<\/p>\n","protected":false},"excerpt":{"rendered":"<p>TIRADO, M\u00cdRIAM<\/p>\n","protected":false},"featured_media":580033,"template":"","meta":{"_acf_changed":false,"om_disable_all_campaigns":false,"rs_blank_template":"","rs_page_bg_color":"","slide_template_v7":"","inline_featured_image":false,"_monsterinsights_skip_tracking":false,"_monsterinsights_sitenote_active":false,"_monsterinsights_sitenote_note":"","_monsterinsights_sitenote_category":0},"product_brand":[],"product_cat":[179,377,376,178],"product_tag":[],"class_list":{"0":"post-579921","1":"product","2":"type-product","3":"status-publish","4":"has-post-thumbnail","6":"product_cat-autoajuda-i-salut-mental","7":"product_cat-autoayuda-y-salud-mental","8":"product_cat-autores-psicologia-2_humanidades","9":"product_cat-autors-psicologia","11":"first","12":"instock","13":"taxable","14":"shipping-taxable","15":"purchasable","16":"product-type-simple"},"acf":{"autor":"TIRADO, M\u00cdRIAM","codart":"842536411","libros-coleccion":"FORA DE COL.LECCI\u00d3","ediciones":"1","encuadernacion":"R\u00fastica","fecha_de_publicacion":"01\/08\/2023","novedad":"1","paginas":"265","subtitulo":"UN VIAJE PARA APRENDER A ACOMPA\u00d1AR TUS EMOCIONES Y LAS DE LOS DEM\u00c1S","orden":"0","portada":"0","idioma":"spa","editorial":[{"ID":148245,"post_author":"3","post_date":"2022-10-14 11:56:45","post_date_gmt":"2022-10-14 09:56:45","post_content":"","post_title":"HARPER COLLINS","post_excerpt":"","post_status":"publish","comment_status":"closed","ping_status":"closed","post_password":"","post_name":"harper-collins","to_ping":"","pinged":"","post_modified":"2022-10-14 11:56:45","post_modified_gmt":"2022-10-14 09:56:45","post_content_filtered":"","post_parent":0,"guid":"http:\/\/dev.claret.cat\/editorial\/harper-collins\/","menu_order":0,"post_type":"editorial","post_mime_type":"","comment_count":"0","filter":"raw"}],"autores-libros":[{"ID":5862,"post_author":"3","post_date":"2022-07-28 17:33:05","post_date_gmt":"2022-07-28 15:33:05","post_content":"","post_title":"M\u00cdRIAM TIRADO","post_excerpt":"","post_status":"publish","comment_status":"closed","ping_status":"closed","post_password":"","post_name":"miriam-tirado","to_ping":"","pinged":"","post_modified":"2022-07-28 17:33:05","post_modified_gmt":"2022-07-28 15:33:05","post_content_filtered":"","post_parent":0,"guid":"http:\/\/dev.claret.cat\/autor\/miriam-tirado\/","menu_order":0,"post_type":"autor","post_mime_type":"","comment_count":"0","filter":"raw"}]},"aioseo_notices":[],"_links":{"self":[{"href":"https:\/\/www.claret.cat\/es\/wp-json\/wp\/v2\/product\/579921","targetHints":{"allow":["GET"]}}],"collection":[{"href":"https:\/\/www.claret.cat\/es\/wp-json\/wp\/v2\/product"}],"about":[{"href":"https:\/\/www.claret.cat\/es\/wp-json\/wp\/v2\/types\/product"}],"wp:featuredmedia":[{"embeddable":true,"href":"https:\/\/www.claret.cat\/es\/wp-json\/wp\/v2\/media\/580033"}],"wp:attachment":[{"href":"https:\/\/www.claret.cat\/es\/wp-json\/wp\/v2\/media?parent=579921"}],"wp:term":[{"taxonomy":"product_brand","embeddable":true,"href":"https:\/\/www.claret.cat\/es\/wp-json\/wp\/v2\/product_brand?post=579921"},{"taxonomy":"product_cat","embeddable":true,"href":"https:\/\/www.claret.cat\/es\/wp-json\/wp\/v2\/product_cat?post=579921"},{"taxonomy":"product_tag","embeddable":true,"href":"https:\/\/www.claret.cat\/es\/wp-json\/wp\/v2\/product_tag?post=579921"}],"curies":[{"name":"wp","href":"https:\/\/api.w.org\/{rel}","templated":true}]}}