{"id":579927,"date":"2023-08-28T16:45:03","date_gmt":"2023-08-28T14:45:03","guid":{"rendered":"https:\/\/www.claret.cat\/llibre\/sentir-9788419259103\/"},"modified":"2024-07-16T11:20:23","modified_gmt":"2024-07-16T09:20:23","slug":"sentir-9788419259103","status":"publish","type":"product","link":"https:\/\/www.claret.cat\/es\/libro\/sentir-9788419259103\/","title":{"rendered":"SENTIR"},"content":{"rendered":"<p>El llibre de M\u00edriam Tirado que ens permetr\u00e0 entendre i acollir les pr\u00f2pies emocions, per\u00f2 tamb\u00e9 acompanyar les dels altres. La majoria de nosaltres no hem rebut ni educaci\u00f3 emocional, ni eines o recursos per saber qu\u00e8 fer amb el que sentim. Tot i aix\u00ed, ens toca acompanyar les emocions dels nostres infants, familiars o amics. Com ho podem aconseguir si ni tan sols sabem qu\u00e8 fer amb les nostres?M\u00edriam Tirado, consultora de crian\u00e7a conscient i periodista especialitzada en maternitat, paternitat i crian\u00e7a, ens proposa fer un viatge a trav\u00e9s del sentir per comprendre per qu\u00e8 ens costa tant acollir i canalitzar d&#8221;una manera assertiva el que sentim, sobretot aquelles emocions que han quedat bloquejades dins nostre i que necessiten ser alliberades. Quan aprenguem qu\u00e8 fer amb les nostres emociones, ens ser\u00e0 molt m\u00e9s f\u00e0cil acompanyar les dels altres, ja siguin les dels nostres infants, alumnes, parella, etc. Quan aprenguem a sentir sense por, ens adonarem que no hi havia res a t\u00e9mer i podrem viure una vida m\u00e9s plena, feli\u00e7 i conscient. Un llibre entenedor, pr\u00e0ctic i ple d&#8221;eines i recursos per ajudar-te a viure millor les teves emocions i acompanyar tamb\u00e9 les dels altres.<\/p>\n","protected":false},"excerpt":{"rendered":"<p>TIRADO, M\u00cdRIAM<\/p>\n","protected":false},"featured_media":580031,"template":"","meta":{"_acf_changed":false,"om_disable_all_campaigns":false,"rs_blank_template":"","rs_page_bg_color":"","slide_template_v7":"","inline_featured_image":false,"_monsterinsights_skip_tracking":false,"_monsterinsights_sitenote_active":false,"_monsterinsights_sitenote_note":"","_monsterinsights_sitenote_category":0},"product_brand":[],"product_cat":[179,377,376,178],"product_tag":[],"class_list":{"0":"post-579927","1":"product","2":"type-product","3":"status-publish","4":"has-post-thumbnail","6":"product_cat-autoajuda-i-salut-mental","7":"product_cat-autoayuda-y-salud-mental","8":"product_cat-autores-psicologia-2_humanidades","9":"product_cat-autors-psicologia","11":"first","12":"instock","13":"taxable","14":"shipping-taxable","15":"purchasable","16":"product-type-simple"},"acf":{"autor":"TIRADO, M\u00cdRIAM","codart":"841925910","libros-coleccion":"FORA DE COL.LECCI\u00d3","ediciones":"1","encuadernacion":"R\u00fastica","fecha_de_publicacion":"01\/08\/2023","novedad":"1","paginas":"262","subtitulo":"UN VIATGE PER APRENDRE A ACOMPANYAR LES TEVES EMOCIONS I LES DELS ALTRES","orden":"0","portada":"0","idioma":"spa","editorial":[{"ID":6350,"post_author":"3","post_date":"2022-07-28 17:50:18","post_date_gmt":"2022-07-28 15:50:18","post_content":"","post_title":"ROSA DELS VENTS","post_excerpt":"","post_status":"publish","comment_status":"closed","ping_status":"closed","post_password":"","post_name":"rosa-dels-vents","to_ping":"","pinged":"","post_modified":"2022-07-28 17:50:18","post_modified_gmt":"2022-07-28 15:50:18","post_content_filtered":"","post_parent":0,"guid":"http:\/\/dev.claret.cat\/editorial\/rosa-dels-vents\/","menu_order":0,"post_type":"editorial","post_mime_type":"","comment_count":"0","filter":"raw"}],"autores-libros":[{"ID":5862,"post_author":"3","post_date":"2022-07-28 17:33:05","post_date_gmt":"2022-07-28 15:33:05","post_content":"","post_title":"M\u00cdRIAM TIRADO","post_excerpt":"","post_status":"publish","comment_status":"closed","ping_status":"closed","post_password":"","post_name":"miriam-tirado","to_ping":"","pinged":"","post_modified":"2022-07-28 17:33:05","post_modified_gmt":"2022-07-28 15:33:05","post_content_filtered":"","post_parent":0,"guid":"http:\/\/dev.claret.cat\/autor\/miriam-tirado\/","menu_order":0,"post_type":"autor","post_mime_type":"","comment_count":"0","filter":"raw"}]},"aioseo_notices":[],"_links":{"self":[{"href":"https:\/\/www.claret.cat\/es\/wp-json\/wp\/v2\/product\/579927","targetHints":{"allow":["GET"]}}],"collection":[{"href":"https:\/\/www.claret.cat\/es\/wp-json\/wp\/v2\/product"}],"about":[{"href":"https:\/\/www.claret.cat\/es\/wp-json\/wp\/v2\/types\/product"}],"wp:featuredmedia":[{"embeddable":true,"href":"https:\/\/www.claret.cat\/es\/wp-json\/wp\/v2\/media\/580031"}],"wp:attachment":[{"href":"https:\/\/www.claret.cat\/es\/wp-json\/wp\/v2\/media?parent=579927"}],"wp:term":[{"taxonomy":"product_brand","embeddable":true,"href":"https:\/\/www.claret.cat\/es\/wp-json\/wp\/v2\/product_brand?post=579927"},{"taxonomy":"product_cat","embeddable":true,"href":"https:\/\/www.claret.cat\/es\/wp-json\/wp\/v2\/product_cat?post=579927"},{"taxonomy":"product_tag","embeddable":true,"href":"https:\/\/www.claret.cat\/es\/wp-json\/wp\/v2\/product_tag?post=579927"}],"curies":[{"name":"wp","href":"https:\/\/api.w.org\/{rel}","templated":true}]}}