{"id":579930,"date":"2023-08-28T16:45:15","date_gmt":"2023-08-28T14:45:15","guid":{"rendered":"https:\/\/www.claret.cat\/llibre\/un-anec-sense-sort-9788491456605\/"},"modified":"2023-10-21T13:35:58","modified_gmt":"2023-10-21T11:35:58","slug":"un-anec-sense-sort-9788491456605","status":"publish","type":"product","link":"https:\/\/www.claret.cat\/es\/libro\/un-anec-sense-sort-9788491456605\/","title":{"rendered":"UN \u00c0NEC SENSE SORT"},"content":{"rendered":"<p>L\u00b4\u00e0nec no t\u00e9 sort i ja n\u00b4ha tingut PROU! <\/p>\n<p> Per\u00f2, qu\u00e8 se suposa que ha de fer un \u00e0nec sense sort? <\/p>\n<p> Potser el Mussol Savi el pot ajudar. <\/p>\n<p> Les seves paraules l\u00b4ajudaran a trobar la sort?<\/p>\n<p> O \u00e9s que l\u00b4ha buscat en llocs erronis?<\/p>\n","protected":false},"excerpt":{"rendered":"<p>MERINO, GEMMA<\/p>\n","protected":false},"featured_media":580008,"template":"","meta":{"_acf_changed":false,"om_disable_all_campaigns":false,"rs_blank_template":"","rs_page_bg_color":"","slide_template_v7":"","inline_featured_image":false,"_monsterinsights_skip_tracking":false,"_monsterinsights_sitenote_active":false,"_monsterinsights_sitenote_note":"","_monsterinsights_sitenote_category":0},"product_brand":[],"product_cat":[132,362],"product_tag":[],"class_list":{"0":"post-579930","1":"product","2":"type-product","3":"status-publish","4":"has-post-thumbnail","6":"product_cat-lectures-per-preadolescents-6-12-anys","7":"product_cat-libros-preadolescentes-6-12-anos","9":"first","10":"instock","11":"taxable","12":"shipping-taxable","13":"purchasable","14":"product-type-simple"},"acf":{"autor":"MERINO, GEMMA","codart":"849145660","libros-coleccion":"PICARONA","ediciones":"1","encuadernacion":"Carton\u00e9","fecha_de_publicacion":"01\/08\/2023","novedad":"1","paginas":"40","subtitulo":"","orden":"0","portada":"0","idioma":"cat","editorial":[{"ID":6329,"post_author":"3","post_date":"2022-07-28 17:49:51","post_date_gmt":"2022-07-28 15:49:51","post_content":"","post_title":"PICARONA","post_excerpt":"","post_status":"publish","comment_status":"closed","ping_status":"closed","post_password":"","post_name":"picarona","to_ping":"","pinged":"","post_modified":"2022-07-28 17:49:51","post_modified_gmt":"2022-07-28 15:49:51","post_content_filtered":"","post_parent":0,"guid":"http:\/\/dev.claret.cat\/editorial\/picarona\/","menu_order":0,"post_type":"editorial","post_mime_type":"","comment_count":"0","filter":"raw"}],"autores-libros":[{"ID":156679,"post_author":"3","post_date":"2022-10-14 15:22:44","post_date_gmt":"2022-10-14 13:22:44","post_content":"","post_title":"GEMMA MERINO","post_excerpt":"","post_status":"publish","comment_status":"closed","ping_status":"closed","post_password":"","post_name":"gemma-merino","to_ping":"","pinged":"","post_modified":"2022-10-14 15:22:44","post_modified_gmt":"2022-10-14 13:22:44","post_content_filtered":"","post_parent":0,"guid":"http:\/\/dev.claret.cat\/autor\/gemma-merino\/","menu_order":0,"post_type":"autor","post_mime_type":"","comment_count":"0","filter":"raw"}]},"aioseo_notices":[],"_links":{"self":[{"href":"https:\/\/www.claret.cat\/es\/wp-json\/wp\/v2\/product\/579930","targetHints":{"allow":["GET"]}}],"collection":[{"href":"https:\/\/www.claret.cat\/es\/wp-json\/wp\/v2\/product"}],"about":[{"href":"https:\/\/www.claret.cat\/es\/wp-json\/wp\/v2\/types\/product"}],"wp:featuredmedia":[{"embeddable":true,"href":"https:\/\/www.claret.cat\/es\/wp-json\/wp\/v2\/media\/580008"}],"wp:attachment":[{"href":"https:\/\/www.claret.cat\/es\/wp-json\/wp\/v2\/media?parent=579930"}],"wp:term":[{"taxonomy":"product_brand","embeddable":true,"href":"https:\/\/www.claret.cat\/es\/wp-json\/wp\/v2\/product_brand?post=579930"},{"taxonomy":"product_cat","embeddable":true,"href":"https:\/\/www.claret.cat\/es\/wp-json\/wp\/v2\/product_cat?post=579930"},{"taxonomy":"product_tag","embeddable":true,"href":"https:\/\/www.claret.cat\/es\/wp-json\/wp\/v2\/product_tag?post=579930"}],"curies":[{"name":"wp","href":"https:\/\/api.w.org\/{rel}","templated":true}]}}