{"id":579971,"date":"2023-08-28T17:01:17","date_gmt":"2023-08-28T15:01:17","guid":{"rendered":"https:\/\/www.claret.cat\/llibre\/aprendre-a-llegir-a-lescola-de-monstres-12-una-idea-sobre-rodes-9788419421685\/"},"modified":"2026-04-25T10:25:17","modified_gmt":"2026-04-25T08:25:17","slug":"aprendre-a-llegir-a-lescola-de-monstres-12-una-idea-sobre-rodes-9788419421685","status":"publish","type":"product","link":"https:\/\/www.claret.cat\/es\/libro\/aprendre-a-llegir-a-lescola-de-monstres-12-una-idea-sobre-rodes-9788419421685\/","title":{"rendered":"APRENDRE A LLEGIR A L&#8217;ESCOLA DE MONSTRES 12 &#8211; UNA IDEA SOBRE RODES"},"content":{"rendered":"<p>APR\u00c8N A LLEGIR A L&#8221;ESCOLA DE MONSTRES! A la Gemma li agrada jugar a amagar-se, per\u00f2 amb les seves rodes no sap on ficar-se. I si t\u00e9 una idea genial per amagar-se a un lloc molt especial? L&#8221;Escola de Monstres \u00e9s la s\u00e8rie m\u00e9s divertida per aprendre a llegir: &#8211; Lletra maj\u00fascula- Frases rimades &#8211; Vocabulari senzill &#8211; Il\u00b7lustracions a tot color &#8211; Protagonistes genials: una classe de monstres! Els nens i les nenes guanyaran confian\u00e7a per gaudir de la lectura i practicaran nou vocabulari a les activitats de cada llibre.<\/p>\n","protected":false},"excerpt":{"rendered":"<p>RIPPIN, SALLY<\/p>\n","protected":false},"featured_media":579972,"template":"","meta":{"_acf_changed":false,"om_disable_all_campaigns":false,"rs_blank_template":"","rs_page_bg_color":"","slide_template_v7":"","inline_featured_image":false,"_monsterinsights_skip_tracking":false,"_monsterinsights_sitenote_active":false,"_monsterinsights_sitenote_note":"","_monsterinsights_sitenote_category":0},"product_brand":[],"product_cat":[132,362],"product_tag":[],"class_list":{"0":"post-579971","1":"product","2":"type-product","3":"status-publish","4":"has-post-thumbnail","6":"product_cat-lectures-per-preadolescents-6-12-anys","7":"product_cat-libros-preadolescentes-6-12-anos","9":"first","10":"instock","11":"taxable","12":"shipping-taxable","13":"purchasable","14":"product-type-simple"},"acf":{"autor":"RIPPIN, SALLY","codart":"841942168","libros-coleccion":"","ediciones":"1","encuadernacion":"R\u00fastica","fecha_de_publicacion":"01\/08\/2023","novedad":"1","paginas":"39","subtitulo":"AMB LLETRA MAJ\u00daSCULA (LLIBRES PER A NENS A PARTIR DE 5 ANYS)","orden":"0","portada":"0","idioma":"cat","editorial":[{"ID":6310,"post_author":"3","post_date":"2022-07-28 17:49:26","post_date_gmt":"2022-07-28 15:49:26","post_content":"","post_title":"MONTENA","post_excerpt":"","post_status":"publish","comment_status":"closed","ping_status":"closed","post_password":"","post_name":"montena","to_ping":"","pinged":"","post_modified":"2022-07-28 17:49:26","post_modified_gmt":"2022-07-28 15:49:26","post_content_filtered":"","post_parent":0,"guid":"http:\/\/dev.claret.cat\/editorial\/montena\/","menu_order":0,"post_type":"editorial","post_mime_type":"","comment_count":"0","filter":"raw"}],"autores-libros":[{"ID":168816,"post_author":"3","post_date":"2022-10-14 22:22:11","post_date_gmt":"2022-10-14 20:22:11","post_content":"","post_title":"SALLY RIPPIN","post_excerpt":"","post_status":"publish","comment_status":"closed","ping_status":"closed","post_password":"","post_name":"sally-rippin","to_ping":"","pinged":"","post_modified":"2022-10-14 22:22:11","post_modified_gmt":"2022-10-14 20:22:11","post_content_filtered":"","post_parent":0,"guid":"http:\/\/dev.claret.cat\/autor\/sally-rippin\/","menu_order":0,"post_type":"autor","post_mime_type":"","comment_count":"0","filter":"raw"}],"booktrailer":"","resenas":""},"aioseo_notices":[],"_links":{"self":[{"href":"https:\/\/www.claret.cat\/es\/wp-json\/wp\/v2\/product\/579971","targetHints":{"allow":["GET"]}}],"collection":[{"href":"https:\/\/www.claret.cat\/es\/wp-json\/wp\/v2\/product"}],"about":[{"href":"https:\/\/www.claret.cat\/es\/wp-json\/wp\/v2\/types\/product"}],"wp:featuredmedia":[{"embeddable":true,"href":"https:\/\/www.claret.cat\/es\/wp-json\/wp\/v2\/media\/579972"}],"wp:attachment":[{"href":"https:\/\/www.claret.cat\/es\/wp-json\/wp\/v2\/media?parent=579971"}],"wp:term":[{"taxonomy":"product_brand","embeddable":true,"href":"https:\/\/www.claret.cat\/es\/wp-json\/wp\/v2\/product_brand?post=579971"},{"taxonomy":"product_cat","embeddable":true,"href":"https:\/\/www.claret.cat\/es\/wp-json\/wp\/v2\/product_cat?post=579971"},{"taxonomy":"product_tag","embeddable":true,"href":"https:\/\/www.claret.cat\/es\/wp-json\/wp\/v2\/product_tag?post=579971"}],"curies":[{"name":"wp","href":"https:\/\/api.w.org\/{rel}","templated":true}]}}