{"id":579996,"date":"2023-08-28T17:25:16","date_gmt":"2023-08-28T15:25:16","guid":{"rendered":"https:\/\/www.claret.cat\/llibre\/aprender-a-leer-en-la-escuela-de-monstruos-12-una-idea-sobre-ruedas-9788419421661\/"},"modified":"2026-03-23T13:05:43","modified_gmt":"2026-03-23T12:05:43","slug":"aprender-a-leer-en-la-escuela-de-monstruos-12-una-idea-sobre-ruedas-9788419421661","status":"publish","type":"product","link":"https:\/\/www.claret.cat\/es\/libro\/aprender-a-leer-en-la-escuela-de-monstruos-12-una-idea-sobre-ruedas-9788419421661\/","title":{"rendered":"APRENDER A LEER EN LA ESCUELA DE MONSTRUOS 12 &#8211; UNA IDEA SOBRE RUEDAS"},"content":{"rendered":"<p>APRENDE A LEER EN LA ESCUELA DE MONSTRUOS  BIENVENIDOS A LA ESCUELA DE MONSTRUOS, LA M\u00c1S APESTOSA Y DIVERTIDA QUE EXISTE A Gema le encanta jugar a esconderse, pero con sus ruedas no sabe d\u00f3nde y siempre la encuentran. \u00bfTendr\u00e1 una idea genial para esconderse en un sitio muy especial? Una escuela en la que aprenderemos a leer de forma sencilla y divertida.- Letra may\u00fascula &#8211; Frases rimadas &#8211; Ilustraciones a todo color &#8211; \u00a1Y una historia de lo m\u00e1s divertida protagonizada por un grupo de monstruos! Con letra may\u00fascula y texto rimado, \u00a1aprender a leer est\u00e1 asegurado!ENGLISH DESCRIPTION LEARN TO READ AT THE SCHOOL OF MONSTERS WELCOME TO THE SCHOOL OF MONSTER, THE MOST STINKY, THE SILLIEST, AND FUNNIEST SCHOOL THERE IS.Gema loves to play hide-and-seek, but with her wheels she doesn&#8221;t know where to hide and they always find her. Will she have a great idea to hide in a very special place? This is a school where we will learn to read in a simple and fun way: &#8211; Capital letters &#8211; Rhyming phrases &#8211; Full color illustrations- And the funniest story starring a group of monsters! With capital letters and rhyming text, learning to read is a breeze!<\/p>\n","protected":false},"excerpt":{"rendered":"<p>RIPPIN, SALLY<\/p>\n","protected":false},"featured_media":678118,"template":"","meta":{"_acf_changed":false,"om_disable_all_campaigns":false,"rs_blank_template":"","rs_page_bg_color":"","slide_template_v7":"","inline_featured_image":false,"_monsterinsights_skip_tracking":false,"_monsterinsights_sitenote_active":false,"_monsterinsights_sitenote_note":"","_monsterinsights_sitenote_category":0},"product_brand":[],"product_cat":[132,362],"product_tag":[],"class_list":{"0":"post-579996","1":"product","2":"type-product","3":"status-publish","4":"has-post-thumbnail","6":"product_cat-lectures-per-preadolescents-6-12-anys","7":"product_cat-libros-preadolescentes-6-12-anos","9":"first","10":"instock","11":"taxable","12":"shipping-taxable","13":"purchasable","14":"product-type-simple"},"acf":{"autor":"RIPPIN, SALLY","codart":"841942166","libros-coleccion":"Montena","ediciones":"1","encuadernacion":"R\u00fastica","fecha_de_publicacion":"01\/08\/2023","novedad":"1","paginas":"39","subtitulo":"EN LETRA MAY\u00daSCULA PARA APRENDER A LEER (LIBROS PARA NI\u00d1OS A PARTIR DE 5 A\u00d1OS)","orden":"0","portada":"0","idioma":"spa","editorial":[{"ID":6310,"post_author":"3","post_date":"2022-07-28 17:49:26","post_date_gmt":"2022-07-28 15:49:26","post_content":"","post_title":"MONTENA","post_excerpt":"","post_status":"publish","comment_status":"closed","ping_status":"closed","post_password":"","post_name":"montena","to_ping":"","pinged":"","post_modified":"2022-07-28 17:49:26","post_modified_gmt":"2022-07-28 15:49:26","post_content_filtered":"","post_parent":0,"guid":"http:\/\/dev.claret.cat\/editorial\/montena\/","menu_order":0,"post_type":"editorial","post_mime_type":"","comment_count":"0","filter":"raw"}],"autores-libros":[{"ID":168816,"post_author":"3","post_date":"2022-10-14 22:22:11","post_date_gmt":"2022-10-14 20:22:11","post_content":"","post_title":"SALLY RIPPIN","post_excerpt":"","post_status":"publish","comment_status":"closed","ping_status":"closed","post_password":"","post_name":"sally-rippin","to_ping":"","pinged":"","post_modified":"2022-10-14 22:22:11","post_modified_gmt":"2022-10-14 20:22:11","post_content_filtered":"","post_parent":0,"guid":"http:\/\/dev.claret.cat\/autor\/sally-rippin\/","menu_order":0,"post_type":"autor","post_mime_type":"","comment_count":"0","filter":"raw"}],"booktrailer":"","resenas":""},"aioseo_notices":[],"_links":{"self":[{"href":"https:\/\/www.claret.cat\/es\/wp-json\/wp\/v2\/product\/579996","targetHints":{"allow":["GET"]}}],"collection":[{"href":"https:\/\/www.claret.cat\/es\/wp-json\/wp\/v2\/product"}],"about":[{"href":"https:\/\/www.claret.cat\/es\/wp-json\/wp\/v2\/types\/product"}],"wp:featuredmedia":[{"embeddable":true,"href":"https:\/\/www.claret.cat\/es\/wp-json\/wp\/v2\/media\/678118"}],"wp:attachment":[{"href":"https:\/\/www.claret.cat\/es\/wp-json\/wp\/v2\/media?parent=579996"}],"wp:term":[{"taxonomy":"product_brand","embeddable":true,"href":"https:\/\/www.claret.cat\/es\/wp-json\/wp\/v2\/product_brand?post=579996"},{"taxonomy":"product_cat","embeddable":true,"href":"https:\/\/www.claret.cat\/es\/wp-json\/wp\/v2\/product_cat?post=579996"},{"taxonomy":"product_tag","embeddable":true,"href":"https:\/\/www.claret.cat\/es\/wp-json\/wp\/v2\/product_tag?post=579996"}],"curies":[{"name":"wp","href":"https:\/\/api.w.org\/{rel}","templated":true}]}}