{"id":580076,"date":"2023-08-29T13:10:22","date_gmt":"2023-08-29T11:10:22","guid":{"rendered":"https:\/\/www.claret.cat\/llibre\/a-la-dues-seran-les-tres-9788477276791\/"},"modified":"2026-03-23T13:18:39","modified_gmt":"2026-03-23T12:18:39","slug":"a-la-dues-seran-les-tres-9788477276791","status":"publish","type":"product","link":"https:\/\/www.claret.cat\/es\/libro\/a-la-dues-seran-les-tres-9788477276791\/","title":{"rendered":"A LA DUES SERAN LES TRES"},"content":{"rendered":"<p><span>Als contes d\u2019A les dues seran les tres, la mem\u00f2ria passa a ser la revisi\u00f3 de l\u2019experi\u00e8ncia, la cr\u00f2nica en comprom\u00eds amb el passat i la fantasia en un joc que, en funci\u00f3 de l\u2019estat d\u2019\u00e0nim, pertorba, il\u00b7lumina o reconforta. Fets hist\u00f2rics o an\u00e8cdotes deliberadament personals es confabulen en favor de la narraci\u00f3, sempre persuasiva i eloq\u00fcent, en qu\u00e8 Sergi P\u00e0mies, Fidel a un estil i a una veu inconfusibles, aprofundeix en el domini la digressi\u00f3 i de la tendresa, aix\u00ed com en l\u2019equilibri entre la ironia i la perspic\u00e0cia. Tot al servei d\u2019una visi\u00f3, resignadament incerta, sobre el pas ja sigui endavant o enrere dels anys.<\/span><\/p>\n","protected":false},"excerpt":{"rendered":"<p>P\u00c0MIES, SERGI<\/p>\n","protected":false},"featured_media":580077,"template":"","meta":{"_acf_changed":false,"om_disable_all_campaigns":false,"rs_blank_template":"","rs_page_bg_color":"","slide_template_v7":"","inline_featured_image":false,"_monsterinsights_skip_tracking":false,"_monsterinsights_sitenote_active":false,"_monsterinsights_sitenote_note":"","_monsterinsights_sitenote_category":0},"product_brand":[],"product_cat":[127,357],"product_tag":[],"class_list":{"0":"post-580076","1":"product","2":"type-product","3":"status-publish","4":"has-post-thumbnail","6":"product_cat-novella-contemporania","7":"product_cat-novela-contemporanea","9":"first","10":"instock","11":"taxable","12":"shipping-taxable","13":"purchasable","14":"product-type-simple"},"acf":{"autor":"P\u00c0MIES, SERGI","codart":"847727679","libros-coleccion":"M\u00ednima Minor","ediciones":"1","encuadernacion":"R\u00fastica","fecha_de_publicacion":"30\/08\/2023","novedad":"1","paginas":"144","subtitulo":"","orden":"0","portada":"1","idioma":"cat","editorial":[{"ID":6342,"post_author":"3","post_date":"2022-07-28 17:50:08","post_date_gmt":"2022-07-28 15:50:08","post_content":"","post_title":"QUADERNS CREMA","post_excerpt":"","post_status":"publish","comment_status":"closed","ping_status":"closed","post_password":"","post_name":"quaderns-crema","to_ping":"","pinged":"","post_modified":"2022-07-28 17:50:08","post_modified_gmt":"2022-07-28 15:50:08","post_content_filtered":"","post_parent":0,"guid":"http:\/\/dev.claret.cat\/editorial\/quaderns-crema\/","menu_order":0,"post_type":"editorial","post_mime_type":"","comment_count":"0","filter":"raw"}],"autores-libros":[{"ID":169319,"post_author":"3","post_date":"2022-10-14 22:26:16","post_date_gmt":"2022-10-14 20:26:16","post_content":"","post_title":"SERGI P\u00c0MIES","post_excerpt":"","post_status":"publish","comment_status":"closed","ping_status":"closed","post_password":"","post_name":"sergi-pamies","to_ping":"","pinged":"","post_modified":"2022-10-14 22:26:16","post_modified_gmt":"2022-10-14 20:26:16","post_content_filtered":"","post_parent":0,"guid":"http:\/\/dev.claret.cat\/autor\/sergi-pamies\/","menu_order":0,"post_type":"autor","post_mime_type":"","comment_count":"0","filter":"raw"}],"booktrailer":"","resenas":""},"aioseo_notices":[],"_links":{"self":[{"href":"https:\/\/www.claret.cat\/es\/wp-json\/wp\/v2\/product\/580076","targetHints":{"allow":["GET"]}}],"collection":[{"href":"https:\/\/www.claret.cat\/es\/wp-json\/wp\/v2\/product"}],"about":[{"href":"https:\/\/www.claret.cat\/es\/wp-json\/wp\/v2\/types\/product"}],"wp:featuredmedia":[{"embeddable":true,"href":"https:\/\/www.claret.cat\/es\/wp-json\/wp\/v2\/media\/580077"}],"wp:attachment":[{"href":"https:\/\/www.claret.cat\/es\/wp-json\/wp\/v2\/media?parent=580076"}],"wp:term":[{"taxonomy":"product_brand","embeddable":true,"href":"https:\/\/www.claret.cat\/es\/wp-json\/wp\/v2\/product_brand?post=580076"},{"taxonomy":"product_cat","embeddable":true,"href":"https:\/\/www.claret.cat\/es\/wp-json\/wp\/v2\/product_cat?post=580076"},{"taxonomy":"product_tag","embeddable":true,"href":"https:\/\/www.claret.cat\/es\/wp-json\/wp\/v2\/product_tag?post=580076"}],"curies":[{"name":"wp","href":"https:\/\/api.w.org\/{rel}","templated":true}]}}