{"id":580172,"date":"2023-08-29T17:20:16","date_gmt":"2023-08-29T15:20:16","guid":{"rendered":"https:\/\/www.claret.cat\/llibre\/el-club-de-los-lectores-criminales-15-9788408264118\/"},"modified":"2023-10-11T01:14:01","modified_gmt":"2023-10-10T23:14:01","slug":"el-club-de-los-lectores-criminales-15-9788408264118","status":"publish","type":"product","link":"https:\/\/www.claret.cat\/es\/libro\/el-club-de-los-lectores-criminales-15-9788408264118\/","title":{"rendered":"EL CLUB DE LOS LECTORES CRIMINALES (+15)"},"content":{"rendered":"<p>La novela en la que se basa la pel\u00edcula de Netflix.<br \/> Cuando A\u00b4ngela acepto\u00b4 participar en el club de lectura de novelas de Stephen King, no imaginaba que su vida dari\u00b4a un vuelco terrori\u00b4fico. Enredados en una tra\u00b4gica muerte en plena Universidad Complutense de Madrid, todos los participantes del club debera\u00b4n enfrentarse a sus ma\u00b4s profundos secretos y a la peor de las amenazas: cualquiera de ellos puede morir en la siguiente pa\u00b4gina, y cualquiera de ellos puede ser el asesino.<\/p>\n","protected":false},"excerpt":{"rendered":"<p>GARC\u00cdA MIRANDA, CARLOS<\/p>\n","protected":false},"featured_media":580173,"template":"","meta":{"_acf_changed":false,"om_disable_all_campaigns":false,"rs_blank_template":"","rs_page_bg_color":"","slide_template_v7":"","inline_featured_image":false,"_monsterinsights_skip_tracking":false,"_monsterinsights_sitenote_active":false,"_monsterinsights_sitenote_note":"","_monsterinsights_sitenote_category":0},"product_brand":[],"product_cat":[90,540],"product_tag":[],"class_list":{"0":"post-580172","1":"product","2":"type-product","3":"status-publish","4":"has-post-thumbnail","6":"product_cat-altres","7":"product_cat-otros","9":"first","10":"instock","11":"taxable","12":"shipping-taxable","13":"purchasable","14":"product-type-simple"},"acf":{"autor":"GARC\u00cdA MIRANDA, CARLOS","codart":"840826411","libros-coleccion":"Ficci\u00f3n","ediciones":"1","encuadernacion":"R\u00fastica","fecha_de_publicacion":"01\/08\/2023","novedad":"1","paginas":"331","subtitulo":"","orden":"0","portada":"0","idioma":"spa","editorial":[{"ID":6233,"post_author":"3","post_date":"2022-07-28 17:47:48","post_date_gmt":"2022-07-28 15:47:48","post_content":"","post_title":"EDITORIAL PLANETA","post_excerpt":"","post_status":"publish","comment_status":"closed","ping_status":"closed","post_password":"","post_name":"editorial-planeta","to_ping":"","pinged":"","post_modified":"2022-07-28 17:47:48","post_modified_gmt":"2022-07-28 15:47:48","post_content_filtered":"","post_parent":0,"guid":"http:\/\/dev.claret.cat\/editorial\/editorial-planeta\/","menu_order":0,"post_type":"editorial","post_mime_type":"","comment_count":"0","filter":"raw"}],"autores-libros":[{"ID":152257,"post_author":"3","post_date":"2022-10-14 14:47:20","post_date_gmt":"2022-10-14 12:47:20","post_content":"","post_title":"CARLOS GARCIA MIRANDA","post_excerpt":"","post_status":"publish","comment_status":"closed","ping_status":"closed","post_password":"","post_name":"carlos-garcia-miranda","to_ping":"","pinged":"","post_modified":"2022-10-14 14:47:20","post_modified_gmt":"2022-10-14 12:47:20","post_content_filtered":"","post_parent":0,"guid":"http:\/\/dev.claret.cat\/autor\/carlos-garcia-miranda\/","menu_order":0,"post_type":"autor","post_mime_type":"","comment_count":"0","filter":"raw"}]},"aioseo_notices":[],"_links":{"self":[{"href":"https:\/\/www.claret.cat\/es\/wp-json\/wp\/v2\/product\/580172","targetHints":{"allow":["GET"]}}],"collection":[{"href":"https:\/\/www.claret.cat\/es\/wp-json\/wp\/v2\/product"}],"about":[{"href":"https:\/\/www.claret.cat\/es\/wp-json\/wp\/v2\/types\/product"}],"wp:featuredmedia":[{"embeddable":true,"href":"https:\/\/www.claret.cat\/es\/wp-json\/wp\/v2\/media\/580173"}],"wp:attachment":[{"href":"https:\/\/www.claret.cat\/es\/wp-json\/wp\/v2\/media?parent=580172"}],"wp:term":[{"taxonomy":"product_brand","embeddable":true,"href":"https:\/\/www.claret.cat\/es\/wp-json\/wp\/v2\/product_brand?post=580172"},{"taxonomy":"product_cat","embeddable":true,"href":"https:\/\/www.claret.cat\/es\/wp-json\/wp\/v2\/product_cat?post=580172"},{"taxonomy":"product_tag","embeddable":true,"href":"https:\/\/www.claret.cat\/es\/wp-json\/wp\/v2\/product_tag?post=580172"}],"curies":[{"name":"wp","href":"https:\/\/api.w.org\/{rel}","templated":true}]}}