{"id":580229,"date":"2023-08-29T17:35:36","date_gmt":"2023-08-29T15:35:36","guid":{"rendered":"https:\/\/www.claret.cat\/llibre\/la-guia-completa-de-absolutamente-todo-9788449341342\/"},"modified":"2023-10-11T01:13:26","modified_gmt":"2023-10-10T23:13:26","slug":"la-guia-completa-de-absolutamente-todo-9788449341342","status":"publish","type":"product","link":"https:\/\/www.claret.cat\/es\/libro\/la-guia-completa-de-absolutamente-todo-9788449341342\/","title":{"rendered":"LA GU\u00cdA COMPLETA DE ABSOLUTAMENTE TODO"},"content":{"rendered":"<p>Con ingenio y humor, La gu\u00eda completa de absolutamente todo narra la historia de la ciencia que ha creado la suma total del conocimiento humano. Hannah Fry y Adam Rutherford colaboran en esta obra para demostrar que la realidad no es lo que parece, que el sentido com\u00fan no es ni com\u00fan ni sensato y que nuestras mentes han evolucionado para mentirnos todo el tiempo.La historia completa del universo y de absolutamente todo lo que hay en \u00e9l (menos las partes aburridas).\u00a0<br \/> A pesar de nuestras ingeniosas habilidades ling\u00fc\u00edsticas, es incre\u00edble lo mal que los humanos estamos equipados para comprender lo que ocurre en el universo. El genetista Adam Rutherford y la matem\u00e1tica Hannah Fry nos gu\u00edan a trav\u00e9s del tiempo y el espacio, desde los inicios de la vida en la Tierra hasta los maravillosos alien\u00edgenas de otras galaxias, desde las profundidades m\u00e1s oscuras del infinito hasta los recovecos m\u00e1s brillantes de nuestras mentes, y nos muestran c\u00f3mo las emociones moldean nuestra visi\u00f3n de la realidad, c\u00f3mo nuestras mentes nos enga\u00f1an y por qu\u00e9 un curioso simio semicalvo decidi\u00f3 empezar a hurgar en el tejido del universo.\u00a0<br \/> Rutherford y Fry se lucen como detectives de la ciencia y ofrecen respuestas a algunas preguntas que son verdaderos quebraderos de cabeza:\u00a0<br \/> \u00bfQu\u00e9 es el tiempo y de d\u00f3nde viene?<br \/>\u00bfPor qu\u00e9 los animales tienen el tama\u00f1o y la forma que tienen?<br \/>\u00bfC\u00f3mo funcionan los hor\u00f3scopos? (Spoiler: no funcionan, aunque creas que s\u00ed.)<br \/>\u00bfMe quiere mi perro?<br \/>\u00bfPor qu\u00e9 nada es realmente redondo?<br \/>\u00bfNecesitas los ojos para ver?\u00a0<br \/> Rigurosa y l\u00fadica a la vez, La gu\u00eda completa de absolutamente todo es una celebraci\u00f3n de la rareza del cosmos, de la extra\u00f1eza de los humanos y de las alegr\u00edas y locuras de los avances cient\u00edficos en la que descubriremos c\u00f3mo hemos llegado a superar las mentiras que nos cuenta nuestro cerebro y a percibir la verdadera naturaleza de la realidad.<\/p>\n","protected":false},"excerpt":{"rendered":"<p>FRY, HANNAH \/ RUTHERFORD, ADAM<\/p>\n","protected":false},"featured_media":580295,"template":"","meta":{"_acf_changed":false,"om_disable_all_campaigns":false,"rs_blank_template":"","rs_page_bg_color":"","slide_template_v7":"","inline_featured_image":false,"_monsterinsights_skip_tracking":false,"_monsterinsights_sitenote_active":false,"_monsterinsights_sitenote_note":"","_monsterinsights_sitenote_category":0},"product_brand":[],"product_cat":[104,554],"product_tag":[],"class_list":{"0":"post-580229","1":"product","2":"type-product","3":"status-publish","4":"has-post-thumbnail","6":"product_cat-ciencia","7":"product_cat-ciencia-5_otras-spa","9":"first","10":"instock","11":"taxable","12":"shipping-taxable","13":"purchasable","14":"product-type-simple"},"acf":{"autor":"FRY, HANNAH \/ RUTHERFORD, ADAM","codart":"844934134","libros-coleccion":"Contextos","ediciones":"1","encuadernacion":"R\u00fastica","fecha_de_publicacion":"01\/08\/2023","novedad":"1","paginas":"301","subtitulo":"(VERSI\u00d3N ABREVIADA)","orden":"0","portada":"0","idioma":"spa","editorial":[{"ID":6206,"post_author":"3","post_date":"2022-07-28 17:47:08","post_date_gmt":"2022-07-28 15:47:08","post_content":"","post_title":"Ediciones Paid\u00f3s","post_excerpt":"","post_status":"publish","comment_status":"closed","ping_status":"closed","post_password":"","post_name":"ediciones-paidos","to_ping":"","pinged":"","post_modified":"2022-07-28 17:47:08","post_modified_gmt":"2022-07-28 15:47:08","post_content_filtered":"","post_parent":0,"guid":"http:\/\/dev.claret.cat\/editorial\/ediciones-paidos\/","menu_order":0,"post_type":"editorial","post_mime_type":"","comment_count":"0","filter":"raw"}],"autores-libros":[{"ID":157340,"post_author":"3","post_date":"2022-10-14 15:28:03","post_date_gmt":"2022-10-14 13:28:03","post_content":"","post_title":"HANNAH FRY","post_excerpt":"","post_status":"publish","comment_status":"closed","ping_status":"closed","post_password":"","post_name":"hannah-fry","to_ping":"","pinged":"","post_modified":"2022-10-14 15:28:03","post_modified_gmt":"2022-10-14 13:28:03","post_content_filtered":"","post_parent":0,"guid":"http:\/\/dev.claret.cat\/autor\/hannah-fry\/","menu_order":0,"post_type":"autor","post_mime_type":"","comment_count":"0","filter":"raw"},{"ID":580288,"post_author":"3","post_date":"2023-08-29 17:55:20","post_date_gmt":"2023-08-29 15:55:20","post_content":"","post_title":"ADAM RUTHERFORD","post_excerpt":"","post_status":"publish","comment_status":"closed","ping_status":"closed","post_password":"","post_name":"adam-rutherford-2","to_ping":"","pinged":"","post_modified":"2023-08-29 17:55:20","post_modified_gmt":"2023-08-29 15:55:20","post_content_filtered":"","post_parent":0,"guid":"https:\/\/www.claret.cat\/autor\/adam-rutherford-2\/","menu_order":0,"post_type":"autor","post_mime_type":"","comment_count":"0","filter":"raw"}]},"aioseo_notices":[],"_links":{"self":[{"href":"https:\/\/www.claret.cat\/es\/wp-json\/wp\/v2\/product\/580229","targetHints":{"allow":["GET"]}}],"collection":[{"href":"https:\/\/www.claret.cat\/es\/wp-json\/wp\/v2\/product"}],"about":[{"href":"https:\/\/www.claret.cat\/es\/wp-json\/wp\/v2\/types\/product"}],"wp:featuredmedia":[{"embeddable":true,"href":"https:\/\/www.claret.cat\/es\/wp-json\/wp\/v2\/media\/580295"}],"wp:attachment":[{"href":"https:\/\/www.claret.cat\/es\/wp-json\/wp\/v2\/media?parent=580229"}],"wp:term":[{"taxonomy":"product_brand","embeddable":true,"href":"https:\/\/www.claret.cat\/es\/wp-json\/wp\/v2\/product_brand?post=580229"},{"taxonomy":"product_cat","embeddable":true,"href":"https:\/\/www.claret.cat\/es\/wp-json\/wp\/v2\/product_cat?post=580229"},{"taxonomy":"product_tag","embeddable":true,"href":"https:\/\/www.claret.cat\/es\/wp-json\/wp\/v2\/product_tag?post=580229"}],"curies":[{"name":"wp","href":"https:\/\/api.w.org\/{rel}","templated":true}]}}