{"id":580248,"date":"2023-08-29T17:40:42","date_gmt":"2023-08-29T15:40:42","guid":{"rendered":"https:\/\/www.claret.cat\/llibre\/el-club-arcoiris-4-el-reto-de-nieves-9788408275459\/"},"modified":"2023-10-11T01:13:14","modified_gmt":"2023-10-10T23:13:14","slug":"el-club-arcoiris-4-el-reto-de-nieves-9788408275459","status":"publish","type":"product","link":"https:\/\/www.claret.cat\/es\/libro\/el-club-arcoiris-4-el-reto-de-nieves-9788408275459\/","title":{"rendered":"EL CLUB ARCO\u00cdRIS 4. EL RETO DE NIEVES"},"content":{"rendered":"<p>Aprende a leer a solas en una nueva aventura en LETRAS MAY\u00daSCULAS del Club Arco\u00edris.Iris, Eola y Trona reciben a Nieves con mucha ilusi\u00f3n. \u00bfQu\u00e9 misi\u00f3n tendr\u00e1n que resolver ahora? En su visita a la tienda de animales, descubrir\u00e1n que hay una serpiente creando problemas\u2026<br \/> \u00a1\u00danete a las ninfas del Club Arco\u00edris y aprende a leer a solas con sus aventuras!<br \/> &#8211; Adaptaci\u00f3n de la serie original en letra may\u00fascula para lectores que ya leen solos Las Fantasticotas pero que todav\u00eda no est\u00e1n preparados para leer Anna Kadabra.<br \/> &#8211; Reducci\u00f3n de texto para incentivar la lectura \u00e1gil.<br \/> &#8211; Historias con principio y final que presentan a cada ninfa del Club.<br \/> &#8211; Ideal para ni\u00f1os entre 6 y 7 a\u00f1os.<\/p>\n","protected":false},"excerpt":{"rendered":"<p>GAL\u00c1N, ANA<\/p>\n","protected":false},"featured_media":580369,"template":"","meta":{"_acf_changed":false,"om_disable_all_campaigns":false,"rs_blank_template":"","rs_page_bg_color":"","slide_template_v7":"","inline_featured_image":false,"_monsterinsights_skip_tracking":false,"_monsterinsights_sitenote_active":false,"_monsterinsights_sitenote_note":"","_monsterinsights_sitenote_category":0},"product_brand":[],"product_cat":[131,361],"product_tag":[],"class_list":{"0":"post-580248","1":"product","2":"type-product","3":"status-publish","4":"has-post-thumbnail","6":"product_cat-contes-per-infants-0-6-anys","7":"product_cat-cuentos-para-ninos-0-6-anos","9":"first","10":"instock","11":"taxable","12":"shipping-taxable","13":"purchasable","14":"product-type-simple"},"acf":{"autor":"GAL\u00c1N, ANA","codart":"840827545","libros-coleccion":"FORA DE COL.LECCI\u00d3","ediciones":"1","encuadernacion":"R\u00fastica","fecha_de_publicacion":"01\/08\/2023","novedad":"1","paginas":"61","subtitulo":"","orden":"0","portada":"0","idioma":"spa","editorial":[{"ID":6233,"post_author":"3","post_date":"2022-07-28 17:47:48","post_date_gmt":"2022-07-28 15:47:48","post_content":"","post_title":"EDITORIAL PLANETA","post_excerpt":"","post_status":"publish","comment_status":"closed","ping_status":"closed","post_password":"","post_name":"editorial-planeta","to_ping":"","pinged":"","post_modified":"2022-07-28 17:47:48","post_modified_gmt":"2022-07-28 15:47:48","post_content_filtered":"","post_parent":0,"guid":"http:\/\/dev.claret.cat\/editorial\/editorial-planeta\/","menu_order":0,"post_type":"editorial","post_mime_type":"","comment_count":"0","filter":"raw"}],"autores-libros":[{"ID":150071,"post_author":"3","post_date":"2022-10-14 14:29:59","post_date_gmt":"2022-10-14 12:29:59","post_content":"","post_title":"ANA GALAN","post_excerpt":"","post_status":"publish","comment_status":"closed","ping_status":"closed","post_password":"","post_name":"ana-galan","to_ping":"","pinged":"","post_modified":"2022-10-14 14:29:59","post_modified_gmt":"2022-10-14 12:29:59","post_content_filtered":"","post_parent":0,"guid":"http:\/\/dev.claret.cat\/autor\/ana-galan\/","menu_order":0,"post_type":"autor","post_mime_type":"","comment_count":"0","filter":"raw"}]},"aioseo_notices":[],"_links":{"self":[{"href":"https:\/\/www.claret.cat\/es\/wp-json\/wp\/v2\/product\/580248","targetHints":{"allow":["GET"]}}],"collection":[{"href":"https:\/\/www.claret.cat\/es\/wp-json\/wp\/v2\/product"}],"about":[{"href":"https:\/\/www.claret.cat\/es\/wp-json\/wp\/v2\/types\/product"}],"wp:featuredmedia":[{"embeddable":true,"href":"https:\/\/www.claret.cat\/es\/wp-json\/wp\/v2\/media\/580369"}],"wp:attachment":[{"href":"https:\/\/www.claret.cat\/es\/wp-json\/wp\/v2\/media?parent=580248"}],"wp:term":[{"taxonomy":"product_brand","embeddable":true,"href":"https:\/\/www.claret.cat\/es\/wp-json\/wp\/v2\/product_brand?post=580248"},{"taxonomy":"product_cat","embeddable":true,"href":"https:\/\/www.claret.cat\/es\/wp-json\/wp\/v2\/product_cat?post=580248"},{"taxonomy":"product_tag","embeddable":true,"href":"https:\/\/www.claret.cat\/es\/wp-json\/wp\/v2\/product_tag?post=580248"}],"curies":[{"name":"wp","href":"https:\/\/api.w.org\/{rel}","templated":true}]}}