{"id":580254,"date":"2023-08-29T17:41:08","date_gmt":"2023-08-29T15:41:08","guid":{"rendered":"https:\/\/www.claret.cat\/llibre\/minitwins-no-01-una-aventura-bestial-9788411408400\/"},"modified":"2025-07-30T13:55:57","modified_gmt":"2025-07-30T11:55:57","slug":"minitwins-no-01-una-aventura-bestial-9788411408400","status":"publish","type":"product","link":"https:\/\/www.claret.cat\/es\/libro\/minitwins-no-01-una-aventura-bestial-9788411408400\/","title":{"rendered":"MINITWINS N\u00ba 01 \u00a1UNA AVENTURA BESTIAL!"},"content":{"rendered":"<p>No te pierdas las aventuras de estos mellizos bestiales.Edad: +6<br \/> Lila y Tom son dos mellizos de aprox 6 a\u00f1os que un d\u00eda al comer una hierba misteriosa se vuelven peque\u00f1os como ratones y a partir de ese momento podr\u00e1n hablar con los animales del bosque y vivir un mont\u00f3n de aventuras incre\u00edbles en un mundo que los adultos no podemos ver. En esta la primera aventura, los Minitwins, ayudados por todos los animales del bosque, tendr\u00e1n que buscar una soluci\u00f3n para poder volver a ser como antes, y en esto les ayuda Kitsune, la zorrita m\u00e1gica protectora del bosque, que los devolver\u00e1 a la medida que ten\u00edan antes y as\u00ed los adultos no se dar\u00e1n cuenta de nada&#8230;<\/p>\n","protected":false},"excerpt":{"rendered":"<p>ROCA PALET, ELISENDA<\/p>\n","protected":false},"featured_media":580373,"template":"","meta":{"_acf_changed":false,"om_disable_all_campaigns":false,"rs_blank_template":"","rs_page_bg_color":"","slide_template_v7":"","inline_featured_image":false,"_monsterinsights_skip_tracking":false,"_monsterinsights_sitenote_active":false,"_monsterinsights_sitenote_note":"","_monsterinsights_sitenote_category":0},"product_brand":[],"product_cat":[132,134,364,362],"product_tag":[],"class_list":{"0":"post-580254","1":"product","2":"type-product","3":"status-publish","4":"has-post-thumbnail","6":"product_cat-lectures-per-preadolescents-6-12-anys","7":"product_cat-comics","8":"product_cat-comics-infantil-3_infantil-juvenil-spa","9":"product_cat-libros-preadolescentes-6-12-anos","11":"first","12":"instock","13":"taxable","14":"shipping-taxable","15":"purchasable","16":"product-type-simple"},"acf":{"autor":"ROCA PALET, ELISENDA","codart":"841140840","libros-coleccion":"FORA DE COL.LECCI\u00d3","ediciones":"1","encuadernacion":"Carton\u00e9","fecha_de_publicacion":"01\/08\/2023","novedad":"1","paginas":"370","subtitulo":"","orden":"0","portada":"0","idioma":"spa","editorial":[{"ID":148674,"post_author":"3","post_date":"2022-10-14 12:00:06","post_date_gmt":"2022-10-14 10:00:06","post_content":"","post_title":"Planeta C\u00f3mic","post_excerpt":"","post_status":"publish","comment_status":"closed","ping_status":"closed","post_password":"","post_name":"planeta-comic","to_ping":"","pinged":"","post_modified":"2022-10-14 12:00:06","post_modified_gmt":"2022-10-14 10:00:06","post_content_filtered":"","post_parent":0,"guid":"http:\/\/dev.claret.cat\/editorial\/planeta-comic\/","menu_order":0,"post_type":"editorial","post_mime_type":"","comment_count":"0","filter":"raw"}],"autores-libros":[{"ID":154846,"post_author":"3","post_date":"2022-10-14 15:08:07","post_date_gmt":"2022-10-14 13:08:07","post_content":"","post_title":"ELISENDA ROCA PALET","post_excerpt":"","post_status":"publish","comment_status":"closed","ping_status":"closed","post_password":"","post_name":"elisenda-roca-palet","to_ping":"","pinged":"","post_modified":"2022-10-14 15:08:07","post_modified_gmt":"2022-10-14 13:08:07","post_content_filtered":"","post_parent":0,"guid":"http:\/\/dev.claret.cat\/autor\/elisenda-roca-palet\/","menu_order":0,"post_type":"autor","post_mime_type":"","comment_count":"0","filter":"raw"}],"booktrailer":"","resenas":""},"aioseo_notices":[],"_links":{"self":[{"href":"https:\/\/www.claret.cat\/es\/wp-json\/wp\/v2\/product\/580254","targetHints":{"allow":["GET"]}}],"collection":[{"href":"https:\/\/www.claret.cat\/es\/wp-json\/wp\/v2\/product"}],"about":[{"href":"https:\/\/www.claret.cat\/es\/wp-json\/wp\/v2\/types\/product"}],"wp:featuredmedia":[{"embeddable":true,"href":"https:\/\/www.claret.cat\/es\/wp-json\/wp\/v2\/media\/580373"}],"wp:attachment":[{"href":"https:\/\/www.claret.cat\/es\/wp-json\/wp\/v2\/media?parent=580254"}],"wp:term":[{"taxonomy":"product_brand","embeddable":true,"href":"https:\/\/www.claret.cat\/es\/wp-json\/wp\/v2\/product_brand?post=580254"},{"taxonomy":"product_cat","embeddable":true,"href":"https:\/\/www.claret.cat\/es\/wp-json\/wp\/v2\/product_cat?post=580254"},{"taxonomy":"product_tag","embeddable":true,"href":"https:\/\/www.claret.cat\/es\/wp-json\/wp\/v2\/product_tag?post=580254"}],"curies":[{"name":"wp","href":"https:\/\/api.w.org\/{rel}","templated":true}]}}