{"id":580269,"date":"2023-08-29T17:45:26","date_gmt":"2023-08-29T15:45:26","guid":{"rendered":"https:\/\/www.claret.cat\/llibre\/drila-cocodrila-2-soy-genial-9788408275374\/"},"modified":"2023-10-11T01:13:01","modified_gmt":"2023-10-10T23:13:01","slug":"drila-cocodrila-2-soy-genial-9788408275374","status":"publish","type":"product","link":"https:\/\/www.claret.cat\/es\/libro\/drila-cocodrila-2-soy-genial-9788408275374\/","title":{"rendered":"DRILA COCODRILA 2. SOY GENIAL"},"content":{"rendered":"<p>DRILA COCODRILA es una nueva colecci\u00f3n de c\u00f3mics en letra may\u00fascula para aprender a leer protagonizada por cinco peculiares animales que viven en un prado muy especial.<br \/> Drila vive junto a sus amigos Mapy, Lombriz y las Ovejas en Pradoverde, un lugar min\u00fasculo donde tienen lugar aventuras MAY\u00daSCULAS.<br \/> En \u00a1SOY GENIAL!, Drila y sus amigos aprender\u00e1n que todos podemos tener un talento, aquello que se nos da bien hacer y con lo que se nos pasa el tiempo volando.<\/p>\n<p> \u00bfPOR QU\u00c9 ES PERFECTA PARA QUE SE LANCEN A LEER SOLOS?<br \/> -Con 4 vi\u00f1etas en cada p\u00e1gina y poco texto, permite pasar de p\u00e1gina con rapidez, lo que da sensaci\u00f3n de avanzar en la lectura,\u00a0refuerza la motivaci\u00f3n y evita la frustraci\u00f3n.\u00a0<br \/> -La letra may\u00fascula es m\u00e1s f\u00e1cil de reconocer para los aprendices de lector.<br \/> -El formato c\u00f3mic les permite entrar en una historia con una trama y un sentido del humor ajustados a su nivel, y a la vez les permite leer solos con facilidad.<br \/> -La ilustraci\u00f3n apoya la lectura: les permite reconocer emociones gracias a las expresiones de los personajes, y adem\u00e1s aporta muchos detalles que invitan a explorar y descubrir nuevos elementos en cada lectura.\u00a0<\/p>\n<p> \u00bfPOR QU\u00c9 LES ENCANTAR\u00c1N LAS AVENTURAS DE DRILA Y SUS AMIGOS?<br \/> -En cada libro, encontrar\u00e1n situaciones que se parecen mucho a las que se pueden encontrar en el patio de un colegio: amistad, ri\u00f1as, juegos y trampas, gesti\u00f3n de la frustraci\u00f3n, descubrir los propios talentos&#8230;<br \/> -Drila, Mapy, Lombriz y las ovejas son cinco personajes entra\u00f1ables y divertid\u00edsimos, todos con una personalidad \u00fanica que les robar\u00e1 el coraz\u00f3n.<br \/> -Se sumergir\u00e1n en un mundo de diversi\u00f3n, amistad y descubrimientos mientras aprenden a conocerse a s\u00ed mismos y el entorno en el que viven.<\/p>\n","protected":false},"excerpt":{"rendered":"<p>G\u00d3MEZ<\/p>\n","protected":false},"featured_media":580270,"template":"","meta":{"_acf_changed":false,"om_disable_all_campaigns":false,"rs_blank_template":"","rs_page_bg_color":"","slide_template_v7":"","inline_featured_image":false,"_monsterinsights_skip_tracking":false,"_monsterinsights_sitenote_active":false,"_monsterinsights_sitenote_note":"","_monsterinsights_sitenote_category":0},"product_brand":[],"product_cat":[132,364,134,362],"product_tag":[],"class_list":{"0":"post-580269","1":"product","2":"type-product","3":"status-publish","4":"has-post-thumbnail","6":"product_cat-lectures-per-preadolescents-6-12-anys","7":"product_cat-comics-infantil-3_infantil-juvenil-spa","8":"product_cat-comics","9":"product_cat-libros-preadolescentes-6-12-anos","11":"first","12":"instock","13":"taxable","14":"shipping-taxable","15":"purchasable","16":"product-type-simple"},"acf":{"autor":"G\u00d3MEZ","codart":"840827537","libros-coleccion":"FORA DE COL.LECCI\u00d3","ediciones":"1","encuadernacion":"Carton\u00e9","fecha_de_publicacion":"01\/08\/2023","novedad":"1","paginas":"63","subtitulo":"","orden":"0","portada":"0","idioma":"spa","editorial":[{"ID":6233,"post_author":"3","post_date":"2022-07-28 17:47:48","post_date_gmt":"2022-07-28 15:47:48","post_content":"","post_title":"EDITORIAL PLANETA","post_excerpt":"","post_status":"publish","comment_status":"closed","ping_status":"closed","post_password":"","post_name":"editorial-planeta","to_ping":"","pinged":"","post_modified":"2022-07-28 17:47:48","post_modified_gmt":"2022-07-28 15:47:48","post_content_filtered":"","post_parent":0,"guid":"http:\/\/dev.claret.cat\/editorial\/editorial-planeta\/","menu_order":0,"post_type":"editorial","post_mime_type":"","comment_count":"0","filter":"raw"}],"autores-libros":[{"ID":157019,"post_author":"3","post_date":"2022-10-14 15:25:28","post_date_gmt":"2022-10-14 13:25:28","post_content":"","post_title":"G\u00d3MEZ","post_excerpt":"","post_status":"publish","comment_status":"closed","ping_status":"closed","post_password":"","post_name":"gomez","to_ping":"","pinged":"","post_modified":"2022-10-14 15:25:28","post_modified_gmt":"2022-10-14 13:25:28","post_content_filtered":"","post_parent":0,"guid":"http:\/\/dev.claret.cat\/autor\/gomez\/","menu_order":0,"post_type":"autor","post_mime_type":"","comment_count":"0","filter":"raw"}]},"aioseo_notices":[],"_links":{"self":[{"href":"https:\/\/www.claret.cat\/es\/wp-json\/wp\/v2\/product\/580269","targetHints":{"allow":["GET"]}}],"collection":[{"href":"https:\/\/www.claret.cat\/es\/wp-json\/wp\/v2\/product"}],"about":[{"href":"https:\/\/www.claret.cat\/es\/wp-json\/wp\/v2\/types\/product"}],"wp:featuredmedia":[{"embeddable":true,"href":"https:\/\/www.claret.cat\/es\/wp-json\/wp\/v2\/media\/580270"}],"wp:attachment":[{"href":"https:\/\/www.claret.cat\/es\/wp-json\/wp\/v2\/media?parent=580269"}],"wp:term":[{"taxonomy":"product_brand","embeddable":true,"href":"https:\/\/www.claret.cat\/es\/wp-json\/wp\/v2\/product_brand?post=580269"},{"taxonomy":"product_cat","embeddable":true,"href":"https:\/\/www.claret.cat\/es\/wp-json\/wp\/v2\/product_cat?post=580269"},{"taxonomy":"product_tag","embeddable":true,"href":"https:\/\/www.claret.cat\/es\/wp-json\/wp\/v2\/product_tag?post=580269"}],"curies":[{"name":"wp","href":"https:\/\/api.w.org\/{rel}","templated":true}]}}