{"id":580329,"date":"2023-08-29T18:30:18","date_gmt":"2023-08-29T16:30:18","guid":{"rendered":"https:\/\/www.claret.cat\/llibre\/drila-cocodrila-2-soc-genial-9788413896199\/"},"modified":"2025-10-20T20:25:18","modified_gmt":"2025-10-20T18:25:18","slug":"drila-cocodrila-2-soc-genial-9788413896199","status":"publish","type":"product","link":"https:\/\/www.claret.cat\/es\/libro\/drila-cocodrila-2-soc-genial-9788413896199\/","title":{"rendered":"DRILA COCODRILA 2. SOC GENIAL"},"content":{"rendered":"<p>DRILA COCODRILA \u00e9s una nova col\u00b7lecci\u00f3 de c\u00f2mics amb lletra maj\u00fascula per aprendre a llegir\u00a0protagonitzada per cinc animals peculiars que viuen en un prat molt especial on tot \u00e9s possible.<br \/> PER QU\u00c8 \u00c9S PERFECTE PERQU\u00c8 ES LLANCIN A LLEGIR SOLS?<br \/> -Amb\u00a04 vinyetes\u00a0a cada p\u00e0gina i poc text, permet passar de p\u00e0gina amb rapidesa, cosa que fa la sensaci\u00f3 d&#8217;avan\u00e7ar en la lectura,\u00a0refor\u00e7a la motivaci\u00f3 i evita la frustraci\u00f3\u00a0dels aprenents de lector.\u00a0<br \/> -La lletra maj\u00fascula\u00a0\u00e9s m\u00e9s f\u00e0cil de recon\u00e8ixer pels aprenents de lector.<br \/> -Els nens i les nenes de 5 anys\u00a0ja estan acostumats a veure s\u00e8ries i pel\u00b7lis amb\u00a0trames complexes\u00a0i amb un sentit de l&#8217;humor molt desenvolupat. Per\u00f2 encara no saben llegir sols. Per aix\u00f2\u00a0el format c\u00f2mic els permet entrar en una hist\u00f2ria amb una trama i un sentit de l&#8217;humor ajustats al seu nivell, i alhora fa possible que llegeixin sols amb facilitat.<\/p>\n<p> DE QU\u00c8 VA DRILA COCODRILA 2. SOC GENIAL:<br \/> La Drila viu amb els seus amics Mapy, Cuc i les Ovelles a Pratverd, un lloc molt petit, per\u00f2 on succeeixen aventures MAJ\u00daSCULES.<br \/> En aquest c\u00f2mic, la Drila i els seus amics aprendran que tots podem tenir un talent, all\u00f2 que sabem fer b\u00e9 i amb qu\u00e8 ens ho passem genial.<\/p>\n","protected":false},"excerpt":{"rendered":"<p>G\u00d3MEZ<\/p>\n","protected":false},"featured_media":974976,"template":"","meta":{"_acf_changed":false,"om_disable_all_campaigns":false,"rs_blank_template":"","rs_page_bg_color":"","slide_template_v7":"","inline_featured_image":false,"_monsterinsights_skip_tracking":false,"_monsterinsights_sitenote_active":false,"_monsterinsights_sitenote_note":"","_monsterinsights_sitenote_category":0},"product_brand":[],"product_cat":[132,134,364,362],"product_tag":[],"class_list":{"0":"post-580329","1":"product","2":"type-product","3":"status-publish","4":"has-post-thumbnail","6":"product_cat-lectures-per-preadolescents-6-12-anys","7":"product_cat-comics","8":"product_cat-comics-infantil-3_infantil-juvenil-spa","9":"product_cat-libros-preadolescentes-6-12-anos","11":"first","12":"instock","13":"taxable","14":"shipping-taxable","15":"purchasable","16":"product-type-simple"},"acf":{"autor":"G\u00d3MEZ","codart":"841389619","libros-coleccion":"Primers lectors","ediciones":"1","encuadernacion":"Carton\u00e9","fecha_de_publicacion":"01\/08\/2023","novedad":"1","paginas":"64","subtitulo":"","orden":"0","portada":"0","idioma":"cat","editorial":[{"ID":6249,"post_author":"3","post_date":"2022-07-28 17:48:09","post_date_gmt":"2022-07-28 15:48:09","post_content":"","post_title":"Estrella Polar","post_excerpt":"","post_status":"publish","comment_status":"closed","ping_status":"closed","post_password":"","post_name":"estrella-polar","to_ping":"","pinged":"","post_modified":"2022-07-28 17:48:09","post_modified_gmt":"2022-07-28 15:48:09","post_content_filtered":"","post_parent":0,"guid":"http:\/\/dev.claret.cat\/editorial\/estrella-polar\/","menu_order":0,"post_type":"editorial","post_mime_type":"","comment_count":"0","filter":"raw"}],"autores-libros":[{"ID":157019,"post_author":"3","post_date":"2022-10-14 15:25:28","post_date_gmt":"2022-10-14 13:25:28","post_content":"","post_title":"G\u00d3MEZ","post_excerpt":"","post_status":"publish","comment_status":"closed","ping_status":"closed","post_password":"","post_name":"gomez","to_ping":"","pinged":"","post_modified":"2022-10-14 15:25:28","post_modified_gmt":"2022-10-14 13:25:28","post_content_filtered":"","post_parent":0,"guid":"http:\/\/dev.claret.cat\/autor\/gomez\/","menu_order":0,"post_type":"autor","post_mime_type":"","comment_count":"0","filter":"raw"}],"booktrailer":"","resenas":""},"aioseo_notices":[],"_links":{"self":[{"href":"https:\/\/www.claret.cat\/es\/wp-json\/wp\/v2\/product\/580329","targetHints":{"allow":["GET"]}}],"collection":[{"href":"https:\/\/www.claret.cat\/es\/wp-json\/wp\/v2\/product"}],"about":[{"href":"https:\/\/www.claret.cat\/es\/wp-json\/wp\/v2\/types\/product"}],"wp:featuredmedia":[{"embeddable":true,"href":"https:\/\/www.claret.cat\/es\/wp-json\/wp\/v2\/media\/974976"}],"wp:attachment":[{"href":"https:\/\/www.claret.cat\/es\/wp-json\/wp\/v2\/media?parent=580329"}],"wp:term":[{"taxonomy":"product_brand","embeddable":true,"href":"https:\/\/www.claret.cat\/es\/wp-json\/wp\/v2\/product_brand?post=580329"},{"taxonomy":"product_cat","embeddable":true,"href":"https:\/\/www.claret.cat\/es\/wp-json\/wp\/v2\/product_cat?post=580329"},{"taxonomy":"product_tag","embeddable":true,"href":"https:\/\/www.claret.cat\/es\/wp-json\/wp\/v2\/product_tag?post=580329"}],"curies":[{"name":"wp","href":"https:\/\/api.w.org\/{rel}","templated":true}]}}