{"id":580335,"date":"2023-08-29T18:35:15","date_gmt":"2023-08-29T16:35:15","guid":{"rendered":"https:\/\/www.claret.cat\/llibre\/minitwins-1-una-aventura-molt-animal-9788413896137\/"},"modified":"2026-04-16T18:05:06","modified_gmt":"2026-04-16T16:05:06","slug":"minitwins-1-una-aventura-molt-animal-9788413896137","status":"publish","type":"product","link":"https:\/\/www.claret.cat\/es\/libro\/minitwins-1-una-aventura-molt-animal-9788413896137\/","title":{"rendered":"MINITWINS 1. UNA AVENTURA MOLT ANIMAL!"},"content":{"rendered":"<p>Converteix-te en un guardi\u00e0 de la natura!La Lila i el Tom s\u00f3n dos bessons de sis anys que, un dia, despr\u00e9s de menjar una herba misteriosa, es tornen petits com ratolins i a partir d&#8217;aquest moment podran parlar amb els animals del bosc i viure un munt d&#8217;aventures incre\u00efbles en un m\u00f3n que els adults no poden veurer. En aquesta primera aventura, els Minitwins, ajudats per tots els animals del bosc, hauran de buscar una soluci\u00f3 per poder a tornar a ser com abans, i en aix\u00f2 els ajuda la Kitsune, la guineu m\u00e0gica protectora del bosc, que els retornar\u00e0 a la mida que tenien abans i aix\u00ed els adults no se n&#8217;adonaran&#8230;<br \/> Llegeix amb MAJ\u00daSCULA.<\/p>\n","protected":false},"excerpt":{"rendered":"<p>ROCA PALET, ELISENDA<\/p>\n","protected":false},"featured_media":1057643,"template":"","meta":{"_acf_changed":false,"om_disable_all_campaigns":false,"rs_blank_template":"","rs_page_bg_color":"","slide_template_v7":"","inline_featured_image":false,"_monsterinsights_skip_tracking":false,"_monsterinsights_sitenote_active":false,"_monsterinsights_sitenote_note":"","_monsterinsights_sitenote_category":0},"product_brand":[],"product_cat":[132,364,134,362],"product_tag":[],"class_list":{"0":"post-580335","1":"product","2":"type-product","3":"status-publish","4":"has-post-thumbnail","6":"product_cat-lectures-per-preadolescents-6-12-anys","7":"product_cat-comics-infantil-3_infantil-juvenil-spa","8":"product_cat-comics","9":"product_cat-libros-preadolescentes-6-12-anos","11":"first","12":"instock","13":"taxable","14":"shipping-taxable","15":"purchasable","16":"product-type-simple"},"acf":{"autor":"ROCA PALET, ELISENDA","codart":"841389613","libros-coleccion":"Primers lectors","ediciones":"1","encuadernacion":"Carton\u00e9","fecha_de_publicacion":"01\/08\/2023","novedad":"1","paginas":"76","subtitulo":"","orden":"0","portada":"0","idioma":"cat","editorial":[{"ID":6249,"post_author":"3","post_date":"2022-07-28 17:48:09","post_date_gmt":"2022-07-28 15:48:09","post_content":"","post_title":"Estrella Polar","post_excerpt":"","post_status":"publish","comment_status":"closed","ping_status":"closed","post_password":"","post_name":"estrella-polar","to_ping":"","pinged":"","post_modified":"2022-07-28 17:48:09","post_modified_gmt":"2022-07-28 15:48:09","post_content_filtered":"","post_parent":0,"guid":"http:\/\/dev.claret.cat\/editorial\/estrella-polar\/","menu_order":0,"post_type":"editorial","post_mime_type":"","comment_count":"0","filter":"raw"}],"autores-libros":[{"ID":154846,"post_author":"3","post_date":"2022-10-14 15:08:07","post_date_gmt":"2022-10-14 13:08:07","post_content":"","post_title":"ELISENDA ROCA PALET","post_excerpt":"","post_status":"publish","comment_status":"closed","ping_status":"closed","post_password":"","post_name":"elisenda-roca-palet","to_ping":"","pinged":"","post_modified":"2022-10-14 15:08:07","post_modified_gmt":"2022-10-14 13:08:07","post_content_filtered":"","post_parent":0,"guid":"http:\/\/dev.claret.cat\/autor\/elisenda-roca-palet\/","menu_order":0,"post_type":"autor","post_mime_type":"","comment_count":"0","filter":"raw"}],"booktrailer":"","resenas":""},"aioseo_notices":[],"_links":{"self":[{"href":"https:\/\/www.claret.cat\/es\/wp-json\/wp\/v2\/product\/580335","targetHints":{"allow":["GET"]}}],"collection":[{"href":"https:\/\/www.claret.cat\/es\/wp-json\/wp\/v2\/product"}],"about":[{"href":"https:\/\/www.claret.cat\/es\/wp-json\/wp\/v2\/types\/product"}],"wp:featuredmedia":[{"embeddable":true,"href":"https:\/\/www.claret.cat\/es\/wp-json\/wp\/v2\/media\/1057643"}],"wp:attachment":[{"href":"https:\/\/www.claret.cat\/es\/wp-json\/wp\/v2\/media?parent=580335"}],"wp:term":[{"taxonomy":"product_brand","embeddable":true,"href":"https:\/\/www.claret.cat\/es\/wp-json\/wp\/v2\/product_brand?post=580335"},{"taxonomy":"product_cat","embeddable":true,"href":"https:\/\/www.claret.cat\/es\/wp-json\/wp\/v2\/product_cat?post=580335"},{"taxonomy":"product_tag","embeddable":true,"href":"https:\/\/www.claret.cat\/es\/wp-json\/wp\/v2\/product_tag?post=580335"}],"curies":[{"name":"wp","href":"https:\/\/api.w.org\/{rel}","templated":true}]}}