{"id":580338,"date":"2023-08-29T18:35:26","date_gmt":"2023-08-29T16:35:26","guid":{"rendered":"https:\/\/www.claret.cat\/llibre\/minitwins-2-en-zappa-esta-en-perill-9788413896144\/"},"modified":"2026-02-09T18:01:03","modified_gmt":"2026-02-09T17:01:03","slug":"minitwins-2-en-zappa-esta-en-perill-9788413896144","status":"publish","type":"product","link":"https:\/\/www.claret.cat\/es\/libro\/minitwins-2-en-zappa-esta-en-perill-9788413896144\/","title":{"rendered":"MINITWINS 2. EN ZAPPA EST\u00c0  EN PERILL!"},"content":{"rendered":"<p>Converteix-te en un guardi\u00e0 de la natura!Ara que els Minitwins ja saben com fer-se petits i tornar a ser grans, les formigues els avisen que en Zappa, el ratol\u00ed de camp, s&#8221;ha ficat en un bon embolic. Com que \u00e9s tan llaminer, s&#8217;ha acostat massa a una trampa i ha caigut a dins. L&#8217;han de salvar! Tots els animals s&#8217;uneixen per ajudar-lo, per\u00f2 les coses seran m\u00e9s complicades del que sembla i els caldr\u00e0 una ajuda extra per sortir-se&#8217;n.<br \/> Llegeix amb MAJ\u00daSCULA.<\/p>\n","protected":false},"excerpt":{"rendered":"<p>ROCA PALET, ELISENDA<\/p>\n","protected":false},"featured_media":1057648,"template":"","meta":{"_acf_changed":false,"om_disable_all_campaigns":false,"rs_blank_template":"","rs_page_bg_color":"","slide_template_v7":"","inline_featured_image":false,"_monsterinsights_skip_tracking":false,"_monsterinsights_sitenote_active":false,"_monsterinsights_sitenote_note":"","_monsterinsights_sitenote_category":0},"product_brand":[],"product_cat":[132,364,134,362],"product_tag":[],"class_list":{"0":"post-580338","1":"product","2":"type-product","3":"status-publish","4":"has-post-thumbnail","6":"product_cat-lectures-per-preadolescents-6-12-anys","7":"product_cat-comics-infantil-3_infantil-juvenil-spa","8":"product_cat-comics","9":"product_cat-libros-preadolescentes-6-12-anos","11":"first","12":"instock","13":"taxable","14":"shipping-taxable","15":"purchasable","16":"product-type-simple"},"acf":{"autor":"ROCA PALET, ELISENDA","codart":"841389614","libros-coleccion":"Primers lectors","ediciones":"1","encuadernacion":"Carton\u00e9","fecha_de_publicacion":"01\/08\/2023","novedad":"1","paginas":"76","subtitulo":"","orden":"0","portada":"0","idioma":"cat","editorial":[{"ID":6249,"post_author":"3","post_date":"2022-07-28 17:48:09","post_date_gmt":"2022-07-28 15:48:09","post_content":"","post_title":"Estrella Polar","post_excerpt":"","post_status":"publish","comment_status":"closed","ping_status":"closed","post_password":"","post_name":"estrella-polar","to_ping":"","pinged":"","post_modified":"2022-07-28 17:48:09","post_modified_gmt":"2022-07-28 15:48:09","post_content_filtered":"","post_parent":0,"guid":"http:\/\/dev.claret.cat\/editorial\/estrella-polar\/","menu_order":0,"post_type":"editorial","post_mime_type":"","comment_count":"0","filter":"raw"}],"autores-libros":[{"ID":154846,"post_author":"3","post_date":"2022-10-14 15:08:07","post_date_gmt":"2022-10-14 13:08:07","post_content":"","post_title":"ELISENDA ROCA PALET","post_excerpt":"","post_status":"publish","comment_status":"closed","ping_status":"closed","post_password":"","post_name":"elisenda-roca-palet","to_ping":"","pinged":"","post_modified":"2022-10-14 15:08:07","post_modified_gmt":"2022-10-14 13:08:07","post_content_filtered":"","post_parent":0,"guid":"http:\/\/dev.claret.cat\/autor\/elisenda-roca-palet\/","menu_order":0,"post_type":"autor","post_mime_type":"","comment_count":"0","filter":"raw"}],"booktrailer":"","resenas":""},"aioseo_notices":[],"_links":{"self":[{"href":"https:\/\/www.claret.cat\/es\/wp-json\/wp\/v2\/product\/580338","targetHints":{"allow":["GET"]}}],"collection":[{"href":"https:\/\/www.claret.cat\/es\/wp-json\/wp\/v2\/product"}],"about":[{"href":"https:\/\/www.claret.cat\/es\/wp-json\/wp\/v2\/types\/product"}],"wp:featuredmedia":[{"embeddable":true,"href":"https:\/\/www.claret.cat\/es\/wp-json\/wp\/v2\/media\/1057648"}],"wp:attachment":[{"href":"https:\/\/www.claret.cat\/es\/wp-json\/wp\/v2\/media?parent=580338"}],"wp:term":[{"taxonomy":"product_brand","embeddable":true,"href":"https:\/\/www.claret.cat\/es\/wp-json\/wp\/v2\/product_brand?post=580338"},{"taxonomy":"product_cat","embeddable":true,"href":"https:\/\/www.claret.cat\/es\/wp-json\/wp\/v2\/product_cat?post=580338"},{"taxonomy":"product_tag","embeddable":true,"href":"https:\/\/www.claret.cat\/es\/wp-json\/wp\/v2\/product_tag?post=580338"}],"curies":[{"name":"wp","href":"https:\/\/api.w.org\/{rel}","templated":true}]}}