{"id":580643,"date":"2023-08-31T13:00:30","date_gmt":"2023-08-31T11:00:30","guid":{"rendered":"https:\/\/www.claret.cat\/llibre\/el-pequeno-koala-9788418715846\/"},"modified":"2025-01-30T20:19:43","modified_gmt":"2025-01-30T19:19:43","slug":"el-pequeno-koala-9788418715846","status":"publish","type":"product","link":"https:\/\/www.claret.cat\/es\/libro\/el-pequeno-koala-9788418715846\/","title":{"rendered":"EL PEQUE\u00d1O KOALA"},"content":{"rendered":"<p>Un libro t\u00e1ctil y sonoro para tocar y sentir. El regalo ideal para los m\u00e1s peque\u00f1os. <br \/> El peque\u00f1o koala se cruza con varios amigos subiendo a un \u00e1rbol de vuelta a casa. \u00c9l vive arriba del todo. Haz sonar su nariz para guiarlo. <br \/> Con diferentes texturas para tocar y una nariz sonora para jugar y divertirse.<\/p>\n","protected":false},"excerpt":{"rendered":"<p>KRAGULJ, VANJA<\/p>\n","protected":false},"featured_media":678005,"template":"","meta":{"_acf_changed":false,"om_disable_all_campaigns":false,"rs_blank_template":"","rs_page_bg_color":"","slide_template_v7":"","inline_featured_image":false,"_monsterinsights_skip_tracking":false,"_monsterinsights_sitenote_active":false,"_monsterinsights_sitenote_note":"","_monsterinsights_sitenote_category":0},"product_brand":[],"product_cat":[131,361],"product_tag":[],"class_list":{"0":"post-580643","1":"product","2":"type-product","3":"status-publish","4":"has-post-thumbnail","6":"product_cat-contes-per-infants-0-6-anys","7":"product_cat-cuentos-para-ninos-0-6-anos","9":"first","10":"instock","11":"taxable","12":"shipping-taxable","13":"purchasable","14":"product-type-simple"},"acf":{"autor":"KRAGULJ, VANJA","codart":"841871584","libros-coleccion":"FORA DE COL.LECCI\u00d3","ediciones":"1","encuadernacion":"Carpeta","fecha_de_publicacion":"01\/10\/2023","novedad":"1","paginas":"1","subtitulo":"VUELVE A CASA","orden":"0","portada":"0","idioma":"spa","editorial":[{"ID":147932,"post_author":"3","post_date":"2022-10-14 11:54:20","post_date_gmt":"2022-10-14 09:54:20","post_content":"","post_title":"EDITORIAL BASE (ES)","post_excerpt":"","post_status":"publish","comment_status":"closed","ping_status":"closed","post_password":"","post_name":"editorial-base-es","to_ping":"","pinged":"","post_modified":"2022-10-14 11:54:20","post_modified_gmt":"2022-10-14 09:54:20","post_content_filtered":"","post_parent":0,"guid":"http:\/\/dev.claret.cat\/editorial\/editorial-base-es\/","menu_order":0,"post_type":"editorial","post_mime_type":"","comment_count":"0","filter":"raw"}],"autores-libros":[{"ID":170834,"post_author":"3","post_date":"2022-10-14 22:38:32","post_date_gmt":"2022-10-14 20:38:32","post_content":"","post_title":"VANJA KRAGULJ","post_excerpt":"","post_status":"publish","comment_status":"closed","ping_status":"closed","post_password":"","post_name":"vanja-kragulj","to_ping":"","pinged":"","post_modified":"2022-10-14 22:38:32","post_modified_gmt":"2022-10-14 20:38:32","post_content_filtered":"","post_parent":0,"guid":"http:\/\/dev.claret.cat\/autor\/vanja-kragulj\/","menu_order":0,"post_type":"autor","post_mime_type":"","comment_count":"0","filter":"raw"}]},"aioseo_notices":[],"_links":{"self":[{"href":"https:\/\/www.claret.cat\/es\/wp-json\/wp\/v2\/product\/580643","targetHints":{"allow":["GET"]}}],"collection":[{"href":"https:\/\/www.claret.cat\/es\/wp-json\/wp\/v2\/product"}],"about":[{"href":"https:\/\/www.claret.cat\/es\/wp-json\/wp\/v2\/types\/product"}],"wp:featuredmedia":[{"embeddable":true,"href":"https:\/\/www.claret.cat\/es\/wp-json\/wp\/v2\/media\/678005"}],"wp:attachment":[{"href":"https:\/\/www.claret.cat\/es\/wp-json\/wp\/v2\/media?parent=580643"}],"wp:term":[{"taxonomy":"product_brand","embeddable":true,"href":"https:\/\/www.claret.cat\/es\/wp-json\/wp\/v2\/product_brand?post=580643"},{"taxonomy":"product_cat","embeddable":true,"href":"https:\/\/www.claret.cat\/es\/wp-json\/wp\/v2\/product_cat?post=580643"},{"taxonomy":"product_tag","embeddable":true,"href":"https:\/\/www.claret.cat\/es\/wp-json\/wp\/v2\/product_tag?post=580643"}],"curies":[{"name":"wp","href":"https:\/\/api.w.org\/{rel}","templated":true}]}}