{"id":580859,"date":"2023-09-02T07:23:08","date_gmt":"2023-09-02T05:23:08","guid":{"rendered":"https:\/\/www.claret.cat\/llibre\/el-problema-final-9788420476360\/"},"modified":"2025-01-08T17:10:38","modified_gmt":"2025-01-08T16:10:38","slug":"el-problema-final-9788420476360","status":"publish","type":"product","link":"https:\/\/www.claret.cat\/es\/libro\/el-problema-final-9788420476360\/","title":{"rendered":"EL PROBLEMA FINAL"},"content":{"rendered":"<p>LA NUEVA NOVELA DE ARTURO P\u00c9REZ-REVERTE  Un crimen imposible. Un detective insospechado.  No se trata de un desaf\u00edo entre el asesino y el detective, sino de un duelo de inteligencia entre el autor y el lector. \u2014Har\u00eda falta un polic\u00eda\u2014sugiri\u00f3 alguien\u2014. Un detective. <br \/>\u2014Tenemos uno \u2014dijo Fox\u00e1.<br \/>\u2014Todos siguieron la direcci\u00f3n de su mirada. <br \/>\u2014Eso es rid\u00edculo \u2014protest\u00e9\u2014. \u00bfSe han vuelto locos?<br \/>\u2014Usted fue Sherlock Holmes.<br \/>\u2014Nadie fue Sherlock Holmes. Ese detective no existi\u00f3 jam\u00e1s. Es una invenci\u00f3n literaria.<br \/>\u2014Que usted encarn\u00f3 de manera admirable.<br \/>\u2014Pero fue en el cine. Nada tuvo que ver con la vida real. S\u00f3lo soy un actor.<br \/>Me contemplaban esperanzados, y lo cierto es que yo mismo empezaba a entrar en situaci\u00f3n, como si acabaran de encender los focos y oyese el suave rumor de una c\u00e1mara rodando. Aun as\u00ed decid\u00ed mantenerme silencioso, cruzados los dedos bajo el ment\u00f3n. No hab\u00eda disfrutado tanto desde que rod\u00e9 El perro de Baskerville. Junio de 1960. Un temporal mantiene aisladas en la id\u00edlica isla de Utakos, frente a Corf\u00fa, a nueve personas alojadas en el peque\u00f1o hotel local. Nada hace presagiar lo que est\u00e1 a punto de ocurrir: Edith Mander, una discreta turista inglesa, aparece muerta en el pabell\u00f3n de la playa. Lo que parece un suicidio revela indicios imperceptibles para cualquiera salvo para Hopalong Basil, un actor en decadencia que en otro tiempo encarn\u00f3 en la pantalla al m\u00e1s c\u00e9lebre detective de todos los tiempos. Nadie como \u00e9l, acostumbrado a aplicar en el cine las habilidades deductivas de Sherlock Holmes, puede desentra\u00f1ar lo que de verdad esconde ese enigma cl\u00e1sico de habitaci\u00f3n cerrada. En una isla de la que nadie puede salir y a la que nadie puede llegar, inevitablemente todos se acabar\u00e1n convirtiendo en sospechosos en una fascinante novela-problema donde la literatura policial se mezcla de modo asombroso con la vida.La cr\u00edtica ha dicho:<br \/>\u00abP\u00e9rez-Reverte sabe c\u00f3mo retener al lector a cada vuelta de p\u00e1gina\u00bb.<br \/>The New York Times Book Review \u00abElabora sus novelascomo un viejo barman espa\u00f1ol refinado y elegante que se emborrachase de vez en cuando con Corto Malt\u00e9s\u00bb.<br \/>Minute \u00abMe gusta P\u00e9rez-Reverte, me recuerda a Dumas y Salgari.\u00bb Umberto Eco \u00abEl autor es el que m\u00e1s se divierte [y] aborda el crimen como una de las bellas artes, siguiendo a De Quincey. [&#8230;] Es una novela trampa, con un di\u00e1logo constante, con suspense y trucos, en la que el lector tiene el papel de detective. [&#8230;] Divertida, evocadora, un juego, una teor\u00eda\u00bb.<br \/>Ra\u00fal del Pozo, El Mundo \u00abP\u00e9rez-Reverte ha inventado novelas y g\u00e9neros que no exist\u00edan en Espa\u00f1a\u00bb.<br \/>Alexis Grohmann<\/p>\n<p>\u00abLa etapa creativa que est\u00e1 atravesando Arturo P\u00e9rez-Reverte resulta asombrosa\u00bb. Sergio Vila-Sanju\u00e1n, La Vanguardia<\/p>\n","protected":false},"excerpt":{"rendered":"<p>P\u00c9REZ-REVERTE, ARTURO<\/p>\n","protected":false},"featured_media":580860,"template":"","meta":{"_acf_changed":false,"om_disable_all_campaigns":false,"rs_blank_template":"","rs_page_bg_color":"","slide_template_v7":"","inline_featured_image":false,"_monsterinsights_skip_tracking":false,"_monsterinsights_sitenote_active":false,"_monsterinsights_sitenote_note":"","_monsterinsights_sitenote_category":0},"product_brand":[],"product_cat":[127,357],"product_tag":[],"class_list":{"0":"post-580859","1":"product","2":"type-product","3":"status-publish","4":"has-post-thumbnail","6":"product_cat-novella-contemporania","7":"product_cat-novela-contemporanea","9":"first","10":"instock","11":"taxable","12":"shipping-taxable","13":"purchasable","14":"product-type-simple"},"acf":{"autor":"P\u00c9REZ-REVERTE, ARTURO","codart":"842047636","libros-coleccion":"HISP\u00c1NICA","ediciones":"1","encuadernacion":"Carton\u00e9","fecha_de_publicacion":"05\/09\/2023","novedad":"1","paginas":"317","subtitulo":"","orden":"0","portada":"0","idioma":"spa","editorial":[{"ID":6118,"post_author":"3","post_date":"2022-07-28 17:45:17","post_date_gmt":"2022-07-28 15:45:17","post_content":"","post_title":"ALFAGUARA","post_excerpt":"","post_status":"publish","comment_status":"closed","ping_status":"closed","post_password":"","post_name":"alfaguara","to_ping":"","pinged":"","post_modified":"2022-07-28 17:45:17","post_modified_gmt":"2022-07-28 15:45:17","post_content_filtered":"","post_parent":0,"guid":"http:\/\/dev.claret.cat\/editorial\/alfaguara\/","menu_order":0,"post_type":"editorial","post_mime_type":"","comment_count":"0","filter":"raw"}],"autores-libros":[{"ID":151165,"post_author":"3","post_date":"2022-10-14 14:38:43","post_date_gmt":"2022-10-14 12:38:43","post_content":"","post_title":"ARTURO PEREZ-REVERTE","post_excerpt":"","post_status":"publish","comment_status":"closed","ping_status":"closed","post_password":"","post_name":"arturo-perez-reverte-2","to_ping":"","pinged":"","post_modified":"2022-10-14 14:38:43","post_modified_gmt":"2022-10-14 12:38:43","post_content_filtered":"","post_parent":0,"guid":"http:\/\/dev.claret.cat\/autor\/arturo-perez-reverte-2\/","menu_order":0,"post_type":"autor","post_mime_type":"","comment_count":"0","filter":"raw"}]},"aioseo_notices":[],"_links":{"self":[{"href":"https:\/\/www.claret.cat\/es\/wp-json\/wp\/v2\/product\/580859","targetHints":{"allow":["GET"]}}],"collection":[{"href":"https:\/\/www.claret.cat\/es\/wp-json\/wp\/v2\/product"}],"about":[{"href":"https:\/\/www.claret.cat\/es\/wp-json\/wp\/v2\/types\/product"}],"wp:featuredmedia":[{"embeddable":true,"href":"https:\/\/www.claret.cat\/es\/wp-json\/wp\/v2\/media\/580860"}],"wp:attachment":[{"href":"https:\/\/www.claret.cat\/es\/wp-json\/wp\/v2\/media?parent=580859"}],"wp:term":[{"taxonomy":"product_brand","embeddable":true,"href":"https:\/\/www.claret.cat\/es\/wp-json\/wp\/v2\/product_brand?post=580859"},{"taxonomy":"product_cat","embeddable":true,"href":"https:\/\/www.claret.cat\/es\/wp-json\/wp\/v2\/product_cat?post=580859"},{"taxonomy":"product_tag","embeddable":true,"href":"https:\/\/www.claret.cat\/es\/wp-json\/wp\/v2\/product_tag?post=580859"}],"curies":[{"name":"wp","href":"https:\/\/api.w.org\/{rel}","templated":true}]}}