{"id":580883,"date":"2023-09-02T07:26:29","date_gmt":"2023-09-02T05:26:29","guid":{"rendered":"https:\/\/www.claret.cat\/llibre\/antropologia-para-entender-al-ser-humano-9788431338701\/"},"modified":"2026-01-19T11:45:22","modified_gmt":"2026-01-19T10:45:22","slug":"antropologia-para-entender-al-ser-humano-9788431338701","status":"publish","type":"product","link":"https:\/\/www.claret.cat\/es\/libro\/antropologia-para-entender-al-ser-humano-9788431338701\/","title":{"rendered":"ANTROPOLOG\u00cdA. PARA ENTENDER AL SER HUMANO"},"content":{"rendered":"<p><span>El ser humano presenta planos diferentes y articulados: sensibilidad y afectividad, voluntad, inteligencia, yo\u2026 En la direcci\u00f3n hacia dentro, es intimidad abierta, es decir, persona. Ser persona es lo radical. Toda antropolog\u00eda ha de dar cuenta, en \u00faltima instancia, de qui\u00e9n soy.<\/span><\/p>\n<p><span> Este manual quiere aportar una visi\u00f3n abierta, ordenada y plural, del ser humano, que pueda servir de base conceptual para acceder a otras cuestiones \u00e9ticas, educativas, antropol\u00f3gicas, psicol\u00f3gicas, sociales, cient\u00edficas, etc. Cuestiones que un universitario debe dilucidar y ahondar en su propia vida.<\/span><\/p>\n<p><span> Una antropolog\u00eda que procura comprender al ser humano desde una perspectiva integradora: la relaci\u00f3n con el mundo f\u00edsico, con los dem\u00e1s y con Dios. Una antropolog\u00eda en di\u00e1logo abierto con la fe cristiana, pues el sentido \u00faltimo \u00fanicamente se esclarece respecto del origen y destino final de la persona.<\/span><\/p>\n","protected":false},"excerpt":{"rendered":"<p>FIDALGO ALAIZ, JOS\u00c9 MANUEL<\/p>\n","protected":false},"featured_media":580884,"template":"","meta":{"_acf_changed":false,"om_disable_all_campaigns":false,"rs_blank_template":"","rs_page_bg_color":"","slide_template_v7":"","inline_featured_image":false,"_monsterinsights_skip_tracking":false,"_monsterinsights_sitenote_active":false,"_monsterinsights_sitenote_note":"","_monsterinsights_sitenote_category":0},"product_brand":[],"product_cat":[279,509],"product_tag":[],"class_list":{"0":"post-580883","1":"product","2":"type-product","3":"status-publish","4":"has-post-thumbnail","6":"product_cat-antropologia-teologica","7":"product_cat-antropologia-teologica-teologia-1_espiritualidad","9":"first","10":"instock","11":"taxable","12":"shipping-taxable","13":"purchasable","14":"product-type-simple"},"acf":{"autor":"FIDALGO ALAIZ, JOS\u00c9 MANUEL","codart":"843133870","libros-coleccion":"Apuntes","ediciones":"1","encuadernacion":"R\u00fastica","fecha_de_publicacion":"01\/08\/2023","novedad":"1","paginas":"0","subtitulo":"","orden":"0","portada":"1","idioma":"spa","editorial":[{"ID":6251,"post_author":"3","post_date":"2022-07-28 17:48:11","post_date_gmt":"2022-07-28 15:48:11","post_content":"","post_title":"EUNSA. EDICIONES UNIVERSIDAD DE NAVARRA","post_excerpt":"","post_status":"publish","comment_status":"closed","ping_status":"closed","post_password":"","post_name":"eunsa-ediciones-universidad-de-navarra","to_ping":"","pinged":"","post_modified":"2022-07-28 17:48:11","post_modified_gmt":"2022-07-28 15:48:11","post_content_filtered":"","post_parent":0,"guid":"http:\/\/dev.claret.cat\/editorial\/eunsa-ediciones-universidad-de-navarra\/","menu_order":0,"post_type":"editorial","post_mime_type":"","comment_count":"0","filter":"raw"}],"autores-libros":[{"ID":160403,"post_author":"3","post_date":"2022-10-14 15:52:47","post_date_gmt":"2022-10-14 13:52:47","post_content":"","post_title":"JOSE MANUEL FIDALGO ALAIZ","post_excerpt":"","post_status":"publish","comment_status":"closed","ping_status":"closed","post_password":"","post_name":"jose-manuel-fidalgo-alaiz","to_ping":"","pinged":"","post_modified":"2022-10-14 15:52:47","post_modified_gmt":"2022-10-14 13:52:47","post_content_filtered":"","post_parent":0,"guid":"http:\/\/dev.claret.cat\/autor\/jose-manuel-fidalgo-alaiz\/","menu_order":0,"post_type":"autor","post_mime_type":"","comment_count":"0","filter":"raw"}],"booktrailer":"","resenas":""},"aioseo_notices":[],"_links":{"self":[{"href":"https:\/\/www.claret.cat\/es\/wp-json\/wp\/v2\/product\/580883","targetHints":{"allow":["GET"]}}],"collection":[{"href":"https:\/\/www.claret.cat\/es\/wp-json\/wp\/v2\/product"}],"about":[{"href":"https:\/\/www.claret.cat\/es\/wp-json\/wp\/v2\/types\/product"}],"wp:featuredmedia":[{"embeddable":true,"href":"https:\/\/www.claret.cat\/es\/wp-json\/wp\/v2\/media\/580884"}],"wp:attachment":[{"href":"https:\/\/www.claret.cat\/es\/wp-json\/wp\/v2\/media?parent=580883"}],"wp:term":[{"taxonomy":"product_brand","embeddable":true,"href":"https:\/\/www.claret.cat\/es\/wp-json\/wp\/v2\/product_brand?post=580883"},{"taxonomy":"product_cat","embeddable":true,"href":"https:\/\/www.claret.cat\/es\/wp-json\/wp\/v2\/product_cat?post=580883"},{"taxonomy":"product_tag","embeddable":true,"href":"https:\/\/www.claret.cat\/es\/wp-json\/wp\/v2\/product_tag?post=580883"}],"curies":[{"name":"wp","href":"https:\/\/api.w.org\/{rel}","templated":true}]}}