{"id":580905,"date":"2023-09-02T07:27:45","date_gmt":"2023-09-02T05:27:45","guid":{"rendered":"https:\/\/www.claret.cat\/llibre\/confitura-de-vidre-9788418887987\/"},"modified":"2025-02-01T00:07:11","modified_gmt":"2025-01-31T23:07:11","slug":"confitura-de-vidre-9788418887987","status":"publish","type":"product","link":"https:\/\/www.claret.cat\/es\/libro\/confitura-de-vidre-9788418887987\/","title":{"rendered":"CONFITURA DE VIDRE"},"content":{"rendered":"<p>\u00abEls instants de bellesa sublim, les albades, les postes, els grumolls de n\u00favols apilonats en torres inacabables, els cels de ponent rogencs amb filagarses de n\u00favols d&#8217;un to rosat esva\u00eft. El contacte amb l&#8217;aigua del mar en una capbussada, els peus en remull en una raconada d&#8217;un riu al Pirineu. Els flocs de la nevada sobtada, la pluja avara que esperem amb delit. Vet aqu\u00ed un petit repertori.\u00bb\u00a0Quim Nadal\u00a0\u00e9s un observador dels paisatges i de les realitats. En aquestes p\u00e0gines \u00edntimes i commovedores ens fa part\u00edcips dels seus records nascuts dels cinc sentits. Remembrances de la seva adolesc\u00e8ncia a Fran\u00e7a, moments deliciosos en l&#8217;\u00e0mbit familiar, paisatges evocadors, sensacions que li han quedat clavades a la pell i a l&#8217;\u00e0nima. Una descripci\u00f3 breu i exquisida dels petits plaers de la seva vida.<\/p>\n","protected":false},"excerpt":{"rendered":"<p>JOAQUIM NADAL FARRERAS<\/p>\n","protected":false},"featured_media":580906,"template":"","meta":{"_acf_changed":false,"om_disable_all_campaigns":false,"rs_blank_template":"","rs_page_bg_color":"","slide_template_v7":"","inline_featured_image":false,"_monsterinsights_skip_tracking":false,"_monsterinsights_sitenote_active":false,"_monsterinsights_sitenote_note":"","_monsterinsights_sitenote_category":0},"product_brand":[],"product_cat":[127,357],"product_tag":[],"class_list":{"0":"post-580905","1":"product","2":"type-product","3":"status-publish","4":"has-post-thumbnail","6":"product_cat-novella-contemporania","7":"product_cat-novela-contemporanea","9":"first","10":"instock","11":"taxable","12":"shipping-taxable","13":"purchasable","14":"product-type-simple"},"acf":{"autor":"JOAQUIM NADAL FARRERAS","codart":"841888798","libros-coleccion":"FORA DE COL.LECCI\u00d3","ediciones":"1","encuadernacion":"Carton\u00e9","fecha_de_publicacion":"01\/09\/2023","novedad":"1","paginas":"134","subtitulo":"","orden":"0","portada":"0","idioma":"cat","editorial":[{"ID":6384,"post_author":"3","post_date":"2022-07-28 17:51:02","post_date_gmt":"2022-07-28 15:51:02","post_content":"","post_title":"Univers Llibres","post_excerpt":"","post_status":"publish","comment_status":"closed","ping_status":"closed","post_password":"","post_name":"univers-llibres","to_ping":"","pinged":"","post_modified":"2022-07-28 17:51:02","post_modified_gmt":"2022-07-28 15:51:02","post_content_filtered":"","post_parent":0,"guid":"http:\/\/dev.claret.cat\/editorial\/univers-llibres\/","menu_order":0,"post_type":"editorial","post_mime_type":"","comment_count":"0","filter":"raw"}],"autores-libros":[{"ID":580904,"post_author":"3","post_date":"2023-09-02 07:27:42","post_date_gmt":"2023-09-02 05:27:42","post_content":"","post_title":"JOAQUIM NADAL FARRERAS","post_excerpt":"","post_status":"publish","comment_status":"closed","ping_status":"closed","post_password":"","post_name":"joaquim-nadal-farreras-2","to_ping":"","pinged":"","post_modified":"2023-09-02 07:27:42","post_modified_gmt":"2023-09-02 05:27:42","post_content_filtered":"","post_parent":0,"guid":"https:\/\/www.claret.cat\/autor\/joaquim-nadal-farreras-2\/","menu_order":0,"post_type":"autor","post_mime_type":"","comment_count":"0","filter":"raw"}]},"aioseo_notices":[],"_links":{"self":[{"href":"https:\/\/www.claret.cat\/es\/wp-json\/wp\/v2\/product\/580905","targetHints":{"allow":["GET"]}}],"collection":[{"href":"https:\/\/www.claret.cat\/es\/wp-json\/wp\/v2\/product"}],"about":[{"href":"https:\/\/www.claret.cat\/es\/wp-json\/wp\/v2\/types\/product"}],"wp:featuredmedia":[{"embeddable":true,"href":"https:\/\/www.claret.cat\/es\/wp-json\/wp\/v2\/media\/580906"}],"wp:attachment":[{"href":"https:\/\/www.claret.cat\/es\/wp-json\/wp\/v2\/media?parent=580905"}],"wp:term":[{"taxonomy":"product_brand","embeddable":true,"href":"https:\/\/www.claret.cat\/es\/wp-json\/wp\/v2\/product_brand?post=580905"},{"taxonomy":"product_cat","embeddable":true,"href":"https:\/\/www.claret.cat\/es\/wp-json\/wp\/v2\/product_cat?post=580905"},{"taxonomy":"product_tag","embeddable":true,"href":"https:\/\/www.claret.cat\/es\/wp-json\/wp\/v2\/product_tag?post=580905"}],"curies":[{"name":"wp","href":"https:\/\/api.w.org\/{rel}","templated":true}]}}