{"id":580922,"date":"2023-09-02T07:29:09","date_gmt":"2023-09-02T05:29:09","guid":{"rendered":"https:\/\/www.claret.cat\/llibre\/gat-i-pingui-9788424674830\/"},"modified":"2025-03-28T13:14:02","modified_gmt":"2025-03-28T12:14:02","slug":"gat-i-pingui-9788424674830","status":"publish","type":"product","link":"https:\/\/www.claret.cat\/es\/libro\/gat-i-pingui-9788424674830\/","title":{"rendered":"GAT I PING\u00dc\u00cd"},"content":{"rendered":"<p>Obra guanyadora del Premi Emili Teixidor 2023?S\u00f3n les vuit en punt i en Gat es prepara per menjar una sardina per sopar. Ding-dong! Quan en Gat obre la porta es troba un ping\u00fc\u00ed amb una motxilla enorme a l&#8221;esquena&#8230; que entra a casa seva sense demanar-li perm\u00eds!<br \/>En Gat mai no espera visites perqu\u00e8 no li agraden gens. En Ping\u00fc\u00ed sembla decidit a quedar-s&#8221;hi a passar la nit. Com s&#8221;ho faran per entendre&#8221;s, dos animals tan diferents?<br \/>Per sort, a tots dos els encanten les sardines!<\/p>\n","protected":false},"excerpt":{"rendered":"<p>GARCIA MOLSOSA, ORIOL<\/p>\n","protected":false},"featured_media":580923,"template":"","meta":{"_acf_changed":false,"om_disable_all_campaigns":false,"rs_blank_template":"","rs_page_bg_color":"","slide_template_v7":"","inline_featured_image":false,"_monsterinsights_skip_tracking":false,"_monsterinsights_sitenote_active":false,"_monsterinsights_sitenote_note":"","_monsterinsights_sitenote_category":0},"product_brand":[],"product_cat":[131,361],"product_tag":[],"class_list":{"0":"post-580922","1":"product","2":"type-product","3":"status-publish","4":"has-post-thumbnail","6":"product_cat-contes-per-infants-0-6-anys","7":"product_cat-cuentos-para-ninos-0-6-anos","9":"first","10":"instock","11":"taxable","12":"shipping-taxable","13":"purchasable","14":"product-type-simple"},"acf":{"autor":"GARCIA MOLSOSA, ORIOL","codart":"842467483","libros-coleccion":"Narrativa Singular","ediciones":"1","encuadernacion":"Carton\u00e9","fecha_de_publicacion":"01\/09\/2023","novedad":"1","paginas":"47","subtitulo":"","orden":"0","portada":"0","idioma":"cat","editorial":[{"ID":148189,"post_author":"3","post_date":"2022-10-14 11:56:19","post_date_gmt":"2022-10-14 09:56:19","post_content":"","post_title":"GALERA, EDITORIAL","post_excerpt":"","post_status":"publish","comment_status":"closed","ping_status":"closed","post_password":"","post_name":"galera-editorial","to_ping":"","pinged":"","post_modified":"2022-10-14 11:56:19","post_modified_gmt":"2022-10-14 09:56:19","post_content_filtered":"","post_parent":0,"guid":"http:\/\/dev.claret.cat\/editorial\/galera-editorial\/","menu_order":0,"post_type":"editorial","post_mime_type":"","comment_count":"0","filter":"raw"}],"autores-libros":[{"ID":166247,"post_author":"3","post_date":"2022-10-14 18:01:37","post_date_gmt":"2022-10-14 16:01:37","post_content":"","post_title":"ORIOL GARCIA MOLSOSA","post_excerpt":"","post_status":"publish","comment_status":"closed","ping_status":"closed","post_password":"","post_name":"oriol-garcia-molsosa","to_ping":"","pinged":"","post_modified":"2022-10-14 18:01:37","post_modified_gmt":"2022-10-14 16:01:37","post_content_filtered":"","post_parent":0,"guid":"http:\/\/dev.claret.cat\/autor\/oriol-garcia-molsosa\/","menu_order":0,"post_type":"autor","post_mime_type":"","comment_count":"0","filter":"raw"}]},"aioseo_notices":[],"_links":{"self":[{"href":"https:\/\/www.claret.cat\/es\/wp-json\/wp\/v2\/product\/580922","targetHints":{"allow":["GET"]}}],"collection":[{"href":"https:\/\/www.claret.cat\/es\/wp-json\/wp\/v2\/product"}],"about":[{"href":"https:\/\/www.claret.cat\/es\/wp-json\/wp\/v2\/types\/product"}],"wp:featuredmedia":[{"embeddable":true,"href":"https:\/\/www.claret.cat\/es\/wp-json\/wp\/v2\/media\/580923"}],"wp:attachment":[{"href":"https:\/\/www.claret.cat\/es\/wp-json\/wp\/v2\/media?parent=580922"}],"wp:term":[{"taxonomy":"product_brand","embeddable":true,"href":"https:\/\/www.claret.cat\/es\/wp-json\/wp\/v2\/product_brand?post=580922"},{"taxonomy":"product_cat","embeddable":true,"href":"https:\/\/www.claret.cat\/es\/wp-json\/wp\/v2\/product_cat?post=580922"},{"taxonomy":"product_tag","embeddable":true,"href":"https:\/\/www.claret.cat\/es\/wp-json\/wp\/v2\/product_tag?post=580922"}],"curies":[{"name":"wp","href":"https:\/\/api.w.org\/{rel}","templated":true}]}}