{"id":580986,"date":"2023-09-04T11:10:22","date_gmt":"2023-09-04T09:10:22","guid":{"rendered":"https:\/\/www.claret.cat\/llibre\/alvaro-de-bazan-9788432165184\/"},"modified":"2024-05-24T04:04:30","modified_gmt":"2024-05-24T02:04:30","slug":"alvaro-de-bazan-9788432165184","status":"publish","type":"product","link":"https:\/\/www.claret.cat\/es\/libro\/alvaro-de-bazan-9788432165184\/","title":{"rendered":"\u00c1LVARO DE BAZ\u00c1N"},"content":{"rendered":"<p>CONSIDERADO COMO UNO DE LOS MARINOS ILUSTRES DE LA HISTORIA DE ESPA\u00d1A, \u00c1LVARO DE BAZ\u00c1N CONSTITUYE UNA FIGURA INDISPENSABLE PARA COMPRENDER EL REINADO DE FELIPE II.<\/p>\n<p>Siempre a las \u00f3rdenes de Felipe II, \u00c1lvaro de Baz\u00e1n particip\u00f3 en toda la pol\u00edtica naval del siglo XVI y es considerado uno de los marinos m\u00e1s ilustres de la historia de Espa\u00f1a.<\/p>\n<p><\/p>\n<p>Impulsor de nuevas estrategias navales y de la incorporaci\u00f3n de la sanidad a la milicia, fue un militar extraordinario y un gran amante de las artes. Fue el primero de la historia en comandar un desembarco de infanter\u00eda de marina.<\/p>\n<p><\/p>\n<p>En esta breve biograf\u00eda se destaca su participaci\u00f3n en la rebeli\u00f3n de los moriscos, la liberaci\u00f3n de Malta, la conquista de Portugal, las batallas de las Azores y Lepanto, y la preparaci\u00f3n de la empresa de Inglaterra. Constituye una figura indispensable para comprender el reinado de Felipe II.<\/p>\n","protected":false},"excerpt":{"rendered":"<p>HERN\u00c1NDEZ-PALACIOS, MART\u00cdN<\/p>\n","protected":false},"featured_media":581018,"template":"","meta":{"_acf_changed":false,"om_disable_all_campaigns":false,"rs_blank_template":"","rs_page_bg_color":"","slide_template_v7":"","inline_featured_image":false,"_monsterinsights_skip_tracking":false,"_monsterinsights_sitenote_active":false,"_monsterinsights_sitenote_note":"","_monsterinsights_sitenote_category":0},"product_brand":[],"product_cat":[431,154,157,370,428,150],"product_tag":[],"class_list":{"0":"post-580986","1":"product","2":"type-product","3":"status-publish","4":"has-post-thumbnail","6":"product_cat-espana","7":"product_cat-espanaya","8":"product_cat-investigacio-i-corrents","9":"product_cat-investigacion-y-corrientes","10":"product_cat-moderna-historia-2_humanidades","11":"product_cat-moderna","13":"first","14":"instock","15":"taxable","16":"shipping-taxable","17":"purchasable","18":"product-type-simple"},"acf":{"autor":"HERN\u00c1NDEZ-PALACIOS, MART\u00cdN","codart":"843216518","libros-coleccion":"Historia y Biograf\u00edas","ediciones":"1","encuadernacion":"R\u00fastica","fecha_de_publicacion":"04\/09\/2023","novedad":"1","paginas":"251","subtitulo":"EL MEJOR MARINO DE FELIPE II ","orden":"0","portada":"1","idioma":"spa","editorial":[{"ID":6348,"post_author":"3","post_date":"2022-07-28 17:50:16","post_date_gmt":"2022-07-28 15:50:16","post_content":"","post_title":"Rialp","post_excerpt":"","post_status":"publish","comment_status":"closed","ping_status":"closed","post_password":"","post_name":"rialp","to_ping":"","pinged":"","post_modified":"2022-07-28 17:50:16","post_modified_gmt":"2022-07-28 15:50:16","post_content_filtered":"","post_parent":0,"guid":"http:\/\/dev.claret.cat\/editorial\/rialp\/","menu_order":0,"post_type":"editorial","post_mime_type":"","comment_count":"0","filter":"raw"}],"autores-libros":[{"ID":580985,"post_author":"3","post_date":"2023-09-04 11:10:19","post_date_gmt":"2023-09-04 09:10:19","post_content":"","post_title":"MART\u00cdN HERN\u00c1NDEZ-PALACIOS","post_excerpt":"","post_status":"publish","comment_status":"closed","ping_status":"closed","post_password":"","post_name":"martin-hernandez-palacios","to_ping":"","pinged":"","post_modified":"2023-09-04 11:10:19","post_modified_gmt":"2023-09-04 09:10:19","post_content_filtered":"","post_parent":0,"guid":"https:\/\/www.claret.cat\/autor\/martin-hernandez-palacios\/","menu_order":0,"post_type":"autor","post_mime_type":"","comment_count":"0","filter":"raw"}]},"aioseo_notices":[],"_links":{"self":[{"href":"https:\/\/www.claret.cat\/es\/wp-json\/wp\/v2\/product\/580986","targetHints":{"allow":["GET"]}}],"collection":[{"href":"https:\/\/www.claret.cat\/es\/wp-json\/wp\/v2\/product"}],"about":[{"href":"https:\/\/www.claret.cat\/es\/wp-json\/wp\/v2\/types\/product"}],"wp:featuredmedia":[{"embeddable":true,"href":"https:\/\/www.claret.cat\/es\/wp-json\/wp\/v2\/media\/581018"}],"wp:attachment":[{"href":"https:\/\/www.claret.cat\/es\/wp-json\/wp\/v2\/media?parent=580986"}],"wp:term":[{"taxonomy":"product_brand","embeddable":true,"href":"https:\/\/www.claret.cat\/es\/wp-json\/wp\/v2\/product_brand?post=580986"},{"taxonomy":"product_cat","embeddable":true,"href":"https:\/\/www.claret.cat\/es\/wp-json\/wp\/v2\/product_cat?post=580986"},{"taxonomy":"product_tag","embeddable":true,"href":"https:\/\/www.claret.cat\/es\/wp-json\/wp\/v2\/product_tag?post=580986"}],"curies":[{"name":"wp","href":"https:\/\/api.w.org\/{rel}","templated":true}]}}