{"id":581058,"date":"2023-09-04T13:40:09","date_gmt":"2023-09-04T11:40:09","guid":{"rendered":"https:\/\/www.claret.cat\/llibre\/guia-de-bolets-per-a-nois-i-noies-9788413562919\/"},"modified":"2025-09-10T16:31:32","modified_gmt":"2025-09-10T14:31:32","slug":"guia-de-bolets-per-a-nois-i-noies-9788413562919","status":"publish","type":"product","link":"https:\/\/www.claret.cat\/es\/libro\/guia-de-bolets-per-a-nois-i-noies-9788413562919\/","title":{"rendered":"GUIA DE BOLETS PER A NOIS I NOIES"},"content":{"rendered":"<p>2A EDICI\u00d3  Aquesta guia est\u00e0 dividida en dues parts. En la primera hi ha 12 temes monogr\u00e0fics que introdueixen als coneixements b\u00e0sics del m\u00f3n dels bolets. En la segona, la guia pr\u00f2piament dita, es descriuen, es comentem i s&#8221;il\u00b7lustren 34 esp\u00e8cies de bolets. El llibre s&#8221;acaba d&#8221;arrodonir amb el suggeriment d&#8221;algunes activitats, deliciosos versos de bolets de Celdoni Fonoll i unes quantes receptes de cuina de la m\u00e0 de N\u00faria Duran, per poder compartir alguns plats amb la fam\u00edlia i amb els amics. Un llibre singular que far\u00e0 les del\u00edcies del jovent, i, potser, mig d&#8221;amagat, de molts dels que ja no s\u00f3n tan joves, per\u00f2 que estan interessats en descobrir nous aspectes d&#8221;aquest fascinant m\u00f3n dels bolets.<\/p>\n","protected":false},"excerpt":{"rendered":"<p>PASCUAL LLUVI\u00c0, RAMON<\/p>\n","protected":false},"featured_media":581059,"template":"","meta":{"_acf_changed":false,"om_disable_all_campaigns":false,"rs_blank_template":"","rs_page_bg_color":"","slide_template_v7":"","inline_featured_image":false,"_monsterinsights_skip_tracking":false,"_monsterinsights_sitenote_active":false,"_monsterinsights_sitenote_note":"","_monsterinsights_sitenote_category":0},"product_brand":[],"product_cat":[524,300],"product_tag":[],"class_list":{"0":"post-581058","1":"product","2":"type-product","3":"status-publish","4":"has-post-thumbnail","6":"product_cat-guias-y-viajes","7":"product_cat-guies-i-viatges","9":"first","10":"instock","11":"taxable","12":"shipping-taxable","13":"purchasable","14":"product-type-simple"},"acf":{"autor":"PASCUAL LLUVI\u00c0, RAMON","codart":"841356291","libros-coleccion":"Guies de camp per a nois i noies","ediciones":"1","encuadernacion":"R\u00fastica","fecha_de_publicacion":"01\/08\/2023","novedad":"1","paginas":"127","subtitulo":"","orden":"0","portada":"0","idioma":"cat","editorial":[{"ID":6171,"post_author":"3","post_date":"2022-07-28 17:46:25","post_date_gmt":"2022-07-28 15:46:25","post_content":"","post_title":"COSSETANIA EDICIONS","post_excerpt":"","post_status":"publish","comment_status":"closed","ping_status":"closed","post_password":"","post_name":"cossetania-edicions","to_ping":"","pinged":"","post_modified":"2022-07-28 17:46:25","post_modified_gmt":"2022-07-28 15:46:25","post_content_filtered":"","post_parent":0,"guid":"http:\/\/dev.claret.cat\/editorial\/cossetania-edicions\/","menu_order":0,"post_type":"editorial","post_mime_type":"","comment_count":"0","filter":"raw"}],"autores-libros":[{"ID":167744,"post_author":"3","post_date":"2022-10-14 18:13:40","post_date_gmt":"2022-10-14 16:13:40","post_content":"","post_title":"RAMON PASCUAL LLUVIA","post_excerpt":"","post_status":"publish","comment_status":"closed","ping_status":"closed","post_password":"","post_name":"ramon-pascual-lluvia","to_ping":"","pinged":"","post_modified":"2022-10-14 18:13:40","post_modified_gmt":"2022-10-14 16:13:40","post_content_filtered":"","post_parent":0,"guid":"http:\/\/dev.claret.cat\/autor\/ramon-pascual-lluvia\/","menu_order":0,"post_type":"autor","post_mime_type":"","comment_count":"0","filter":"raw"}],"booktrailer":"","resenas":""},"aioseo_notices":[],"_links":{"self":[{"href":"https:\/\/www.claret.cat\/es\/wp-json\/wp\/v2\/product\/581058","targetHints":{"allow":["GET"]}}],"collection":[{"href":"https:\/\/www.claret.cat\/es\/wp-json\/wp\/v2\/product"}],"about":[{"href":"https:\/\/www.claret.cat\/es\/wp-json\/wp\/v2\/types\/product"}],"wp:featuredmedia":[{"embeddable":true,"href":"https:\/\/www.claret.cat\/es\/wp-json\/wp\/v2\/media\/581059"}],"wp:attachment":[{"href":"https:\/\/www.claret.cat\/es\/wp-json\/wp\/v2\/media?parent=581058"}],"wp:term":[{"taxonomy":"product_brand","embeddable":true,"href":"https:\/\/www.claret.cat\/es\/wp-json\/wp\/v2\/product_brand?post=581058"},{"taxonomy":"product_cat","embeddable":true,"href":"https:\/\/www.claret.cat\/es\/wp-json\/wp\/v2\/product_cat?post=581058"},{"taxonomy":"product_tag","embeddable":true,"href":"https:\/\/www.claret.cat\/es\/wp-json\/wp\/v2\/product_tag?post=581058"}],"curies":[{"name":"wp","href":"https:\/\/api.w.org\/{rel}","templated":true}]}}