{"id":581115,"date":"2023-09-04T15:45:47","date_gmt":"2023-09-04T13:45:47","guid":{"rendered":"https:\/\/www.claret.cat\/llibre\/matilda-edicion-ilustrada-coleccion-alfaguara-clasicos-9788419507280\/"},"modified":"2023-10-11T01:07:51","modified_gmt":"2023-10-10T23:07:51","slug":"matilda-edicion-ilustrada-coleccion-alfaguara-clasicos-9788419507280","status":"publish","type":"product","link":"https:\/\/www.claret.cat\/es\/libro\/matilda-edicion-ilustrada-coleccion-alfaguara-clasicos-9788419507280\/","title":{"rendered":"MATILDA (EDICI\u00d3N ILUSTRADA) (COLECCI\u00d3N ALFAGUARA CL\u00c1SICOS)"},"content":{"rendered":"<p>Una preciosa edici\u00f3n regalo ilustrada a todo color de MATILDA, uno de los libros m\u00e1s queridos y le\u00eddos de la literatura infantil. Siendo tan peque\u00f1a, \u00e9l \u00fanico poder de Matilda contra su terrible familia era el de su mente. Uno de los libros m\u00e1s queridos y le\u00eddos de la literatura infantil, ahora ilustrado a todo color por Sarah Walsh, una reconocida ilustradora americana con un estilo v\u00edvido y personal que te sumergir\u00e1 de lleno en la fascinante historia de Matilda.Aunque solo tiene cinco a\u00f1os, Matilda es una gran lectora. Todo el mundo la admira, excepto sus mediocres padres, que la consideran una in\u00fatil. Por no hablar de la terrible se\u00f1orita Trunchbull, que cree que es una rebelde. Pero lo que no saben es que Matilda tiene poderes extra\u00f1os y maravillosos&#8230; Un buen d\u00eda, Matilda decide liberarse y comienza a emplear sus poderes contra ellos.<\/p>\n","protected":false},"excerpt":{"rendered":"<p>DAHL, ROALD<\/p>\n","protected":false},"featured_media":581116,"template":"","meta":{"_acf_changed":false,"om_disable_all_campaigns":false,"rs_blank_template":"","rs_page_bg_color":"","slide_template_v7":"","inline_featured_image":false,"_monsterinsights_skip_tracking":false,"_monsterinsights_sitenote_active":false,"_monsterinsights_sitenote_note":"","_monsterinsights_sitenote_category":0},"product_brand":[],"product_cat":[90,540],"product_tag":[],"class_list":{"0":"post-581115","1":"product","2":"type-product","3":"status-publish","4":"has-post-thumbnail","6":"product_cat-altres","7":"product_cat-otros","9":"first","10":"instock","11":"taxable","12":"shipping-taxable","13":"purchasable","14":"product-type-simple"},"acf":{"autor":"DAHL, ROALD","codart":"841950728","libros-coleccion":"","ediciones":"1","encuadernacion":"Carton\u00e9","fecha_de_publicacion":"01\/09\/2023","novedad":"1","paginas":"216","subtitulo":"","orden":"0","portada":"0","idioma":"spa","editorial":[{"ID":6118,"post_author":"3","post_date":"2022-07-28 17:45:17","post_date_gmt":"2022-07-28 15:45:17","post_content":"","post_title":"ALFAGUARA","post_excerpt":"","post_status":"publish","comment_status":"closed","ping_status":"closed","post_password":"","post_name":"alfaguara","to_ping":"","pinged":"","post_modified":"2022-07-28 17:45:17","post_modified_gmt":"2022-07-28 15:45:17","post_content_filtered":"","post_parent":0,"guid":"http:\/\/dev.claret.cat\/editorial\/alfaguara\/","menu_order":0,"post_type":"editorial","post_mime_type":"","comment_count":"0","filter":"raw"}],"autores-libros":[{"ID":168156,"post_author":"3","post_date":"2022-10-14 18:16:58","post_date_gmt":"2022-10-14 16:16:58","post_content":"","post_title":"ROALD DAHL","post_excerpt":"","post_status":"publish","comment_status":"closed","ping_status":"closed","post_password":"","post_name":"roald-dahl","to_ping":"","pinged":"","post_modified":"2022-10-14 18:16:58","post_modified_gmt":"2022-10-14 16:16:58","post_content_filtered":"","post_parent":0,"guid":"http:\/\/dev.claret.cat\/autor\/roald-dahl\/","menu_order":0,"post_type":"autor","post_mime_type":"","comment_count":"0","filter":"raw"}]},"aioseo_notices":[],"_links":{"self":[{"href":"https:\/\/www.claret.cat\/es\/wp-json\/wp\/v2\/product\/581115","targetHints":{"allow":["GET"]}}],"collection":[{"href":"https:\/\/www.claret.cat\/es\/wp-json\/wp\/v2\/product"}],"about":[{"href":"https:\/\/www.claret.cat\/es\/wp-json\/wp\/v2\/types\/product"}],"wp:featuredmedia":[{"embeddable":true,"href":"https:\/\/www.claret.cat\/es\/wp-json\/wp\/v2\/media\/581116"}],"wp:attachment":[{"href":"https:\/\/www.claret.cat\/es\/wp-json\/wp\/v2\/media?parent=581115"}],"wp:term":[{"taxonomy":"product_brand","embeddable":true,"href":"https:\/\/www.claret.cat\/es\/wp-json\/wp\/v2\/product_brand?post=581115"},{"taxonomy":"product_cat","embeddable":true,"href":"https:\/\/www.claret.cat\/es\/wp-json\/wp\/v2\/product_cat?post=581115"},{"taxonomy":"product_tag","embeddable":true,"href":"https:\/\/www.claret.cat\/es\/wp-json\/wp\/v2\/product_tag?post=581115"}],"curies":[{"name":"wp","href":"https:\/\/api.w.org\/{rel}","templated":true}]}}