{"id":581121,"date":"2023-09-04T15:46:13","date_gmt":"2023-09-04T13:46:13","guid":{"rendered":"https:\/\/www.claret.cat\/llibre\/edicion-limitada-de-nunca-9788466372800\/"},"modified":"2023-11-16T11:10:12","modified_gmt":"2023-11-16T10:10:12","slug":"edicion-limitada-de-nunca-9788466372800","status":"publish","type":"product","link":"https:\/\/www.claret.cat\/es\/libro\/edicion-limitada-de-nunca-9788466372800\/","title":{"rendered":"EDICI\u00d3N LIMITADA DE NUNCA"},"content":{"rendered":"<p>Ken Follett regresa al thriller con una vertiginosa novela que imagina lo inimaginable. En el desierto del S\u00e1hara, dos agentes de inteligencia siguen la pista a un poderoso grupo terrorista arriesgando sus vidas -y, cuando se enamoran perdidamente, sus carreras- a cada paso. En China, un alto cargo del gobierno con grandes ambiciones batalla contra los viejos halcones del ala dura del Partido que amenazan con empujar al pa\u00eds a un punto de no retorno.Y en Estados Unidos, la presidenta se enfrenta a una crisis global y al asedio de sus implacables oponentes pol\u00edticos. Est\u00e1 dispuesta a todo para evitar una guerra innecesaria. Pero cuando un acto de agresi\u00f3n conduce a otro y las potencias m\u00e1s poderosas del mundo se ven atrapadas en una compleja red de alianzas de la que no pueden escapar, comienza una fren\u00e9tica carrera contrarreloj. \u00bfPodr\u00e1 alguien, incluso con las mejores intenciones y las m\u00e1s excepcionales habilidades, detener lo inevitable?Nunca es un thriller extraordinario, lleno de hero\u00ednas y villanos, falsos profetas, agentes de \u00e9lite, pol\u00edticos desencantados y c\u00ednicos revolucionarios. Follett env\u00eda un mensaje de advertencia para nuestros tiempos en una historia intensa y trepidante que transporta a los lectores hasta el filo del abismo. \u00abCuando me documentaba para La ca\u00edda de los gigantes, me impact\u00f3 darme cuenta de que la Primera Guerra Mundial fue una guerra que nadie quer\u00eda. Ning\u00fan l\u00edder europeo de ninguno de los dos bandos ten\u00eda intenci\u00f3n de que sucediera. Pero, uno por uno, los emperadores y primeros ministros tomaron decisiones -decisiones l\u00f3gicas y moderadas- que nos acercaron un pasito m\u00e1s al conflicto m\u00e1s terrible que el mundo ha conocido. Llegu\u00e9 a creer que todo fue un tr\u00e1gico accidente. Y me pregunt\u00e9: \u00bfpodr\u00eda volver a ocurrir?\u00bbKEN FOLLETTLa cr\u00edtica ha dicho:<br \/>\u00abNunca es el mejor libro de Ken Follett. Es aterrador. Desaf\u00edo a cualquiera a abandonarlo tras haber le\u00eddo las primeras 150 p\u00e1ginas\u00bb.<br \/>Stephen King \u00abUn thriller brutal. Puro Ken Follett\u00bb.<br \/>Jacinto Ant\u00f3n, El Pa\u00eds \u00abNo pueden perderse Nunca. Lo van a pasar terriblemente bien\u00bb.<br \/>Pepa Fern\u00e1ndez, RNE\u00abUna de las mejores novelas de esp\u00edas que he le\u00eddo en bastante tiempo\u00bb.<br \/>Sergio Vila-Sanju\u00e1n, La Vanguardia \u00abFollett tiene una de las imaginaciones m\u00e1s brillantes y desbordantes de la literatura contempor\u00e1nea\u00bb.<br \/>Javier del Pino, Cadena SER \u00abUn adictivo thriller pol\u00edtico que ya se perfila como otro best seller mundial\u00bb.<br \/>El Mundo\u00abUrgente y ferozmente apasionante\u00bb.<br \/>The Washington Post \u00abUn thriller deslumbrante y una de las lecturas m\u00e1s emocionantes del a\u00f1o\u00bb.<br \/>Daily Express \u00abAudaz en su escala y meticulosamente documentado, Nunca hace que el resto de libros de espionaje internacional parezcan apocados, perezosos y provincianos\u00bb.<br \/>The Sunday Times\u00abPrep\u00e1rense para una experiencia electrizante\u00bb.<br \/>CNN.com \u00abAbsolutamente fascinante&#8230; Un thriller inteligente, aterrador y muy plausible\u00bb.<br \/>Booklist \u00abFant\u00e1stico&#8230; Una imponente y poderosa demostraci\u00f3n de uno de los mejores escritores del g\u00e9nero\u00bb.<br \/>Publishers Weekly Sobre el autor han dicho:<br \/>\u00abFollett es un maestro\u00bb.<br \/>The Washington Post \u00abSigo envidiando como el primer d\u00eda la capacidad de Follett para entretener. Sus tramas funcionan siempre y te mantiene pegado a cada p\u00e1gina\u00bb.<br \/>Juan G\u00f3mez Jurado, ABC<\/p>\n","protected":false},"excerpt":{"rendered":"<p>FOLLETT, KEN<\/p>\n","protected":false},"featured_media":581122,"template":"","meta":{"_acf_changed":false,"om_disable_all_campaigns":false,"rs_blank_template":"","rs_page_bg_color":"","slide_template_v7":"","inline_featured_image":false,"_monsterinsights_skip_tracking":false,"_monsterinsights_sitenote_active":false,"_monsterinsights_sitenote_note":"","_monsterinsights_sitenote_category":0},"product_brand":[],"product_cat":[127,357],"product_tag":[],"class_list":{"0":"post-581121","1":"product","2":"type-product","3":"status-publish","4":"has-post-thumbnail","6":"product_cat-novella-contemporania","7":"product_cat-novela-contemporanea","9":"first","10":"instock","11":"taxable","12":"shipping-taxable","13":"purchasable","14":"product-type-simple"},"acf":{"autor":"FOLLETT, KEN","codart":"846637280","libros-coleccion":"CAMPA\u00d1AS","ediciones":"1","encuadernacion":"R\u00fastica","fecha_de_publicacion":"01\/09\/2023","novedad":"1","paginas":"833","subtitulo":"POR EL AUTOR DE LOS PILARES DE LA TIERRA","orden":"0","portada":"0","idioma":"spa","editorial":[{"ID":6178,"post_author":"3","post_date":"2022-07-28 17:46:34","post_date_gmt":"2022-07-28 15:46:34","post_content":"","post_title":"DEBOLSILLO","post_excerpt":"","post_status":"publish","comment_status":"closed","ping_status":"closed","post_password":"","post_name":"debolsillo","to_ping":"","pinged":"","post_modified":"2022-07-28 17:46:34","post_modified_gmt":"2022-07-28 15:46:34","post_content_filtered":"","post_parent":0,"guid":"http:\/\/dev.claret.cat\/editorial\/debolsillo\/","menu_order":0,"post_type":"editorial","post_mime_type":"","comment_count":"0","filter":"raw"}],"autores-libros":[{"ID":5703,"post_author":"3","post_date":"2022-07-28 17:29:40","post_date_gmt":"2022-07-28 15:29:40","post_content":"","post_title":"KEN FOLLETT","post_excerpt":"","post_status":"publish","comment_status":"closed","ping_status":"closed","post_password":"","post_name":"ken-follett","to_ping":"","pinged":"","post_modified":"2022-07-28 17:29:40","post_modified_gmt":"2022-07-28 15:29:40","post_content_filtered":"","post_parent":0,"guid":"http:\/\/dev.claret.cat\/autor\/ken-follett\/","menu_order":0,"post_type":"autor","post_mime_type":"","comment_count":"0","filter":"raw"}]},"aioseo_notices":[],"_links":{"self":[{"href":"https:\/\/www.claret.cat\/es\/wp-json\/wp\/v2\/product\/581121","targetHints":{"allow":["GET"]}}],"collection":[{"href":"https:\/\/www.claret.cat\/es\/wp-json\/wp\/v2\/product"}],"about":[{"href":"https:\/\/www.claret.cat\/es\/wp-json\/wp\/v2\/types\/product"}],"wp:featuredmedia":[{"embeddable":true,"href":"https:\/\/www.claret.cat\/es\/wp-json\/wp\/v2\/media\/581122"}],"wp:attachment":[{"href":"https:\/\/www.claret.cat\/es\/wp-json\/wp\/v2\/media?parent=581121"}],"wp:term":[{"taxonomy":"product_brand","embeddable":true,"href":"https:\/\/www.claret.cat\/es\/wp-json\/wp\/v2\/product_brand?post=581121"},{"taxonomy":"product_cat","embeddable":true,"href":"https:\/\/www.claret.cat\/es\/wp-json\/wp\/v2\/product_cat?post=581121"},{"taxonomy":"product_tag","embeddable":true,"href":"https:\/\/www.claret.cat\/es\/wp-json\/wp\/v2\/product_tag?post=581121"}],"curies":[{"name":"wp","href":"https:\/\/api.w.org\/{rel}","templated":true}]}}