{"id":581124,"date":"2023-09-04T15:46:30","date_gmt":"2023-09-04T13:46:30","guid":{"rendered":"https:\/\/www.claret.cat\/llibre\/fuego-y-sangre-edicion-limitada-a-precio-especial-cancion-de-hielo-y-fuego-9788466362795\/"},"modified":"2023-10-11T01:07:45","modified_gmt":"2023-10-10T23:07:45","slug":"fuego-y-sangre-edicion-limitada-a-precio-especial-cancion-de-hielo-y-fuego-9788466362795","status":"publish","type":"product","link":"https:\/\/www.claret.cat\/es\/libro\/fuego-y-sangre-edicion-limitada-a-precio-especial-cancion-de-hielo-y-fuego-9788466362795\/","title":{"rendered":"FUEGO Y SANGRE (EDICI\u00d3N LIMITADA A PRECIO ESPECIAL) (CANCI\u00d3N DE HIELO Y FUEGO)"},"content":{"rendered":"<p>La historia de los Targaryen cobra vida en esta obra magistral en la se que inspira la serie de HBO La Casa del Drag\u00f3n, la precuela de Juego de Tronos. Siglos antes de que tuvieran lugar los acontecimientos que se relatan en \u00abCanci\u00f3n de hielo y fuego\u00bb, la casa Targaryen, la \u00fanica dinast\u00eda de se\u00f1ores drag\u00f3n que sobrevivi\u00f3 a la Maldici\u00f3n de Valyria, se asent\u00f3 en la isla de Rocadrag\u00f3n.Aqu\u00ed tenemos el primero de los dos vol\u00famenes en el que el autor de Juego de tronos nos cuenta, con todo lujo de detalles, la historia de tan fascinante familia: empezando por Aegon I Targaryen, creador del ic\u00f3nico Trono de Hierro, y seguido por el resto de las generaciones de Targaryens que lucharon con fiereza por conservar el poder, y el trono, hasta la llegada de la guerra civil que casi acaba con ellos.\u00bfQu\u00e9 pas\u00f3 realmente durante la Danza de dragones? \u00bfPor qu\u00e9 era tan peligroso acercarse a Valyria despu\u00e9s de la Maldici\u00f3n? \u00bfC\u00f3mo era Poniente cuando los dragones dominaban los cielos? Estas, y otras muchas, son las preguntas a las que responde esta monumental cr\u00f3nica, narrada por un culto maestre de la Ciudadela, que anticipa el ya conocido universo de George R.R. Martin.Fuego y Sangre brindar\u00e1 a los lectores la oportunidad de tener otra visi\u00f3n de la fascinante historia de Poniente. Esta obra, magn\u00edficamente ilustrada con 80 l\u00e1minas in\u00e9ditas de Doug Wheatley, se convertir\u00e1, sin duda, en una lectura ineludible para todos los fans de la aclamada serie.La cr\u00edtica ha dicho&#8230;<br \/>\u00abFuego y Sangre es un libro brillante.\u00bb<br \/>Sunday Times \u00abSin duda alguna podemos considerar a George R. R. Martin como el principal creador de mundos de fantas\u00eda de su generaci\u00f3n &#8230; la riqueza de detalles y las capas del universo que ha creado es extraordinaria, y abundan los sorprendentes giros narrativos.\u00bb<br \/>Sunday Express\u00abUna historia rica llena de matices, que hace a\u00fan m\u00e1s grande la maravilla que es &#8216;Canci\u00f3n de hielo y fuego&#8217;. Muy disfrutable, y al nivel del mejor Martin&#8230; absolutamente imprescindible.\u00bb<br \/>Juan G\u00f3mez-Jurado, ABC \u00abFuegoy Sangre ofrece un mont\u00f3n de emociones con el caracter\u00edstico sello de la casa Martin.\u00bb<br \/>Jacinto Ant\u00f3n, El Pa\u00eds<\/p>\n","protected":false},"excerpt":{"rendered":"<p>R.R. MARTIN, GEORGE \/ WHEATLEY, DOUG<\/p>\n","protected":false},"featured_media":581377,"template":"","meta":{"_acf_changed":false,"om_disable_all_campaigns":false,"rs_blank_template":"","rs_page_bg_color":"","slide_template_v7":"","inline_featured_image":false,"_monsterinsights_skip_tracking":false,"_monsterinsights_sitenote_active":false,"_monsterinsights_sitenote_note":"","_monsterinsights_sitenote_category":0},"product_brand":[],"product_cat":[127,357],"product_tag":[],"class_list":{"0":"post-581124","1":"product","2":"type-product","3":"status-publish","4":"has-post-thumbnail","6":"product_cat-novella-contemporania","7":"product_cat-novela-contemporanea","9":"first","10":"instock","11":"taxable","12":"shipping-taxable","13":"purchasable","14":"product-type-simple"},"acf":{"autor":"R.R. MARTIN, GEORGE \/ WHEATLEY, DOUG","codart":"846636279","libros-coleccion":"","ediciones":"1","encuadernacion":"R\u00fastica","fecha_de_publicacion":"01\/09\/2023","novedad":"1","paginas":"881","subtitulo":"300 A\u00d1OS ANTES DE JUEGO DE TRONOS. HISTORIA DE LOS TARGARYEN","orden":"0","portada":"0","idioma":"spa","editorial":[{"ID":6178,"post_author":"3","post_date":"2022-07-28 17:46:34","post_date_gmt":"2022-07-28 15:46:34","post_content":"","post_title":"DEBOLSILLO","post_excerpt":"","post_status":"publish","comment_status":"closed","ping_status":"closed","post_password":"","post_name":"debolsillo","to_ping":"","pinged":"","post_modified":"2022-07-28 17:46:34","post_modified_gmt":"2022-07-28 15:46:34","post_content_filtered":"","post_parent":0,"guid":"http:\/\/dev.claret.cat\/editorial\/debolsillo\/","menu_order":0,"post_type":"editorial","post_mime_type":"","comment_count":"0","filter":"raw"}],"autores-libros":[{"ID":154331,"post_author":"3","post_date":"2022-10-14 15:03:58","post_date_gmt":"2022-10-14 13:03:58","post_content":"","post_title":"DOUG WHEATLEY","post_excerpt":"","post_status":"publish","comment_status":"closed","ping_status":"closed","post_password":"","post_name":"doug-wheatley","to_ping":"","pinged":"","post_modified":"2022-10-14 15:03:58","post_modified_gmt":"2022-10-14 13:03:58","post_content_filtered":"","post_parent":0,"guid":"http:\/\/dev.claret.cat\/autor\/doug-wheatley\/","menu_order":0,"post_type":"autor","post_mime_type":"","comment_count":"0","filter":"raw"},{"ID":156743,"post_author":"3","post_date":"2022-10-14 15:23:16","post_date_gmt":"2022-10-14 13:23:16","post_content":"","post_title":"GEORGE R.R. MARTIN","post_excerpt":"","post_status":"publish","comment_status":"closed","ping_status":"closed","post_password":"","post_name":"george-r-r-martin-5","to_ping":"","pinged":"","post_modified":"2022-10-14 15:23:16","post_modified_gmt":"2022-10-14 13:23:16","post_content_filtered":"","post_parent":0,"guid":"http:\/\/dev.claret.cat\/autor\/george-r-r-martin-5\/","menu_order":0,"post_type":"autor","post_mime_type":"","comment_count":"0","filter":"raw"}]},"aioseo_notices":[],"_links":{"self":[{"href":"https:\/\/www.claret.cat\/es\/wp-json\/wp\/v2\/product\/581124","targetHints":{"allow":["GET"]}}],"collection":[{"href":"https:\/\/www.claret.cat\/es\/wp-json\/wp\/v2\/product"}],"about":[{"href":"https:\/\/www.claret.cat\/es\/wp-json\/wp\/v2\/types\/product"}],"wp:featuredmedia":[{"embeddable":true,"href":"https:\/\/www.claret.cat\/es\/wp-json\/wp\/v2\/media\/581377"}],"wp:attachment":[{"href":"https:\/\/www.claret.cat\/es\/wp-json\/wp\/v2\/media?parent=581124"}],"wp:term":[{"taxonomy":"product_brand","embeddable":true,"href":"https:\/\/www.claret.cat\/es\/wp-json\/wp\/v2\/product_brand?post=581124"},{"taxonomy":"product_cat","embeddable":true,"href":"https:\/\/www.claret.cat\/es\/wp-json\/wp\/v2\/product_cat?post=581124"},{"taxonomy":"product_tag","embeddable":true,"href":"https:\/\/www.claret.cat\/es\/wp-json\/wp\/v2\/product_tag?post=581124"}],"curies":[{"name":"wp","href":"https:\/\/api.w.org\/{rel}","templated":true}]}}