{"id":581130,"date":"2023-09-04T15:47:01","date_gmt":"2023-09-04T13:47:01","guid":{"rendered":"https:\/\/www.claret.cat\/llibre\/el-italiano-edicion-limitada-a-precio-especial-9788466372510\/"},"modified":"2023-10-11T01:07:43","modified_gmt":"2023-10-10T23:07:43","slug":"el-italiano-edicion-limitada-a-precio-especial-9788466372510","status":"publish","type":"product","link":"https:\/\/www.claret.cat\/es\/libro\/el-italiano-edicion-limitada-a-precio-especial-9788466372510\/","title":{"rendered":"EL ITALIANO (EDICI\u00d3N LIMITADA A PRECIO ESPECIAL)"},"content":{"rendered":"<p>UNA HISTORIA DE AMOR, MAR Y GUERRA. \u00abNada traiciona, tanto tiempo despu\u00e9s, la mujer que desde hace dos a\u00f1os vive sola junto al mar con un perro y unos libros. Qu\u00e9 otra cosa, decide, ser\u00eda el impulso, o el deseo, de permanecer abrazada a ese hombre para siempre. Ignora qu\u00e9 habr\u00e1 en su cabeza dentro de un par de horas, cuando la claridad del d\u00eda la despeje del todo e ilumine con m\u00e1s crudeza su conciencia. Lo cierto es que en este momento, sin duda alguna, desear\u00eda morir si \u00e9l muriera\u00bb. <br \/>En los a\u00f1os 1942 y 1943, durante la Segunda Guerra Mundial, buzos de combate italianos hundieron o da\u00f1aron catorce barcos aliados en Gibraltar y la bah\u00eda de Algeciras. En esta novela, inspirada en hechos reales, s\u00f3lo algunos personajes y situaciones son imaginarios. Elena Arbu\u00e9s, una librera de veintisiete a\u00f1os, encuentra una madrugada mientras pasea por la playa a uno de esos buzos, desvanecido entre la arena y el agua. Al socorrerlo, la joven ignora que esa determinaci\u00f3n cambiar\u00e1 su vida y que el amor ser\u00e1 s\u00f3lo parte de una peligrosa aventura.La cr\u00edtica ha dicho:<br \/>\u00abP\u00e9rez-Reverte logra una novela intensa, de emociones sofrenadas y virtudes infrecuentes, incluida la virtud acaso controvertida del reconocimiento del m\u00e9rito, valor y nobleza de los enemigos\u00bb.<br \/>Domingo R\u00f3denas de Moya, Babelia \u00abEl italiano es para m\u00ed la mejor novela de Arturo P\u00e9rez Reverte hasta el momento. Todos sus cap\u00edtulos huelen a limpio, al despertar de las ma\u00f1anas de verano, a croissant, al Floyd de las peluquer\u00edas de antes, a los bares a eso de las nueve, reci\u00e9n barridos y fregados, cuando ya se les ha ido el olor de la lej\u00eda. A aquellas monta\u00f1as m\u00e1gicas de las primeras excursiones colegiales. Su prosa est\u00e1 atravesada por el temblor de la ilusi\u00f3n. [&#8230;] Ley\u00e9ndolo he recordado a Graham Greene, a Simenon y a Conrad, a Vittorio De Sica y a Rossellini\u00bb.<br \/>Jos\u00e9 Luis Garci\u00abUn homenaje asombroso al Mediterr\u00e1neo como patria, y al m\u00e1rmol y bronce de sus dioses y sus h\u00e9roes\u00bb.<br \/>Ra\u00fal del Pozo \u00abHay libros capaces de enclavijar al lector a la realidad mientras empujan a adentrarse en lo m\u00e1s ins\u00f3lito del mundo. Porque la vida se concreta mejor en lo peque\u00f1o. El italiano es uno de ellos: [&#8230;] un secreto guardado por las horas\u00bb.<br \/>Antonio Lucas, El Mundo\u00abP\u00e9rez-Reverte en su mejor momento. Sus novelas trazan lazos de uni\u00f3n unas con otras, hasta formar unaurdimbre que es lo que los cl\u00e1sicos llamaban estilo, y los modernos, mundo\u00bb.<br \/>Jos\u00e9 Mar\u00eda Pozuelo Yvancos, ABCultural \u00abLa magia consiste en que Arturo P\u00e9rez-Reverte es capaz de poner al lector, con toda la profundidad de campo que sea capaz de apreciar, porque le ofrece un tapiz con los datos hist\u00f3ricos y las coordenadas mentales del momento. [&#8230;] Esto no es f\u00e1cil, pero roza el virtuosismo cuandoadem\u00e1s la lecci\u00f3n de vida y de historia viene vestida de aventura, de esas que no te deja levantar los ojos de la p\u00e1gina\u00bb.<br \/>Jes\u00fas Garc\u00eda Calero, Zenda \u00abPor el mismo precio, una bella historia de amor y una historia de guerra. \u00a1Y qu\u00e9 historia de guerra!\u00bb<br \/>Jacinto Ant\u00f3n, El Pa\u00eds\u00abUna estupenda aventura de amor, honor y guerra: gran historia real trufada de imaginaci\u00f3n. [&#8230;] El Dumas espa\u00f1ol\u00bb.<br \/>Jos\u00e9 Mar\u00eda de Loma, La Opini\u00f3n de M\u00e1laga \u00abUna trama de espionaje que le dar\u00e1 ese retumbar de los grandes thrillers, [&#8230;] un h\u00e9roe mediterr\u00e1neo [que] ti\u00f1e estas p\u00e1ginas de la melancol\u00eda que suele derivarse, por lo general, del inevitable paso del tiempo\u00bb.<br \/>Javier Ors, La Raz\u00f3n<\/p>\n","protected":false},"excerpt":{"rendered":"<p>P\u00c9REZ-REVERTE, ARTURO<\/p>\n","protected":false},"featured_media":581131,"template":"","meta":{"_acf_changed":false,"om_disable_all_campaigns":false,"rs_blank_template":"","rs_page_bg_color":"","slide_template_v7":"","inline_featured_image":false,"_monsterinsights_skip_tracking":false,"_monsterinsights_sitenote_active":false,"_monsterinsights_sitenote_note":"","_monsterinsights_sitenote_category":0},"product_brand":[],"product_cat":[127,357],"product_tag":[],"class_list":{"0":"post-581130","1":"product","2":"type-product","3":"status-publish","4":"has-post-thumbnail","6":"product_cat-novella-contemporania","7":"product_cat-novela-contemporanea","9":"first","10":"instock","11":"taxable","12":"shipping-taxable","13":"purchasable","14":"product-type-simple"},"acf":{"autor":"P\u00c9REZ-REVERTE, ARTURO","codart":"846637251","libros-coleccion":"CAMPA\u00d1AS","ediciones":"1","encuadernacion":"R\u00fastica","fecha_de_publicacion":"01\/09\/2023","novedad":"1","paginas":"387","subtitulo":"","orden":"0","portada":"0","idioma":"spa","editorial":[{"ID":6178,"post_author":"3","post_date":"2022-07-28 17:46:34","post_date_gmt":"2022-07-28 15:46:34","post_content":"","post_title":"DEBOLSILLO","post_excerpt":"","post_status":"publish","comment_status":"closed","ping_status":"closed","post_password":"","post_name":"debolsillo","to_ping":"","pinged":"","post_modified":"2022-07-28 17:46:34","post_modified_gmt":"2022-07-28 15:46:34","post_content_filtered":"","post_parent":0,"guid":"http:\/\/dev.claret.cat\/editorial\/debolsillo\/","menu_order":0,"post_type":"editorial","post_mime_type":"","comment_count":"0","filter":"raw"}],"autores-libros":[{"ID":151165,"post_author":"3","post_date":"2022-10-14 14:38:43","post_date_gmt":"2022-10-14 12:38:43","post_content":"","post_title":"ARTURO PEREZ-REVERTE","post_excerpt":"","post_status":"publish","comment_status":"closed","ping_status":"closed","post_password":"","post_name":"arturo-perez-reverte-2","to_ping":"","pinged":"","post_modified":"2022-10-14 14:38:43","post_modified_gmt":"2022-10-14 12:38:43","post_content_filtered":"","post_parent":0,"guid":"http:\/\/dev.claret.cat\/autor\/arturo-perez-reverte-2\/","menu_order":0,"post_type":"autor","post_mime_type":"","comment_count":"0","filter":"raw"}]},"aioseo_notices":[],"_links":{"self":[{"href":"https:\/\/www.claret.cat\/es\/wp-json\/wp\/v2\/product\/581130","targetHints":{"allow":["GET"]}}],"collection":[{"href":"https:\/\/www.claret.cat\/es\/wp-json\/wp\/v2\/product"}],"about":[{"href":"https:\/\/www.claret.cat\/es\/wp-json\/wp\/v2\/types\/product"}],"wp:featuredmedia":[{"embeddable":true,"href":"https:\/\/www.claret.cat\/es\/wp-json\/wp\/v2\/media\/581131"}],"wp:attachment":[{"href":"https:\/\/www.claret.cat\/es\/wp-json\/wp\/v2\/media?parent=581130"}],"wp:term":[{"taxonomy":"product_brand","embeddable":true,"href":"https:\/\/www.claret.cat\/es\/wp-json\/wp\/v2\/product_brand?post=581130"},{"taxonomy":"product_cat","embeddable":true,"href":"https:\/\/www.claret.cat\/es\/wp-json\/wp\/v2\/product_cat?post=581130"},{"taxonomy":"product_tag","embeddable":true,"href":"https:\/\/www.claret.cat\/es\/wp-json\/wp\/v2\/product_tag?post=581130"}],"curies":[{"name":"wp","href":"https:\/\/api.w.org\/{rel}","templated":true}]}}