{"id":581135,"date":"2023-09-04T15:50:03","date_gmt":"2023-09-04T13:50:03","guid":{"rendered":"https:\/\/www.claret.cat\/llibre\/charlie-y-la-fabrica-de-chocolate-9788491221166\/"},"modified":"2024-01-05T12:10:46","modified_gmt":"2024-01-05T11:10:46","slug":"charlie-y-la-fabrica-de-chocolate-9788491221166","status":"publish","type":"product","link":"https:\/\/www.claret.cat\/es\/libro\/charlie-y-la-fabrica-de-chocolate-9788491221166\/","title":{"rendered":"CHARLIE Y LA F\u00c1BRICA DE CHOCOLATE"},"content":{"rendered":"<p>El se\u00f1or Wonka ha escondido cinco billetes de oro en sus chocolatinas. Quienes los encuentren ser\u00e1n los afortunados que visiten su magn\u00edfica f\u00e1brica de chocolate. Charlie tiene la suerte de encontrar uno de ellos y, a partir de ese momento, su vida cambiar\u00e1 para siempre.<\/p>\n","protected":false},"excerpt":{"rendered":"<p>DAHL, ROALD<\/p>\n","protected":false},"featured_media":734944,"template":"","meta":{"_acf_changed":false,"om_disable_all_campaigns":false,"rs_blank_template":"","rs_page_bg_color":"","slide_template_v7":"","inline_featured_image":false,"_monsterinsights_skip_tracking":false,"_monsterinsights_sitenote_active":false,"_monsterinsights_sitenote_note":"","_monsterinsights_sitenote_category":0},"product_brand":[],"product_cat":[133,363],"product_tag":[],"class_list":{"0":"post-581135","1":"product","2":"type-product","3":"status-publish","4":"has-post-thumbnail","6":"product_cat-lectures-per-adolescents-12-18-anys","7":"product_cat-lecturas-por-adolescentes-12-18-anos","9":"first","10":"instock","11":"taxable","12":"shipping-taxable","13":"purchasable","14":"product-type-simple"},"acf":{"autor":"DAHL, ROALD","codart":"849122116","libros-coleccion":"FORA DE COL.LECCI\u00d3","ediciones":"1","encuadernacion":"R\u00fastica","fecha_de_publicacion":"01\/02\/2016","novedad":"1","paginas":"2312310","subtitulo":"","orden":"0","portada":"0","idioma":"spa","editorial":[{"ID":6357,"post_author":"3","post_date":"2022-07-28 17:50:27","post_date_gmt":"2022-07-28 15:50:27","post_content":"","post_title":"Santillana Educaci\u00f3n","post_excerpt":"","post_status":"publish","comment_status":"closed","ping_status":"closed","post_password":"","post_name":"santillana-educacion","to_ping":"","pinged":"","post_modified":"2022-07-28 17:50:27","post_modified_gmt":"2022-07-28 15:50:27","post_content_filtered":"","post_parent":0,"guid":"http:\/\/dev.claret.cat\/editorial\/santillana-educacion\/","menu_order":0,"post_type":"editorial","post_mime_type":"","comment_count":"0","filter":"raw"}],"autores-libros":[{"ID":168156,"post_author":"3","post_date":"2022-10-14 18:16:58","post_date_gmt":"2022-10-14 16:16:58","post_content":"","post_title":"ROALD DAHL","post_excerpt":"","post_status":"publish","comment_status":"closed","ping_status":"closed","post_password":"","post_name":"roald-dahl","to_ping":"","pinged":"","post_modified":"2022-10-14 18:16:58","post_modified_gmt":"2022-10-14 16:16:58","post_content_filtered":"","post_parent":0,"guid":"http:\/\/dev.claret.cat\/autor\/roald-dahl\/","menu_order":0,"post_type":"autor","post_mime_type":"","comment_count":"0","filter":"raw"}]},"aioseo_notices":[],"_links":{"self":[{"href":"https:\/\/www.claret.cat\/es\/wp-json\/wp\/v2\/product\/581135","targetHints":{"allow":["GET"]}}],"collection":[{"href":"https:\/\/www.claret.cat\/es\/wp-json\/wp\/v2\/product"}],"about":[{"href":"https:\/\/www.claret.cat\/es\/wp-json\/wp\/v2\/types\/product"}],"wp:featuredmedia":[{"embeddable":true,"href":"https:\/\/www.claret.cat\/es\/wp-json\/wp\/v2\/media\/734944"}],"wp:attachment":[{"href":"https:\/\/www.claret.cat\/es\/wp-json\/wp\/v2\/media?parent=581135"}],"wp:term":[{"taxonomy":"product_brand","embeddable":true,"href":"https:\/\/www.claret.cat\/es\/wp-json\/wp\/v2\/product_brand?post=581135"},{"taxonomy":"product_cat","embeddable":true,"href":"https:\/\/www.claret.cat\/es\/wp-json\/wp\/v2\/product_cat?post=581135"},{"taxonomy":"product_tag","embeddable":true,"href":"https:\/\/www.claret.cat\/es\/wp-json\/wp\/v2\/product_tag?post=581135"}],"curies":[{"name":"wp","href":"https:\/\/api.w.org\/{rel}","templated":true}]}}