{"id":581147,"date":"2023-09-04T15:51:12","date_gmt":"2023-09-04T13:51:12","guid":{"rendered":"https:\/\/www.claret.cat\/llibre\/las-reglas-del-ratoncito-perez-9788418050473\/"},"modified":"2025-02-14T19:20:21","modified_gmt":"2025-02-14T18:20:21","slug":"las-reglas-del-ratoncito-perez-9788418050473","status":"publish","type":"product","link":"https:\/\/www.claret.cat\/es\/libro\/las-reglas-del-ratoncito-perez-9788418050473\/","title":{"rendered":"LAS REGLAS DEL RATONCITO P\u00c9REZ"},"content":{"rendered":"<p>El cuento ilustrado m\u00e1s especial de Eloy Moreno, autor bestseller de Invisible, nos acerca al mundo secreto del personaje m\u00e1s querido por nuestros ni\u00f1os: el Ratoncito P\u00e9rez. Al despertarse esta ma\u00f1ana, Lila se ha dado cuenta de que se le mov\u00eda un diente. Preocupada ha comenzado a hacerse muchas preguntas: \u00bfQu\u00e9 pasa si me trago el diente mientras duermo? \u00bfY si se me cae en el colegio?\u00bfY si lo pierdo? \u00bfC\u00f3mo sabe el ratoncito que se me ha ca\u00eddo un diente? \u00bfY si se le olvida pasar? Con este precioso cuento, los ni\u00f1os resolver\u00e1n sus dudas sobre el rat\u00f3n m\u00e1s querido en todas las casas. El libro adem\u00e1s contiene:- Preguntas para que los ni\u00f1os participen. &#8211; Juegos de b\u00fasqueda. &#8211; Personajes con los que pueden identificarse. &#8211; Ilustraciones que les ayudan a desarrollar sus habilidades de observaci\u00f3n. &#8211; Un texto cuidado que impulsa el desarrollo de las emociones. Un libro con el que ni\u00f1os y padres podr\u00e1n, no solo divertirse, sino que compartir un momento muy especial.El libro perfecto para regalar a los ni\u00f1os cuando se les caen sus primeros dientes.<\/p>\n","protected":false},"excerpt":{"rendered":"<p>MORENO, ELOY<\/p>\n","protected":false},"featured_media":581148,"template":"","meta":{"_acf_changed":false,"om_disable_all_campaigns":false,"rs_blank_template":"","rs_page_bg_color":"","slide_template_v7":"","inline_featured_image":false,"_monsterinsights_skip_tracking":false,"_monsterinsights_sitenote_active":false,"_monsterinsights_sitenote_note":"","_monsterinsights_sitenote_category":0},"product_brand":[],"product_cat":[131,132,361,362],"product_tag":[],"class_list":{"0":"post-581147","1":"product","2":"type-product","3":"status-publish","4":"has-post-thumbnail","6":"product_cat-contes-per-infants-0-6-anys","7":"product_cat-lectures-per-preadolescents-6-12-anys","8":"product_cat-cuentos-para-ninos-0-6-anos","9":"product_cat-libros-preadolescentes-6-12-anos","11":"first","12":"instock","13":"taxable","14":"shipping-taxable","15":"purchasable","16":"product-type-simple"},"acf":{"autor":"MORENO, ELOY","codart":"841805047","libros-coleccion":"","ediciones":"1","encuadernacion":"Carton\u00e9","fecha_de_publicacion":"01\/09\/2023","novedad":"1","paginas":"48","subtitulo":"(CUENTOS PARA CONTAR ENTRE DOS)","orden":"0","portada":"0","idioma":"spa","editorial":[{"ID":148591,"post_author":"3","post_date":"2022-10-14 11:59:26","post_date_gmt":"2022-10-14 09:59:26","post_content":"","post_title":"NUBE DE TINTA","post_excerpt":"","post_status":"publish","comment_status":"closed","ping_status":"closed","post_password":"","post_name":"nube-de-tinta","to_ping":"","pinged":"","post_modified":"2022-10-14 11:59:26","post_modified_gmt":"2022-10-14 09:59:26","post_content_filtered":"","post_parent":0,"guid":"http:\/\/dev.claret.cat\/editorial\/nube-de-tinta\/","menu_order":0,"post_type":"editorial","post_mime_type":"","comment_count":"0","filter":"raw"}],"autores-libros":[{"ID":154908,"post_author":"3","post_date":"2022-10-14 15:08:37","post_date_gmt":"2022-10-14 13:08:37","post_content":"","post_title":"ELOY MORENO","post_excerpt":"","post_status":"publish","comment_status":"closed","ping_status":"closed","post_password":"","post_name":"eloy-moreno","to_ping":"","pinged":"","post_modified":"2022-10-14 15:08:37","post_modified_gmt":"2022-10-14 13:08:37","post_content_filtered":"","post_parent":0,"guid":"http:\/\/dev.claret.cat\/autor\/eloy-moreno\/","menu_order":0,"post_type":"autor","post_mime_type":"","comment_count":"0","filter":"raw"}]},"aioseo_notices":[],"_links":{"self":[{"href":"https:\/\/www.claret.cat\/es\/wp-json\/wp\/v2\/product\/581147","targetHints":{"allow":["GET"]}}],"collection":[{"href":"https:\/\/www.claret.cat\/es\/wp-json\/wp\/v2\/product"}],"about":[{"href":"https:\/\/www.claret.cat\/es\/wp-json\/wp\/v2\/types\/product"}],"wp:featuredmedia":[{"embeddable":true,"href":"https:\/\/www.claret.cat\/es\/wp-json\/wp\/v2\/media\/581148"}],"wp:attachment":[{"href":"https:\/\/www.claret.cat\/es\/wp-json\/wp\/v2\/media?parent=581147"}],"wp:term":[{"taxonomy":"product_brand","embeddable":true,"href":"https:\/\/www.claret.cat\/es\/wp-json\/wp\/v2\/product_brand?post=581147"},{"taxonomy":"product_cat","embeddable":true,"href":"https:\/\/www.claret.cat\/es\/wp-json\/wp\/v2\/product_cat?post=581147"},{"taxonomy":"product_tag","embeddable":true,"href":"https:\/\/www.claret.cat\/es\/wp-json\/wp\/v2\/product_tag?post=581147"}],"curies":[{"name":"wp","href":"https:\/\/api.w.org\/{rel}","templated":true}]}}