{"id":581154,"date":"2023-09-04T15:55:03","date_gmt":"2023-09-04T13:55:03","guid":{"rendered":"https:\/\/www.claret.cat\/llibre\/les-regles-del-ratoli-perez-9788418050787\/"},"modified":"2024-07-04T11:30:16","modified_gmt":"2024-07-04T09:30:16","slug":"les-regles-del-ratoli-perez-9788418050787","status":"publish","type":"product","link":"https:\/\/www.claret.cat\/es\/libro\/les-regles-del-ratoli-perez-9788418050787\/","title":{"rendered":"LES REGLES DEL RATOL\u00cd P\u00c9REZ"},"content":{"rendered":"<p>El conte il\u00b7lustrat m\u00e9s especial d&#8217;Eloy Moreno, autor bestseller d&#8217;Invisible, ens apropa al m\u00f3n secret del personatge m\u00e9s estimat pels nostres infants: el Ratol\u00ed P\u00e9rez. Quan s&#8217;ha despertat aquest mat\u00ed, la Lila s&#8217;ha adonat que se li movia una dent. Amo\u00efnada, ha comen\u00e7at a fer-se moltes preguntes: Qu\u00e8 passa si m&#8217;empasso la dent mentre dormo? I si em cau a l&#8217;escola? I si la perdo?Com ho sap, el ratol\u00ed, que m&#8217;ha caigut una dent? I si s&#8217;oblida de venir? Amb aquest conte preci\u00f3s, els nens resoldran els seus dubtes sobre el ratol\u00ed m\u00e9s estimat de totes les cases. El llibre, a m\u00e9s, cont\u00e9: &#8211; Preguntes perqu\u00e8 els nens hi participin.- Jocs de cerca. &#8211; Personatges amb qu\u00e8 es poden identificar. &#8211; Il\u00b7lustracions que els ajuden a desenvolupar habilitats d&#8217;observaci\u00f3. &#8211; Un text cuidat que impulsa el desenvolupament de les emocions. Un llibre amb qu\u00e8 nens i pares no nom\u00e9s es podran divertir, sin\u00f3 compartir un moment molt especial. El llibre perfecte per regalar als nens quan els cauen les primeres dents.<\/p>\n","protected":false},"excerpt":{"rendered":"<p>MORENO, ELOY<\/p>\n","protected":false},"featured_media":581423,"template":"","meta":{"_acf_changed":false,"om_disable_all_campaigns":false,"rs_blank_template":"","rs_page_bg_color":"","slide_template_v7":"","inline_featured_image":false,"_monsterinsights_skip_tracking":false,"_monsterinsights_sitenote_active":false,"_monsterinsights_sitenote_note":"","_monsterinsights_sitenote_category":0},"product_brand":[],"product_cat":[90,540],"product_tag":[],"class_list":{"0":"post-581154","1":"product","2":"type-product","3":"status-publish","4":"has-post-thumbnail","6":"product_cat-altres","7":"product_cat-otros","9":"first","10":"instock","11":"taxable","12":"shipping-taxable","13":"purchasable","14":"product-type-simple"},"acf":{"autor":"MORENO, ELOY","codart":"841805078","libros-coleccion":"","ediciones":"1","encuadernacion":"Carton\u00e9","fecha_de_publicacion":"01\/09\/2023","novedad":"1","paginas":"48","subtitulo":"(CONTES PER A CONTAR ENTRE DOS)","orden":"0","portada":"1","idioma":"cat","editorial":[{"ID":148591,"post_author":"3","post_date":"2022-10-14 11:59:26","post_date_gmt":"2022-10-14 09:59:26","post_content":"","post_title":"NUBE DE TINTA","post_excerpt":"","post_status":"publish","comment_status":"closed","ping_status":"closed","post_password":"","post_name":"nube-de-tinta","to_ping":"","pinged":"","post_modified":"2022-10-14 11:59:26","post_modified_gmt":"2022-10-14 09:59:26","post_content_filtered":"","post_parent":0,"guid":"http:\/\/dev.claret.cat\/editorial\/nube-de-tinta\/","menu_order":0,"post_type":"editorial","post_mime_type":"","comment_count":"0","filter":"raw"}],"autores-libros":[{"ID":154908,"post_author":"3","post_date":"2022-10-14 15:08:37","post_date_gmt":"2022-10-14 13:08:37","post_content":"","post_title":"ELOY MORENO","post_excerpt":"","post_status":"publish","comment_status":"closed","ping_status":"closed","post_password":"","post_name":"eloy-moreno","to_ping":"","pinged":"","post_modified":"2022-10-14 15:08:37","post_modified_gmt":"2022-10-14 13:08:37","post_content_filtered":"","post_parent":0,"guid":"http:\/\/dev.claret.cat\/autor\/eloy-moreno\/","menu_order":0,"post_type":"autor","post_mime_type":"","comment_count":"0","filter":"raw"}]},"aioseo_notices":[],"_links":{"self":[{"href":"https:\/\/www.claret.cat\/es\/wp-json\/wp\/v2\/product\/581154","targetHints":{"allow":["GET"]}}],"collection":[{"href":"https:\/\/www.claret.cat\/es\/wp-json\/wp\/v2\/product"}],"about":[{"href":"https:\/\/www.claret.cat\/es\/wp-json\/wp\/v2\/types\/product"}],"wp:featuredmedia":[{"embeddable":true,"href":"https:\/\/www.claret.cat\/es\/wp-json\/wp\/v2\/media\/581423"}],"wp:attachment":[{"href":"https:\/\/www.claret.cat\/es\/wp-json\/wp\/v2\/media?parent=581154"}],"wp:term":[{"taxonomy":"product_brand","embeddable":true,"href":"https:\/\/www.claret.cat\/es\/wp-json\/wp\/v2\/product_brand?post=581154"},{"taxonomy":"product_cat","embeddable":true,"href":"https:\/\/www.claret.cat\/es\/wp-json\/wp\/v2\/product_cat?post=581154"},{"taxonomy":"product_tag","embeddable":true,"href":"https:\/\/www.claret.cat\/es\/wp-json\/wp\/v2\/product_tag?post=581154"}],"curies":[{"name":"wp","href":"https:\/\/api.w.org\/{rel}","templated":true}]}}