{"id":581180,"date":"2023-09-04T16:01:31","date_gmt":"2023-09-04T14:01:31","guid":{"rendered":"https:\/\/www.claret.cat\/llibre\/bienvenidos-a-otro-lado-9788419437549\/"},"modified":"2023-10-11T01:07:19","modified_gmt":"2023-10-10T23:07:19","slug":"bienvenidos-a-otro-lado-9788419437549","status":"publish","type":"product","link":"https:\/\/www.claret.cat\/es\/libro\/bienvenidos-a-otro-lado-9788419437549\/","title":{"rendered":"BIENVENIDOS A OTRO LADO"},"content":{"rendered":"<p>Macanudo sigue creciendo: un nuevo formato para recopilar las tiras de la serie desarrolladas para el mercado estadounidense. Si Liniers ya hab\u00eda conquistado a su p\u00fablico en espa\u00f1ol, ahora tambi\u00e9n ha tomado por asalto el territorio de la historieta estadounidense con Macanudo, su tira deliciosamente exc\u00e9ntrica, encantadora y perdurable.Su reparto rotativo de ni\u00f1os, animales que hablan, monstruos imaginarios, brujas, duendes ocasionales y objetos antropomorfizados satiriza, filosofa, reflexiona sobre la naturaleza y emprende vuelos de fantas\u00eda surrealistas y art\u00edsticos, echando, mientras hacen sus cabriolas, una mirada fresca, desinhibida y curiosa sobre el mundo. Bienvenidosa otro lado es el primer volumen de esta nueva etapa de Macanudo, una creaci\u00f3n que sigue ampliando sus fronteras y que hoy, m\u00e1s internacional que nunca, puede leerse tanto en los habituales medios en castellano como en cientos de peri\u00f3dicos en ingl\u00e9s.La cr\u00edtica ha dicho:<br \/>\u00abLiniers sabe bajar al papel todos esos pensamientos tan m\u00e1gicos como coloridos que viven en nuestro interior. La sensibilidad y la fantas\u00eda conviven en su genial mundo de lo absurdo haci\u00e9ndonos adictos a su arte\u00bb.<br \/>Agustina Guerrero \u00abRicardo Liniers Siri es, tambi\u00e9n, el \u00faltimo gran fen\u00f3meno del humor gr\u00e1fico en un pa\u00eds con nombres como Quino, Fontanarrosa, Maitena\u00bb.<br \/>Leila Guerriero\u00abLos c\u00f3mics de Liniers son divertidos, fantasiosos, caprichosos y filos\u00f3ficos en el mejor sentido. Enseguida dan ganas de sumergirse en su universo, con la mirada feliz de poder emprender ese viaje\u00bb.<br \/>Matt Groening \u00abEl sentido del humor de Liniers es ir\u00f3nico y reflexivo, y as\u00ed lo plasma a trav\u00e9s de sus variopintos personajes -la vaca cin\u00e9fila, el robot sensible o \u00e9l mismo, disfrazado de conejo con gafas-. Estas caracter\u00edsticasle han granjeado una enorme popularidad en Argentina desde que comenz\u00f3 a publicar tiras c\u00f3micas en el diario La Naci\u00f3n, en 2002\u00bb.<br \/>El Pa\u00eds Semanal<\/p>\n","protected":false},"excerpt":{"rendered":"<p>LINIERS<\/p>\n","protected":false},"featured_media":581181,"template":"","meta":{"_acf_changed":false,"om_disable_all_campaigns":false,"rs_blank_template":"","rs_page_bg_color":"","slide_template_v7":"","inline_featured_image":false,"_monsterinsights_skip_tracking":false,"_monsterinsights_sitenote_active":false,"_monsterinsights_sitenote_note":"","_monsterinsights_sitenote_category":0},"product_brand":[],"product_cat":[114,563],"product_tag":[],"class_list":{"0":"post-581180","1":"product","2":"type-product","3":"status-publish","4":"has-post-thumbnail","6":"product_cat-humor-grafic","7":"product_cat-humor-grafico","9":"first","10":"instock","11":"taxable","12":"shipping-taxable","13":"purchasable","14":"product-type-simple"},"acf":{"autor":"LINIERS","codart":"841943754","libros-coleccion":"RESERVOIR GR\u00c1FICA","ediciones":"1","encuadernacion":"Carton\u00e9","fecha_de_publicacion":"01\/09\/2023","novedad":"1","paginas":"177","subtitulo":"","orden":"0","portada":"0","idioma":"spa","editorial":[{"ID":148749,"post_author":"3","post_date":"2022-10-14 12:00:41","post_date_gmt":"2022-10-14 10:00:41","post_content":"","post_title":"RESERVOIR BOOKS","post_excerpt":"","post_status":"publish","comment_status":"closed","ping_status":"closed","post_password":"","post_name":"reservoir-books","to_ping":"","pinged":"","post_modified":"2022-10-14 12:00:41","post_modified_gmt":"2022-10-14 10:00:41","post_content_filtered":"","post_parent":0,"guid":"http:\/\/dev.claret.cat\/editorial\/reservoir-books\/","menu_order":0,"post_type":"editorial","post_mime_type":"","comment_count":"0","filter":"raw"}],"autores-libros":[{"ID":162243,"post_author":"3","post_date":"2022-10-14 17:29:28","post_date_gmt":"2022-10-14 15:29:28","post_content":"","post_title":"LINIERS","post_excerpt":"","post_status":"publish","comment_status":"closed","ping_status":"closed","post_password":"","post_name":"liniers","to_ping":"","pinged":"","post_modified":"2022-10-14 17:29:28","post_modified_gmt":"2022-10-14 15:29:28","post_content_filtered":"","post_parent":0,"guid":"http:\/\/dev.claret.cat\/autor\/liniers\/","menu_order":0,"post_type":"autor","post_mime_type":"","comment_count":"0","filter":"raw"}]},"aioseo_notices":[],"_links":{"self":[{"href":"https:\/\/www.claret.cat\/es\/wp-json\/wp\/v2\/product\/581180","targetHints":{"allow":["GET"]}}],"collection":[{"href":"https:\/\/www.claret.cat\/es\/wp-json\/wp\/v2\/product"}],"about":[{"href":"https:\/\/www.claret.cat\/es\/wp-json\/wp\/v2\/types\/product"}],"wp:featuredmedia":[{"embeddable":true,"href":"https:\/\/www.claret.cat\/es\/wp-json\/wp\/v2\/media\/581181"}],"wp:attachment":[{"href":"https:\/\/www.claret.cat\/es\/wp-json\/wp\/v2\/media?parent=581180"}],"wp:term":[{"taxonomy":"product_brand","embeddable":true,"href":"https:\/\/www.claret.cat\/es\/wp-json\/wp\/v2\/product_brand?post=581180"},{"taxonomy":"product_cat","embeddable":true,"href":"https:\/\/www.claret.cat\/es\/wp-json\/wp\/v2\/product_cat?post=581180"},{"taxonomy":"product_tag","embeddable":true,"href":"https:\/\/www.claret.cat\/es\/wp-json\/wp\/v2\/product_tag?post=581180"}],"curies":[{"name":"wp","href":"https:\/\/api.w.org\/{rel}","templated":true}]}}