{"id":581188,"date":"2023-09-04T16:03:34","date_gmt":"2023-09-04T14:03:34","guid":{"rendered":"https:\/\/www.claret.cat\/llibre\/donde-esta-wally-en-busca-de-la-nota-perdida-coleccion-donde-esta-wally-7-9788419522283\/"},"modified":"2025-10-10T13:05:29","modified_gmt":"2025-10-10T11:05:29","slug":"donde-esta-wally-en-busca-de-la-nota-perdida-coleccion-donde-esta-wally-7-9788419522283","status":"publish","type":"product","link":"https:\/\/www.claret.cat\/es\/libro\/donde-esta-wally-en-busca-de-la-nota-perdida-coleccion-donde-esta-wally-7-9788419522283\/","title":{"rendered":"\u00bfD\u00d3NDE EST\u00c1 WALLY? EN BUSCA DE LA NOTA PERDIDA (COLECCI\u00d3N \u00bfD\u00d3NDE EST\u00c1 WALLY? 7)"},"content":{"rendered":"<p>La aventura m\u00e1s interactiva de Wally: \u00bfD\u00f3nde est\u00e1 Wally? \u00a1En busca de la nota perdida! Con recortables, desplegables y mucho material extra! \u00bfD\u00f3nde est\u00e1 Wally? Encu\u00e9ntralo ahora con nuevos detalles en cada p\u00e1gina. Una nueva edici\u00f3n de este cl\u00e1sico, perfecta para todos sus fan\u00e1ticos, que vuelve a estar en el disponible para todos los seguidores de Wally.<br \/> Esta nueva edici\u00f3n de \u00bfD\u00f3nde est\u00e1 Wally? En busca de la nota perdida contiene: &#8211; M\u00e1s b\u00fasquedas y desaf\u00edos, \u00a1la aventura m\u00e1s interactiva de Wally!  &#8211; Un desplegable con troqueles para mayor diversi\u00f3n  &#8211; Un misterioso sobre con una nota perdida&#8230; Con todo esto, \u00bfconseguir\u00e1s encontrar a Wally?<\/p>\n","protected":false},"excerpt":{"rendered":"<p>HANDFORD, MARTIN<\/p>\n","protected":false},"featured_media":581189,"template":"","meta":{"_acf_changed":false,"om_disable_all_campaigns":false,"rs_blank_template":"","rs_page_bg_color":"","slide_template_v7":"","inline_featured_image":false,"_monsterinsights_skip_tracking":false,"_monsterinsights_sitenote_active":false,"_monsterinsights_sitenote_note":"","_monsterinsights_sitenote_category":0},"product_brand":[],"product_cat":[90,540],"product_tag":[],"class_list":{"0":"post-581188","1":"product","2":"type-product","3":"status-publish","4":"has-post-thumbnail","6":"product_cat-altres","7":"product_cat-otros","9":"first","10":"instock","11":"taxable","12":"shipping-taxable","13":"purchasable","14":"product-type-simple"},"acf":{"autor":"HANDFORD, MARTIN","codart":"841952228","libros-coleccion":"En busca de...","ediciones":"1","encuadernacion":"Carton\u00e9","fecha_de_publicacion":"01\/09\/2023","novedad":"1","paginas":"32","subtitulo":"","orden":"0","portada":"0","idioma":"spa","editorial":[{"ID":294535,"post_author":"3","post_date":"2022-12-12 12:50:10","post_date_gmt":"2022-12-12 11:50:10","post_content":"","post_title":"B de Blok","post_excerpt":"","post_status":"publish","comment_status":"closed","ping_status":"closed","post_password":"","post_name":"b-de-blok","to_ping":"","pinged":"","post_modified":"2022-12-12 12:50:10","post_modified_gmt":"2022-12-12 11:50:10","post_content_filtered":"","post_parent":0,"guid":"http:\/\/dev.claret.cat\/editorial\/b-de-blok\/","menu_order":0,"post_type":"editorial","post_mime_type":"","comment_count":"0","filter":"raw"}],"autores-libros":[{"ID":164289,"post_author":"3","post_date":"2022-10-14 17:45:53","post_date_gmt":"2022-10-14 15:45:53","post_content":"","post_title":"MARTIN HANDFORD","post_excerpt":"","post_status":"publish","comment_status":"closed","ping_status":"closed","post_password":"","post_name":"martin-handford","to_ping":"","pinged":"","post_modified":"2022-10-14 17:45:53","post_modified_gmt":"2022-10-14 15:45:53","post_content_filtered":"","post_parent":0,"guid":"http:\/\/dev.claret.cat\/autor\/martin-handford\/","menu_order":0,"post_type":"autor","post_mime_type":"","comment_count":"0","filter":"raw"}],"booktrailer":"","resenas":""},"aioseo_notices":[],"_links":{"self":[{"href":"https:\/\/www.claret.cat\/es\/wp-json\/wp\/v2\/product\/581188","targetHints":{"allow":["GET"]}}],"collection":[{"href":"https:\/\/www.claret.cat\/es\/wp-json\/wp\/v2\/product"}],"about":[{"href":"https:\/\/www.claret.cat\/es\/wp-json\/wp\/v2\/types\/product"}],"wp:featuredmedia":[{"embeddable":true,"href":"https:\/\/www.claret.cat\/es\/wp-json\/wp\/v2\/media\/581189"}],"wp:attachment":[{"href":"https:\/\/www.claret.cat\/es\/wp-json\/wp\/v2\/media?parent=581188"}],"wp:term":[{"taxonomy":"product_brand","embeddable":true,"href":"https:\/\/www.claret.cat\/es\/wp-json\/wp\/v2\/product_brand?post=581188"},{"taxonomy":"product_cat","embeddable":true,"href":"https:\/\/www.claret.cat\/es\/wp-json\/wp\/v2\/product_cat?post=581188"},{"taxonomy":"product_tag","embeddable":true,"href":"https:\/\/www.claret.cat\/es\/wp-json\/wp\/v2\/product_tag?post=581188"}],"curies":[{"name":"wp","href":"https:\/\/api.w.org\/{rel}","templated":true}]}}