{"id":581191,"date":"2023-09-04T16:05:03","date_gmt":"2023-09-04T14:05:03","guid":{"rendered":"https:\/\/www.claret.cat\/llibre\/on-es-el-wally-a-la-recerca-de-la-nota-perduda-coleccion-donde-esta-wally-7-9788419378675\/"},"modified":"2025-10-04T11:10:16","modified_gmt":"2025-10-04T09:10:16","slug":"on-es-el-wally-a-la-recerca-de-la-nota-perduda-coleccion-donde-esta-wally-7-9788419378675","status":"publish","type":"product","link":"https:\/\/www.claret.cat\/es\/libro\/on-es-el-wally-a-la-recerca-de-la-nota-perduda-coleccion-donde-esta-wally-7-9788419378675\/","title":{"rendered":"ON \u00c9S EL WALLY? A LA RECERCA DE LA NOTA PERDUDA (COLECCI\u00d3N \u00bfD\u00d3NDE EST\u00c1 WALLY? 7)"},"content":{"rendered":"<p>L&#8221;aventura m\u00e9s interactiva de Wally: On \u00e9s el Wally? A la recerca de la nota perduda! Amb retallables, desplegables i molt material extra!<\/p>\n","protected":false},"excerpt":{"rendered":"<p>HANDFORD, MARTIN<\/p>\n","protected":false},"featured_media":840877,"template":"","meta":{"_acf_changed":false,"om_disable_all_campaigns":false,"rs_blank_template":"","rs_page_bg_color":"","slide_template_v7":"","inline_featured_image":false,"_monsterinsights_skip_tracking":false,"_monsterinsights_sitenote_active":false,"_monsterinsights_sitenote_note":"","_monsterinsights_sitenote_category":0},"product_brand":[],"product_cat":[131,132,361,135,365,136,366,362],"product_tag":[],"class_list":{"0":"post-581191","1":"product","2":"type-product","3":"status-publish","4":"has-post-thumbnail","6":"product_cat-contes-per-infants-0-6-anys","7":"product_cat-lectures-per-preadolescents-6-12-anys","8":"product_cat-cuentos-para-ninos-0-6-anos","9":"product_cat-entreteniment","10":"product_cat-entretenimientos","11":"product_cat-jocs-destimulacio","12":"product_cat-juegos-de-estimulacion","13":"product_cat-libros-preadolescentes-6-12-anos","15":"first","16":"instock","17":"taxable","18":"shipping-taxable","19":"purchasable","20":"product-type-simple"},"acf":{"autor":"HANDFORD, MARTIN","codart":"841937867","libros-coleccion":"","ediciones":"1","encuadernacion":"Carton\u00e9","fecha_de_publicacion":"01\/09\/2023","novedad":"1","paginas":"32","subtitulo":"","orden":"0","portada":"0","idioma":"spa","editorial":[{"ID":294535,"post_author":"3","post_date":"2022-12-12 12:50:10","post_date_gmt":"2022-12-12 11:50:10","post_content":"","post_title":"B de Blok","post_excerpt":"","post_status":"publish","comment_status":"closed","ping_status":"closed","post_password":"","post_name":"b-de-blok","to_ping":"","pinged":"","post_modified":"2022-12-12 12:50:10","post_modified_gmt":"2022-12-12 11:50:10","post_content_filtered":"","post_parent":0,"guid":"http:\/\/dev.claret.cat\/editorial\/b-de-blok\/","menu_order":0,"post_type":"editorial","post_mime_type":"","comment_count":"0","filter":"raw"}],"autores-libros":[{"ID":164289,"post_author":"3","post_date":"2022-10-14 17:45:53","post_date_gmt":"2022-10-14 15:45:53","post_content":"","post_title":"MARTIN HANDFORD","post_excerpt":"","post_status":"publish","comment_status":"closed","ping_status":"closed","post_password":"","post_name":"martin-handford","to_ping":"","pinged":"","post_modified":"2022-10-14 17:45:53","post_modified_gmt":"2022-10-14 15:45:53","post_content_filtered":"","post_parent":0,"guid":"http:\/\/dev.claret.cat\/autor\/martin-handford\/","menu_order":0,"post_type":"autor","post_mime_type":"","comment_count":"0","filter":"raw"}],"booktrailer":"","resenas":""},"aioseo_notices":[],"_links":{"self":[{"href":"https:\/\/www.claret.cat\/es\/wp-json\/wp\/v2\/product\/581191","targetHints":{"allow":["GET"]}}],"collection":[{"href":"https:\/\/www.claret.cat\/es\/wp-json\/wp\/v2\/product"}],"about":[{"href":"https:\/\/www.claret.cat\/es\/wp-json\/wp\/v2\/types\/product"}],"wp:featuredmedia":[{"embeddable":true,"href":"https:\/\/www.claret.cat\/es\/wp-json\/wp\/v2\/media\/840877"}],"wp:attachment":[{"href":"https:\/\/www.claret.cat\/es\/wp-json\/wp\/v2\/media?parent=581191"}],"wp:term":[{"taxonomy":"product_brand","embeddable":true,"href":"https:\/\/www.claret.cat\/es\/wp-json\/wp\/v2\/product_brand?post=581191"},{"taxonomy":"product_cat","embeddable":true,"href":"https:\/\/www.claret.cat\/es\/wp-json\/wp\/v2\/product_cat?post=581191"},{"taxonomy":"product_tag","embeddable":true,"href":"https:\/\/www.claret.cat\/es\/wp-json\/wp\/v2\/product_tag?post=581191"}],"curies":[{"name":"wp","href":"https:\/\/api.w.org\/{rel}","templated":true}]}}