{"id":581208,"date":"2023-09-04T16:10:20","date_gmt":"2023-09-04T14:10:20","guid":{"rendered":"https:\/\/www.claret.cat\/llibre\/el-ermitano-9788497155557\/"},"modified":"2024-09-14T11:50:42","modified_gmt":"2024-09-14T09:50:42","slug":"el-ermitano-9788497155557","status":"publish","type":"product","link":"https:\/\/www.claret.cat\/es\/libro\/el-ermitano-9788497155557\/","title":{"rendered":"EL ERMITA\u00d1O"},"content":{"rendered":"<p><span>Este libro ilustrado, donde imagen y palabra se complementan con armon\u00eda, manifiesta que el deseo de soledad y de apartamiento que late en muchos corazones humanos es adem\u00e1s un movimiento de solidaridad y de aproximamiento al mundo.<\/span><\/p>\n<p><span>El aut\u00e9ntico solitario es solidario y el verdadero solidario posee un alma solitaria.<\/span><\/p>\n<p><\/p>\n","protected":false},"excerpt":{"rendered":"<p>MELLONI, JAVIER ; MAR\u00cdN, FRANCIS<\/p>\n","protected":false},"featured_media":581209,"template":"","meta":{"_acf_changed":false,"om_disable_all_campaigns":false,"rs_blank_template":"","rs_page_bg_color":"","slide_template_v7":"","inline_featured_image":false,"_monsterinsights_skip_tracking":false,"_monsterinsights_sitenote_active":false,"_monsterinsights_sitenote_note":"","_monsterinsights_sitenote_category":0},"product_brand":[],"product_cat":[485,232],"product_tag":[],"class_list":{"0":"post-581208","1":"product","2":"type-product","3":"status-publish","4":"has-post-thumbnail","6":"product_cat-autores-espiritualidad-1_espiritualidad","7":"product_cat-autors-espiritualitat","9":"first","10":"instock","11":"taxable","12":"shipping-taxable","13":"purchasable","14":"product-type-simple"},"acf":{"autor":"MELLONI, JAVIER ; MAR\u00cdN, FRANCIS","codart":"8497155557","libros-coleccion":"FORA DE COL.LECCI\u00d3","ediciones":"1","encuadernacion":"Carton\u00e9","fecha_de_publicacion":"04\/09\/2023","novedad":"1","paginas":"36","subtitulo":"","orden":"0","portada":"1","idioma":"spa","editorial":[{"ID":6157,"post_author":"3","post_date":"2022-07-28 17:46:07","post_date_gmt":"2022-07-28 15:46:07","post_content":"","post_title":"Ciudad Nueva","post_excerpt":"","post_status":"publish","comment_status":"closed","ping_status":"closed","post_password":"","post_name":"ciudad-nueva","to_ping":"","pinged":"","post_modified":"2022-07-28 17:46:07","post_modified_gmt":"2022-07-28 15:46:07","post_content_filtered":"","post_parent":0,"guid":"http:\/\/dev.claret.cat\/editorial\/ciudad-nueva\/","menu_order":0,"post_type":"editorial","post_mime_type":"","comment_count":"0","filter":"raw"}],"autores-libros":[{"ID":156193,"post_author":"3","post_date":"2022-10-14 15:18:51","post_date_gmt":"2022-10-14 13:18:51","post_content":"","post_title":"FRANCIS MARIN","post_excerpt":"","post_status":"publish","comment_status":"closed","ping_status":"closed","post_password":"","post_name":"francis-marin","to_ping":"","pinged":"","post_modified":"2022-10-14 15:18:51","post_modified_gmt":"2022-10-14 13:18:51","post_content_filtered":"","post_parent":0,"guid":"http:\/\/dev.claret.cat\/autor\/francis-marin\/","menu_order":0,"post_type":"autor","post_mime_type":"","comment_count":"0","filter":"raw"},{"ID":5580,"post_author":"3","post_date":"2022-07-28 17:27:02","post_date_gmt":"2022-07-28 15:27:02","post_content":"","post_title":"JAVIER MELLONI","post_excerpt":"","post_status":"publish","comment_status":"closed","ping_status":"closed","post_password":"","post_name":"javier-melloni","to_ping":"","pinged":"","post_modified":"2022-07-28 17:27:02","post_modified_gmt":"2022-07-28 15:27:02","post_content_filtered":"","post_parent":0,"guid":"http:\/\/dev.claret.cat\/autor\/javier-melloni\/","menu_order":0,"post_type":"autor","post_mime_type":"","comment_count":"0","filter":"raw"}],"booktrailer":"","linkebook":"","ficha":"","muestra":"","precioebook":"0","presentacion":"","resenas":""},"aioseo_notices":[],"_links":{"self":[{"href":"https:\/\/www.claret.cat\/es\/wp-json\/wp\/v2\/product\/581208","targetHints":{"allow":["GET"]}}],"collection":[{"href":"https:\/\/www.claret.cat\/es\/wp-json\/wp\/v2\/product"}],"about":[{"href":"https:\/\/www.claret.cat\/es\/wp-json\/wp\/v2\/types\/product"}],"wp:featuredmedia":[{"embeddable":true,"href":"https:\/\/www.claret.cat\/es\/wp-json\/wp\/v2\/media\/581209"}],"wp:attachment":[{"href":"https:\/\/www.claret.cat\/es\/wp-json\/wp\/v2\/media?parent=581208"}],"wp:term":[{"taxonomy":"product_brand","embeddable":true,"href":"https:\/\/www.claret.cat\/es\/wp-json\/wp\/v2\/product_brand?post=581208"},{"taxonomy":"product_cat","embeddable":true,"href":"https:\/\/www.claret.cat\/es\/wp-json\/wp\/v2\/product_cat?post=581208"},{"taxonomy":"product_tag","embeddable":true,"href":"https:\/\/www.claret.cat\/es\/wp-json\/wp\/v2\/product_tag?post=581208"}],"curies":[{"name":"wp","href":"https:\/\/api.w.org\/{rel}","templated":true}]}}