{"id":581353,"date":"2023-09-05T14:10:30","date_gmt":"2023-09-05T12:10:30","guid":{"rendered":"https:\/\/www.claret.cat\/llibre\/el-evangelio-sin-dios-9788449341274\/"},"modified":"2024-04-24T18:40:20","modified_gmt":"2024-04-24T16:40:20","slug":"el-evangelio-sin-dios-9788449341274","status":"publish","type":"product","link":"https:\/\/www.claret.cat\/es\/libro\/el-evangelio-sin-dios-9788449341274\/","title":{"rendered":"EL EVANGELIO SIN DIOS"},"content":{"rendered":"<p><span>En El Evangelio sin Dios, Julian Baggini reta nuestras suposiciones acerca de Jesucristo (y sobre los valores cristianos que promueve) centr\u00e1ndose exclusivamente en las ense\u00f1anzas del Evangelio. Despoj\u00e1ndolo de los elementos religiosos, Baggini descubre que la palabra de Cristo expresa una filosof\u00eda poderosa y con prop\u00f3sito que podemos seguir aplicando al mundo en que vivimos actualmente.<\/span><\/p>\n<p><span> Del autor del bestseller C\u00f3mo piensa el mundo? \u00bfConstituyen las ense\u00f1anzas de Jes\u00fas un coherente sistema moral que sigue siendo relevante hoy en d\u00eda?&nbsp;<\/span><\/p>\n<p><span> Aunque no creamos que Jes\u00fas fuera el hijo de Dios, tendemos a pensar que fue un gran maestro moral. Pero, \u00bflo fue verdaderamente? \u00bfHasta qu\u00e9 punto valores idealizados como el amor a la familia, la ayuda a los necesitados y la importancia de la bondad coinciden con los principios originales de Jes\u00fas?&nbsp;<\/span><\/p>\n<p><span> Julian Baggini cuestiona nuestras suposiciones acerca de los valores cristianos y sobre el mismo Jesucristo centr\u00e1ndose \u00fanicamente en las ense\u00f1anzas que propone en los Evangelios, despoj\u00e1ndolas de elementos religiosos como los relatos de milagros o la resurrecci\u00f3n de Cristo. Leyendo de cerca este nuevo Evangelio \u00absin Dios\u00bb, incluido como ap\u00e9ndice, Baggini se cuestiona c\u00f3mo debemos comprender la actitud de Jes\u00fas ante la renuncia al yo, la pol\u00edtica o la sexualidad, tal y como se expresa en sus palabras, a menudo esquivas.&nbsp;<\/span><\/p>\n<p><span> Ateo de formaci\u00f3n cat\u00f3lica, Baggini nos presenta un Jes\u00fas m\u00e1s radical de lo que la cultura popular muestra. Y a medida que ahonda en la visi\u00f3n del mundo del presunto mes\u00edas y se enfrenta a sus mensajes a veces contradictorios, nos descubre que sus palabras, en contra de su escepticismo, expresan una filosof\u00eda poderosa y resuelta, que todav\u00eda hoy tiene mucho que ense\u00f1arnos.<\/span><\/p>\n","protected":false},"excerpt":{"rendered":"<p>BAGGINI, JULIAN<\/p>\n","protected":false},"featured_media":581441,"template":"","meta":{"_acf_changed":false,"om_disable_all_campaigns":false,"rs_blank_template":"","rs_page_bg_color":"","slide_template_v7":"","inline_featured_image":false,"_monsterinsights_skip_tracking":false,"_monsterinsights_sitenote_active":false,"_monsterinsights_sitenote_note":"","_monsterinsights_sitenote_category":0},"product_brand":[],"product_cat":[91,541],"product_tag":[],"class_list":{"0":"post-581353","1":"product","2":"type-product","3":"status-publish","4":"has-post-thumbnail","6":"product_cat-cristologia","7":"product_cat-cristologia-1_espiritualidad-spa","9":"first","10":"instock","11":"taxable","12":"shipping-taxable","13":"purchasable","14":"product-type-simple"},"acf":{"autor":"BAGGINI, JULIAN","codart":"844934127","libros-coleccion":"Contextos","ediciones":"1","encuadernacion":"R\u00fastica","fecha_de_publicacion":"01\/09\/2023","novedad":"1","paginas":"300","subtitulo":"\u00bfFUE JES\u00daS UN GRAN MAESTRO DE MORAL?","orden":"0","portada":"0","idioma":"spa","editorial":[{"ID":6206,"post_author":"3","post_date":"2022-07-28 17:47:08","post_date_gmt":"2022-07-28 15:47:08","post_content":"","post_title":"Ediciones Paid\u00f3s","post_excerpt":"","post_status":"publish","comment_status":"closed","ping_status":"closed","post_password":"","post_name":"ediciones-paidos","to_ping":"","pinged":"","post_modified":"2022-07-28 17:47:08","post_modified_gmt":"2022-07-28 15:47:08","post_content_filtered":"","post_parent":0,"guid":"http:\/\/dev.claret.cat\/editorial\/ediciones-paidos\/","menu_order":0,"post_type":"editorial","post_mime_type":"","comment_count":"0","filter":"raw"}],"autores-libros":[{"ID":5691,"post_author":"3","post_date":"2022-07-28 17:29:25","post_date_gmt":"2022-07-28 15:29:25","post_content":"","post_title":"JULIAN BAGGINI","post_excerpt":"","post_status":"publish","comment_status":"closed","ping_status":"closed","post_password":"","post_name":"julian-baggini","to_ping":"","pinged":"","post_modified":"2022-07-28 17:29:25","post_modified_gmt":"2022-07-28 15:29:25","post_content_filtered":"","post_parent":0,"guid":"http:\/\/dev.claret.cat\/autor\/julian-baggini\/","menu_order":0,"post_type":"autor","post_mime_type":"","comment_count":"0","filter":"raw"}]},"aioseo_notices":[],"_links":{"self":[{"href":"https:\/\/www.claret.cat\/es\/wp-json\/wp\/v2\/product\/581353","targetHints":{"allow":["GET"]}}],"collection":[{"href":"https:\/\/www.claret.cat\/es\/wp-json\/wp\/v2\/product"}],"about":[{"href":"https:\/\/www.claret.cat\/es\/wp-json\/wp\/v2\/types\/product"}],"wp:featuredmedia":[{"embeddable":true,"href":"https:\/\/www.claret.cat\/es\/wp-json\/wp\/v2\/media\/581441"}],"wp:attachment":[{"href":"https:\/\/www.claret.cat\/es\/wp-json\/wp\/v2\/media?parent=581353"}],"wp:term":[{"taxonomy":"product_brand","embeddable":true,"href":"https:\/\/www.claret.cat\/es\/wp-json\/wp\/v2\/product_brand?post=581353"},{"taxonomy":"product_cat","embeddable":true,"href":"https:\/\/www.claret.cat\/es\/wp-json\/wp\/v2\/product_cat?post=581353"},{"taxonomy":"product_tag","embeddable":true,"href":"https:\/\/www.claret.cat\/es\/wp-json\/wp\/v2\/product_tag?post=581353"}],"curies":[{"name":"wp","href":"https:\/\/api.w.org\/{rel}","templated":true}]}}