{"id":581362,"date":"2023-09-05T14:15:04","date_gmt":"2023-09-05T12:15:04","guid":{"rendered":"https:\/\/www.claret.cat\/llibre\/heartstopper-2-mi-persona-favorita-edicion-especial-9788408276920\/"},"modified":"2023-12-22T17:10:28","modified_gmt":"2023-12-22T16:10:28","slug":"heartstopper-2-mi-persona-favorita-edicion-especial-9788408276920","status":"publish","type":"product","link":"https:\/\/www.claret.cat\/es\/libro\/heartstopper-2-mi-persona-favorita-edicion-especial-9788408276920\/","title":{"rendered":"HEARTSTOPPER 2. MI PERSONA FAVORITA. EDICI\u00d3N ESPECIAL"},"content":{"rendered":"<p>El amor es sencillo. Enamorarse es complicado.<br \/> \u00a1Continua la historia de amor de Nick y Charlie en la serie que ha conquistado a millones de corazones!<br \/> Edici\u00f3n especial con material in\u00e9dito\u00danete al fen\u00f3meno que ha inspirado la serie de Netflix.<br \/> Edici\u00f3n especial con un c\u00f3mic extra en exclusiva<br \/> Despue\u00b4s de lanzarse a besar a Nick, Charlie cree que todo se ha acabado, pero&#8230; \u00bfes asi\u00b4? Heartstopper responde a la manera de sentir de los jo\u00b4venes reales, con una visio\u00b4n abierta, natural y sensible sobre el amor y la identidad sexual, sin perder nunca la delicadeza y la emocio\u00b4n.<\/p>\n","protected":false},"excerpt":{"rendered":"<p>OSEMAN, ALICE<\/p>\n","protected":false},"featured_media":581363,"template":"","meta":{"_acf_changed":false,"om_disable_all_campaigns":false,"rs_blank_template":"","rs_page_bg_color":"","slide_template_v7":"","inline_featured_image":false,"_monsterinsights_skip_tracking":false,"_monsterinsights_sitenote_active":false,"_monsterinsights_sitenote_note":"","_monsterinsights_sitenote_category":0},"product_brand":[],"product_cat":[117,566],"product_tag":[],"class_list":{"0":"post-581362","1":"product","2":"type-product","3":"status-publish","4":"has-post-thumbnail","6":"product_cat-juvenil","7":"product_cat-juvenil-3_infantil-juvenil-spa-spa","9":"first","10":"instock","11":"taxable","12":"shipping-taxable","13":"purchasable","14":"product-type-simple"},"acf":{"autor":"OSEMAN, ALICE","codart":"840827692","libros-coleccion":"Ficci\u00f3n","ediciones":"1","encuadernacion":"Carton\u00e9","fecha_de_publicacion":"01\/09\/2023","novedad":"1","paginas":"632","subtitulo":"","orden":"0","portada":"0","idioma":"spa","editorial":[{"ID":6233,"post_author":"3","post_date":"2022-07-28 17:47:48","post_date_gmt":"2022-07-28 15:47:48","post_content":"","post_title":"EDITORIAL PLANETA","post_excerpt":"","post_status":"publish","comment_status":"closed","ping_status":"closed","post_password":"","post_name":"editorial-planeta","to_ping":"","pinged":"","post_modified":"2022-07-28 17:47:48","post_modified_gmt":"2022-07-28 15:47:48","post_content_filtered":"","post_parent":0,"guid":"http:\/\/dev.claret.cat\/editorial\/editorial-planeta\/","menu_order":0,"post_type":"editorial","post_mime_type":"","comment_count":"0","filter":"raw"}],"autores-libros":[{"ID":149832,"post_author":"3","post_date":"2022-10-14 14:28:03","post_date_gmt":"2022-10-14 12:28:03","post_content":"","post_title":"ALICE OSEMAN","post_excerpt":"","post_status":"publish","comment_status":"closed","ping_status":"closed","post_password":"","post_name":"alice-oseman","to_ping":"","pinged":"","post_modified":"2022-10-14 14:28:03","post_modified_gmt":"2022-10-14 12:28:03","post_content_filtered":"","post_parent":0,"guid":"http:\/\/dev.claret.cat\/autor\/alice-oseman\/","menu_order":0,"post_type":"autor","post_mime_type":"","comment_count":"0","filter":"raw"}]},"aioseo_notices":[],"_links":{"self":[{"href":"https:\/\/www.claret.cat\/es\/wp-json\/wp\/v2\/product\/581362","targetHints":{"allow":["GET"]}}],"collection":[{"href":"https:\/\/www.claret.cat\/es\/wp-json\/wp\/v2\/product"}],"about":[{"href":"https:\/\/www.claret.cat\/es\/wp-json\/wp\/v2\/types\/product"}],"wp:featuredmedia":[{"embeddable":true,"href":"https:\/\/www.claret.cat\/es\/wp-json\/wp\/v2\/media\/581363"}],"wp:attachment":[{"href":"https:\/\/www.claret.cat\/es\/wp-json\/wp\/v2\/media?parent=581362"}],"wp:term":[{"taxonomy":"product_brand","embeddable":true,"href":"https:\/\/www.claret.cat\/es\/wp-json\/wp\/v2\/product_brand?post=581362"},{"taxonomy":"product_cat","embeddable":true,"href":"https:\/\/www.claret.cat\/es\/wp-json\/wp\/v2\/product_cat?post=581362"},{"taxonomy":"product_tag","embeddable":true,"href":"https:\/\/www.claret.cat\/es\/wp-json\/wp\/v2\/product_tag?post=581362"}],"curies":[{"name":"wp","href":"https:\/\/api.w.org\/{rel}","templated":true}]}}