{"id":581365,"date":"2023-09-05T14:15:15","date_gmt":"2023-09-05T12:15:15","guid":{"rendered":"https:\/\/www.claret.cat\/llibre\/montessori-los-animales-9788408267805\/"},"modified":"2023-11-03T12:51:06","modified_gmt":"2023-11-03T11:51:06","slug":"montessori-los-animales-9788408267805","status":"publish","type":"product","link":"https:\/\/www.claret.cat\/es\/libro\/montessori-los-animales-9788408267805\/","title":{"rendered":"MONTESSORI. LOS ANIMALES"},"content":{"rendered":"<p>La pedagog\u00eda Montessori\u00a0enfatiza la manipulaci\u00f3n y el contacto con la realidad, de manera que, mientras los ni\u00f1os y las ni\u00f1as\u00a0descubren el mundo que los rodea, se impregnan de nuevos aprendizajes gracias a su\u00a0naturaleza absorbente.<br \/> Uno de los soportes m\u00e1s interesantes para el descubrimiento de su entorno son las cartas clasificadas, que sirven para enriquecer el vocabulario de los m\u00e1s peque\u00f1os y, m\u00e1s adelante, los preparan para la lectura y la escritura. Adem\u00e1s, las cartas responder\u00e1n a la curiosidad natural de las criaturas por los animales del mundo y a su necesidad de ordenar y clasificar sus conocimientos.<br \/> En esta caja encontrar\u00e1s:<\/p>\n<p> 7 cartas rugosas de los continentes<br \/> 49 cartas de animales<br \/> 1 libro de 64 p\u00e1ginas con informaci\u00f3n sobre cada animal<\/p>\n<p> Con este material, las criaturas podr\u00e1n desarrollar:<\/p>\n<p> Consolidaci\u00f3n y enriquecimiento del vocabulario<br \/> Perfeccionamiento de la dicci\u00f3n, del lenguaje y de la conversaci\u00f3n<br \/> Desarrollo de la memoria y de la concentraci\u00f3n<br \/> Perfeccionamiento del sentido de la observaci\u00f3n<br \/> Y, con el tiempo, iniciaci\u00f3n a la lectura<\/p>\n<p> Recomendado para edades de 3 a 6 a\u00f1os.<\/p>\n","protected":false},"excerpt":{"rendered":"<p>HERRMANN, \u00c8VE \/ TCHOUKRIEL, EMMANUELLE<\/p>\n","protected":false},"featured_media":581366,"template":"","meta":{"_acf_changed":false,"om_disable_all_campaigns":false,"rs_blank_template":"","rs_page_bg_color":"","slide_template_v7":"","inline_featured_image":false,"_monsterinsights_skip_tracking":false,"_monsterinsights_sitenote_active":false,"_monsterinsights_sitenote_note":"","_monsterinsights_sitenote_category":0},"product_brand":[],"product_cat":[131,361],"product_tag":[],"class_list":{"0":"post-581365","1":"product","2":"type-product","3":"status-publish","4":"has-post-thumbnail","6":"product_cat-contes-per-infants-0-6-anys","7":"product_cat-cuentos-para-ninos-0-6-anos","9":"first","10":"instock","11":"taxable","12":"shipping-taxable","13":"purchasable","14":"product-type-simple"},"acf":{"autor":"HERRMANN, \u00c8VE \/ TCHOUKRIEL, EMMANUELLE","codart":"840826780","libros-coleccion":"Montessori","ediciones":"1","encuadernacion":"Carpeta","fecha_de_publicacion":"01\/09\/2023","novedad":"1","paginas":"1","subtitulo":"1 LIBRO Y 56 TARJETAS","orden":"0","portada":"0","idioma":"spa","editorial":[{"ID":6233,"post_author":"3","post_date":"2022-07-28 17:47:48","post_date_gmt":"2022-07-28 15:47:48","post_content":"","post_title":"EDITORIAL PLANETA","post_excerpt":"","post_status":"publish","comment_status":"closed","ping_status":"closed","post_password":"","post_name":"editorial-planeta","to_ping":"","pinged":"","post_modified":"2022-07-28 17:47:48","post_modified_gmt":"2022-07-28 15:47:48","post_content_filtered":"","post_parent":0,"guid":"http:\/\/dev.claret.cat\/editorial\/editorial-planeta\/","menu_order":0,"post_type":"editorial","post_mime_type":"","comment_count":"0","filter":"raw"}],"autores-libros":[{"ID":274327,"post_author":"3","post_date":"2022-12-09 05:52:21","post_date_gmt":"2022-12-09 04:52:21","post_content":"","post_title":"\u00c9VE HERRMANN","post_excerpt":"","post_status":"publish","comment_status":"closed","ping_status":"closed","post_password":"","post_name":"eve-herrmann","to_ping":"","pinged":"","post_modified":"2022-12-09 05:52:21","post_modified_gmt":"2022-12-09 04:52:21","post_content_filtered":"","post_parent":0,"guid":"http:\/\/dev.claret.cat\/autor\/eve-herrmann\/","menu_order":0,"post_type":"autor","post_mime_type":"","comment_count":"0","filter":"raw"},{"ID":422260,"post_author":"3","post_date":"2023-05-16 07:15:17","post_date_gmt":"2023-05-16 05:15:17","post_content":"","post_title":"EMMANUELLE TCHOUKRIEL","post_excerpt":"","post_status":"publish","comment_status":"closed","ping_status":"closed","post_password":"","post_name":"emmanuelle-tchoukriel","to_ping":"","pinged":"","post_modified":"2023-05-16 07:15:17","post_modified_gmt":"2023-05-16 05:15:17","post_content_filtered":"","post_parent":0,"guid":"https:\/\/www.claret.cat\/autor\/emmanuelle-tchoukriel\/","menu_order":0,"post_type":"autor","post_mime_type":"","comment_count":"0","filter":"raw"}]},"aioseo_notices":[],"_links":{"self":[{"href":"https:\/\/www.claret.cat\/es\/wp-json\/wp\/v2\/product\/581365","targetHints":{"allow":["GET"]}}],"collection":[{"href":"https:\/\/www.claret.cat\/es\/wp-json\/wp\/v2\/product"}],"about":[{"href":"https:\/\/www.claret.cat\/es\/wp-json\/wp\/v2\/types\/product"}],"wp:featuredmedia":[{"embeddable":true,"href":"https:\/\/www.claret.cat\/es\/wp-json\/wp\/v2\/media\/581366"}],"wp:attachment":[{"href":"https:\/\/www.claret.cat\/es\/wp-json\/wp\/v2\/media?parent=581365"}],"wp:term":[{"taxonomy":"product_brand","embeddable":true,"href":"https:\/\/www.claret.cat\/es\/wp-json\/wp\/v2\/product_brand?post=581365"},{"taxonomy":"product_cat","embeddable":true,"href":"https:\/\/www.claret.cat\/es\/wp-json\/wp\/v2\/product_cat?post=581365"},{"taxonomy":"product_tag","embeddable":true,"href":"https:\/\/www.claret.cat\/es\/wp-json\/wp\/v2\/product_tag?post=581365"}],"curies":[{"name":"wp","href":"https:\/\/api.w.org\/{rel}","templated":true}]}}