{"id":581386,"date":"2023-09-05T14:21:47","date_gmt":"2023-09-05T12:21:47","guid":{"rendered":"https:\/\/www.claret.cat\/llibre\/el-chico-que-dibujaba-constelaciones-9788408277064\/"},"modified":"2025-04-30T14:10:25","modified_gmt":"2025-04-30T12:10:25","slug":"el-chico-que-dibujaba-constelaciones-9788408277064","status":"publish","type":"product","link":"https:\/\/www.claret.cat\/es\/libro\/el-chico-que-dibujaba-constelaciones-9788408277064\/","title":{"rendered":"EL CHICO QUE DIBUJABA CONSTELACIONES"},"content":{"rendered":"<p>La autora que ha enamorado a m\u00e1s de 2.000.000 de lectores.Esta es una historia de amor, de sue\u00f1os y de vida. La de Valentina, la chica que no sab\u00eda que ten\u00eda el mundo a sus pies, la que creci\u00f3 y empez\u00f3 a pensar en imposibles. La que cazaba estrellas, la que anhelaba m\u00e1s, la que tropez\u00f3 con \u00e9l. Con Gabriel, el chico que dibujaba constelaciones, el valiente e idealista, el que confi\u00f3 en las palabras \u00abpara siempre\u00bb y cre\u00f3 los pilares que terminaron sosteniendo el pasado, el ahora, lo que fueron y los recuerdos que se convertir\u00e1n en polvo.<br \/> Una estrella por cada instante importante. Una marca que solo t\u00fa y yo sepamos descifrar. Ser\u00e1n las constelaciones de nuestra vida.<br \/> \u00abEsta novela es lo m\u00e1s bonito que he podido leer en mucho tiempo. Me ha parecido un regalo, un soplo de vida&#8230; Y todo contado con tanta delicadeza que es precioso leerlo. Solo podr\u00eda hacerlo Alice. Mil gracias por regalarnos a Valentina y a Gabriel, por su vida. No he podido ser m\u00e1s feliz ley\u00e9ndolos.\u00bb Patricia Bejarano, BookToker<\/p>\n","protected":false},"excerpt":{"rendered":"<p>KELLEN, ALICE<\/p>\n","protected":false},"featured_media":967147,"template":"","meta":{"_acf_changed":false,"om_disable_all_campaigns":false,"rs_blank_template":"","rs_page_bg_color":"","slide_template_v7":"","inline_featured_image":false,"_monsterinsights_skip_tracking":false,"_monsterinsights_sitenote_active":false,"_monsterinsights_sitenote_note":"","_monsterinsights_sitenote_category":0},"product_brand":[],"product_cat":[90,540],"product_tag":[],"class_list":{"0":"post-581386","1":"product","2":"type-product","3":"status-publish","4":"has-post-thumbnail","6":"product_cat-altres","7":"product_cat-otros","9":"first","10":"instock","11":"taxable","12":"shipping-taxable","13":"purchasable","14":"product-type-simple"},"acf":{"autor":"KELLEN, ALICE","codart":"840827706","libros-coleccion":"Novela","ediciones":"1","encuadernacion":"R\u00fastica","fecha_de_publicacion":"01\/09\/2023","novedad":"1","paginas":"300","subtitulo":"","orden":"0","portada":"0","idioma":"spa","editorial":[{"ID":6233,"post_author":"3","post_date":"2022-07-28 17:47:48","post_date_gmt":"2022-07-28 15:47:48","post_content":"","post_title":"EDITORIAL PLANETA","post_excerpt":"","post_status":"publish","comment_status":"closed","ping_status":"closed","post_password":"","post_name":"editorial-planeta","to_ping":"","pinged":"","post_modified":"2022-07-28 17:47:48","post_modified_gmt":"2022-07-28 15:47:48","post_content_filtered":"","post_parent":0,"guid":"http:\/\/dev.claret.cat\/editorial\/editorial-planeta\/","menu_order":0,"post_type":"editorial","post_mime_type":"","comment_count":"0","filter":"raw"}],"autores-libros":[{"ID":149824,"post_author":"3","post_date":"2022-10-14 14:27:59","post_date_gmt":"2022-10-14 12:27:59","post_content":"","post_title":"ALICE KELLEN","post_excerpt":"","post_status":"publish","comment_status":"closed","ping_status":"closed","post_password":"","post_name":"alice-kellen","to_ping":"","pinged":"","post_modified":"2022-10-14 14:27:59","post_modified_gmt":"2022-10-14 12:27:59","post_content_filtered":"","post_parent":0,"guid":"http:\/\/dev.claret.cat\/autor\/alice-kellen\/","menu_order":0,"post_type":"autor","post_mime_type":"","comment_count":"0","filter":"raw"}],"booktrailer":"","resenas":""},"aioseo_notices":[],"_links":{"self":[{"href":"https:\/\/www.claret.cat\/es\/wp-json\/wp\/v2\/product\/581386","targetHints":{"allow":["GET"]}}],"collection":[{"href":"https:\/\/www.claret.cat\/es\/wp-json\/wp\/v2\/product"}],"about":[{"href":"https:\/\/www.claret.cat\/es\/wp-json\/wp\/v2\/types\/product"}],"wp:featuredmedia":[{"embeddable":true,"href":"https:\/\/www.claret.cat\/es\/wp-json\/wp\/v2\/media\/967147"}],"wp:attachment":[{"href":"https:\/\/www.claret.cat\/es\/wp-json\/wp\/v2\/media?parent=581386"}],"wp:term":[{"taxonomy":"product_brand","embeddable":true,"href":"https:\/\/www.claret.cat\/es\/wp-json\/wp\/v2\/product_brand?post=581386"},{"taxonomy":"product_cat","embeddable":true,"href":"https:\/\/www.claret.cat\/es\/wp-json\/wp\/v2\/product_cat?post=581386"},{"taxonomy":"product_tag","embeddable":true,"href":"https:\/\/www.claret.cat\/es\/wp-json\/wp\/v2\/product_tag?post=581386"}],"curies":[{"name":"wp","href":"https:\/\/api.w.org\/{rel}","templated":true}]}}