{"id":581395,"date":"2023-09-05T14:25:28","date_gmt":"2023-09-05T12:25:28","guid":{"rendered":"https:\/\/www.claret.cat\/llibre\/trilogia-fuego-3-ciudades-de-fuego-9788408276906\/"},"modified":"2025-08-28T19:00:07","modified_gmt":"2025-08-28T17:00:07","slug":"trilogia-fuego-3-ciudades-de-fuego-9788408276906","status":"publish","type":"product","link":"https:\/\/www.claret.cat\/es\/libro\/trilogia-fuego-3-ciudades-de-fuego-9788408276906\/","title":{"rendered":"TRILOG\u00cdA FUEGO 3. CIUDADES DE FUEGO"},"content":{"rendered":"<p>\u00a1Enam\u00f3rate de la obra m\u00e1s sorprendente de la autora de Antes de diciembre!El cierre de la inolvidable trilog\u00eda Fuego.<br \/> Traici\u00f3n. Alianza. Amor. Amistad. Dolor. Y muerte. Al fin, Alice ha vuelto a reencontrarse con sus amigos. Sin embargo, la lucha no ha hecho m\u00e1s que empezar, y el peligro acecha m\u00e1s que nunca. En un mundo donde todo est\u00e1 a punto de desmoronarse, Alice sabe que las decisiones que tome ser\u00e1n cruciales para el destino de todos.<br \/> Cuando parece que te lo han arrebatado todo, \u00bfhasta d\u00f3nde ser\u00edas capaz de llegar por los tuyos?<\/p>\n","protected":false},"excerpt":{"rendered":"<p>MARC\u00daS, JOANA<\/p>\n","protected":false},"featured_media":967179,"template":"","meta":{"_acf_changed":false,"om_disable_all_campaigns":false,"rs_blank_template":"","rs_page_bg_color":"","slide_template_v7":"","inline_featured_image":false,"_monsterinsights_skip_tracking":false,"_monsterinsights_sitenote_active":false,"_monsterinsights_sitenote_note":"","_monsterinsights_sitenote_category":0},"product_brand":[],"product_cat":[133,566,117,363],"product_tag":[],"class_list":{"0":"post-581395","1":"product","2":"type-product","3":"status-publish","4":"has-post-thumbnail","6":"product_cat-lectures-per-adolescents-12-18-anys","7":"product_cat-juvenil-3_infantil-juvenil-spa-spa","8":"product_cat-juvenil","9":"product_cat-lecturas-por-adolescentes-12-18-anos","11":"first","12":"instock","13":"taxable","14":"shipping-taxable","15":"purchasable","16":"product-type-simple"},"acf":{"autor":"MARC\u00daS, JOANA","codart":"840827690","libros-coleccion":"Novela","ediciones":"1","encuadernacion":"R\u00fastica","fecha_de_publicacion":"01\/09\/2023","novedad":"1","paginas":"604","subtitulo":"","orden":"0","portada":"0","idioma":"spa","editorial":[{"ID":6233,"post_author":"3","post_date":"2022-07-28 17:47:48","post_date_gmt":"2022-07-28 15:47:48","post_content":"","post_title":"EDITORIAL PLANETA","post_excerpt":"","post_status":"publish","comment_status":"closed","ping_status":"closed","post_password":"","post_name":"editorial-planeta","to_ping":"","pinged":"","post_modified":"2022-07-28 17:47:48","post_modified_gmt":"2022-07-28 15:47:48","post_content_filtered":"","post_parent":0,"guid":"http:\/\/dev.claret.cat\/editorial\/editorial-planeta\/","menu_order":0,"post_type":"editorial","post_mime_type":"","comment_count":"0","filter":"raw"}],"autores-libros":[{"ID":5604,"post_author":"3","post_date":"2022-07-28 17:27:33","post_date_gmt":"2022-07-28 15:27:33","post_content":"","post_title":"JOANA MARC\u00daS","post_excerpt":"","post_status":"publish","comment_status":"closed","ping_status":"closed","post_password":"","post_name":"joana-marcus","to_ping":"","pinged":"","post_modified":"2022-07-28 17:27:33","post_modified_gmt":"2022-07-28 15:27:33","post_content_filtered":"","post_parent":0,"guid":"http:\/\/dev.claret.cat\/autor\/joana-marcus\/","menu_order":0,"post_type":"autor","post_mime_type":"","comment_count":"0","filter":"raw"}],"booktrailer":"","resenas":""},"aioseo_notices":[],"_links":{"self":[{"href":"https:\/\/www.claret.cat\/es\/wp-json\/wp\/v2\/product\/581395","targetHints":{"allow":["GET"]}}],"collection":[{"href":"https:\/\/www.claret.cat\/es\/wp-json\/wp\/v2\/product"}],"about":[{"href":"https:\/\/www.claret.cat\/es\/wp-json\/wp\/v2\/types\/product"}],"wp:featuredmedia":[{"embeddable":true,"href":"https:\/\/www.claret.cat\/es\/wp-json\/wp\/v2\/media\/967179"}],"wp:attachment":[{"href":"https:\/\/www.claret.cat\/es\/wp-json\/wp\/v2\/media?parent=581395"}],"wp:term":[{"taxonomy":"product_brand","embeddable":true,"href":"https:\/\/www.claret.cat\/es\/wp-json\/wp\/v2\/product_brand?post=581395"},{"taxonomy":"product_cat","embeddable":true,"href":"https:\/\/www.claret.cat\/es\/wp-json\/wp\/v2\/product_cat?post=581395"},{"taxonomy":"product_tag","embeddable":true,"href":"https:\/\/www.claret.cat\/es\/wp-json\/wp\/v2\/product_tag?post=581395"}],"curies":[{"name":"wp","href":"https:\/\/api.w.org\/{rel}","templated":true}]}}