{"id":581401,"date":"2023-09-05T14:25:50","date_gmt":"2023-09-05T12:25:50","guid":{"rendered":"https:\/\/www.claret.cat\/llibre\/estuche-trilogia-fuego-9788408277071\/"},"modified":"2024-05-29T16:47:03","modified_gmt":"2024-05-29T14:47:03","slug":"estuche-trilogia-fuego-9788408277071","status":"publish","type":"product","link":"https:\/\/www.claret.cat\/es\/libro\/estuche-trilogia-fuego-9788408277071\/","title":{"rendered":"ESTUCHE TRILOG\u00cdA FUEGO"},"content":{"rendered":"<p>Estuche que incluye la trilog\u00eda Fuego de Joana Marc\u00fas, autora de Antes de diciembre\u00a0y\u00a0gran revelaci\u00f3n espa\u00f1ola de la literatura juvenil.El estuche incluye los ti\u00b4tulos Ciudades de humo, Ciudades de ceniza y Ciudades de fuego.<br \/> Trilog\u00eda Fuego 1. Ciudades de humo<br \/> Alice nunca ha salido al mundo. Su cena es a las nueve en punto, su sue\u00f1o dura exactamente ocho horas, jam\u00e1s tiene una sola arruga en la ropa, parpadea 86 400 veces al d\u00eda, respira 30 000 veces al d\u00eda, solo habla cuando le preguntan, jam\u00e1s ha levantado la voz y, lo m\u00e1s importante, jam\u00e1s se ha preguntado qu\u00e9 pasar\u00eda si todo cambiara.<br \/> Pero, \u00bfy si eso ocurriera? En un mundo donde la libertad est\u00e1 controlada, \u00bfhasta d\u00f3nde ser\u00edas capaz de llegar para recuperarla? \u00bfHasta d\u00f3nde ser\u00edas capaz de llegar para sobrevivir?<br \/> \u00a0<br \/> Trilog\u00eda Fuego 2. Ciudades de ceniza<br \/> Una ciudad nueva. Un experimento. Un reencuentro. Un asesinato. Un romance.<br \/> Tras haber asistido a la destrucci\u00f3n de su propia ciudad, el futuro de Alice no es nada prometedor. Despu\u00e9s de la extra\u00f1a oferta de un desconocido, lo \u00fanico que sabe es que va a vengarse del responsable de la desaparici\u00f3n de sus amigos.<br \/> \u00bfHasta d\u00f3nde ser\u00edas capaz de llegar para encontrar respuestas? \u00bfHasta d\u00f3nde ser\u00edas capaz de llegar por recuperar tu libertad?<br \/> \u00a0<br \/> Trilog\u00eda Fuego 3. Ciudades de fuego<br \/> Traici\u00f3n. Alianza. Amor. Amistad. Dolor. Y muerte.<br \/> Al fin, Alice ha vuelto a reencontrarse con sus amigos. Sin embargo, la lucha no ha hecho m\u00e1s que empezar, y el peligro acecha m\u00e1s que nunca. En un mundo donde todo est\u00e1 a punto de desmoronarse, Alice sabe que las decisiones que tome ser\u00e1n cruciales para el destino de todos.<br \/> Cuando parece que te lo han arrebatado todo, \u00bfhasta d\u00f3nde ser\u00edas capaz de llegar por los tuyos?<\/p>\n","protected":false},"excerpt":{"rendered":"<p>MARC\u00daS, JOANA<\/p>\n","protected":false},"featured_media":581402,"template":"","meta":{"_acf_changed":false,"om_disable_all_campaigns":false,"rs_blank_template":"","rs_page_bg_color":"","slide_template_v7":"","inline_featured_image":false,"_monsterinsights_skip_tracking":false,"_monsterinsights_sitenote_active":false,"_monsterinsights_sitenote_note":"","_monsterinsights_sitenote_category":0},"product_brand":[],"product_cat":[133,566,117,363],"product_tag":[],"class_list":{"0":"post-581401","1":"product","2":"type-product","3":"status-publish","4":"has-post-thumbnail","6":"product_cat-lectures-per-adolescents-12-18-anys","7":"product_cat-juvenil-3_infantil-juvenil-spa-spa","8":"product_cat-juvenil","9":"product_cat-lecturas-por-adolescentes-12-18-anos","11":"first","12":"instock","13":"taxable","14":"shipping-taxable","15":"purchasable","16":"product-type-simple"},"acf":{"autor":"MARC\u00daS, JOANA","codart":"840827707","libros-coleccion":"Novela","ediciones":"1","encuadernacion":"R\u00fastica","fecha_de_publicacion":"01\/09\/2023","novedad":"1","paginas":"1","subtitulo":"INCLUYE CIUDADES DE HUMO, CIUDADES DE CENIZA Y CIUDADES DE FUEGO","orden":"0","portada":"0","idioma":"spa","editorial":[{"ID":6233,"post_author":"3","post_date":"2022-07-28 17:47:48","post_date_gmt":"2022-07-28 15:47:48","post_content":"","post_title":"EDITORIAL PLANETA","post_excerpt":"","post_status":"publish","comment_status":"closed","ping_status":"closed","post_password":"","post_name":"editorial-planeta","to_ping":"","pinged":"","post_modified":"2022-07-28 17:47:48","post_modified_gmt":"2022-07-28 15:47:48","post_content_filtered":"","post_parent":0,"guid":"http:\/\/dev.claret.cat\/editorial\/editorial-planeta\/","menu_order":0,"post_type":"editorial","post_mime_type":"","comment_count":"0","filter":"raw"}],"autores-libros":[{"ID":5604,"post_author":"3","post_date":"2022-07-28 17:27:33","post_date_gmt":"2022-07-28 15:27:33","post_content":"","post_title":"JOANA MARC\u00daS","post_excerpt":"","post_status":"publish","comment_status":"closed","ping_status":"closed","post_password":"","post_name":"joana-marcus","to_ping":"","pinged":"","post_modified":"2022-07-28 17:27:33","post_modified_gmt":"2022-07-28 15:27:33","post_content_filtered":"","post_parent":0,"guid":"http:\/\/dev.claret.cat\/autor\/joana-marcus\/","menu_order":0,"post_type":"autor","post_mime_type":"","comment_count":"0","filter":"raw"}]},"aioseo_notices":[],"_links":{"self":[{"href":"https:\/\/www.claret.cat\/es\/wp-json\/wp\/v2\/product\/581401","targetHints":{"allow":["GET"]}}],"collection":[{"href":"https:\/\/www.claret.cat\/es\/wp-json\/wp\/v2\/product"}],"about":[{"href":"https:\/\/www.claret.cat\/es\/wp-json\/wp\/v2\/types\/product"}],"wp:featuredmedia":[{"embeddable":true,"href":"https:\/\/www.claret.cat\/es\/wp-json\/wp\/v2\/media\/581402"}],"wp:attachment":[{"href":"https:\/\/www.claret.cat\/es\/wp-json\/wp\/v2\/media?parent=581401"}],"wp:term":[{"taxonomy":"product_brand","embeddable":true,"href":"https:\/\/www.claret.cat\/es\/wp-json\/wp\/v2\/product_brand?post=581401"},{"taxonomy":"product_cat","embeddable":true,"href":"https:\/\/www.claret.cat\/es\/wp-json\/wp\/v2\/product_cat?post=581401"},{"taxonomy":"product_tag","embeddable":true,"href":"https:\/\/www.claret.cat\/es\/wp-json\/wp\/v2\/product_tag?post=581401"}],"curies":[{"name":"wp","href":"https:\/\/api.w.org\/{rel}","templated":true}]}}