{"id":581404,"date":"2023-09-05T14:26:01","date_gmt":"2023-09-05T12:26:01","guid":{"rendered":"https:\/\/www.claret.cat\/llibre\/rodeados-de-idiotas-9788408276708\/"},"modified":"2026-03-03T10:15:35","modified_gmt":"2026-03-03T09:15:35","slug":"rodeados-de-idiotas-9788408276708","status":"publish","type":"product","link":"https:\/\/www.claret.cat\/es\/libro\/rodeados-de-idiotas-9788408276708\/","title":{"rendered":"RODEADOS DE IDIOTAS"},"content":{"rendered":"<p>M\u00c1S DE 10 MILLONES DE EJEMPLARES VENDIDOS<br \/> EL M\u00c9TODO QUE TRIUNFA EN TODO EL MUNDO<br \/>  Descubre qu\u00e9 color te define y relaci\u00f3nate mejor con el resto del mundo\u00bfAlguna vez te sientes incomprendido?<br \/> \u00bfHas intentado razonar con alguien y hab\u00e9is acabado a gritos?<br \/> \u00bfHas salido de una reuni\u00f3n pensando que est\u00e1s perdiendo el tiempo?<br \/> O, lo que es peor, a veces parece que la gente no entiende lo que le dices, por m\u00e1s claramente que lo expliques\u2026<br \/> No est\u00e1s solo. Tras una reuni\u00f3n desastrosa con un empresario de \u00e9xito que estaba convencido de estar \u00abrodeado de idiotas\u00bb, Thomas Erikson ide\u00f3 un revolucionario m\u00e9todo de clasificaci\u00f3n del comportamiento que divide a las personas en cuatro tipos: los Rojos, dominantes y ambiciosos; los Amarillos, espont\u00e1neos y optimistas; los Verdes, pacientes y amables, y los Azules, met\u00f3dicos y precisos. El libro da herramientas para identificarlos e interactuar con ellos y, con un trasfondo psicol\u00f3gico y partiendo de situaciones cotidianas, nos permite mejorar nuestras habilidades sociales y afrontar los conflictos en nuestra vida profesional y personal, con el fin de sacar lo mejor de nosotros mismos y de aquellos que nos rodean.<\/p>\n","protected":false},"excerpt":{"rendered":"<p>ERIKSON, THOMAS<\/p>\n","protected":false},"featured_media":581447,"template":"","meta":{"_acf_changed":false,"om_disable_all_campaigns":false,"rs_blank_template":"","rs_page_bg_color":"","slide_template_v7":"","inline_featured_image":false,"_monsterinsights_skip_tracking":false,"_monsterinsights_sitenote_active":false,"_monsterinsights_sitenote_note":"","_monsterinsights_sitenote_category":0},"product_brand":[],"product_cat":[376,178,447,177],"product_tag":[],"class_list":{"0":"post-581404","1":"product","2":"type-product","3":"status-publish","4":"has-post-thumbnail","6":"product_cat-autores-psicologia-2_humanidades","7":"product_cat-autors-psicologia","8":"product_cat-estudios-e-investigacion","9":"product_cat-estudis-i-investigacio","11":"first","12":"instock","13":"taxable","14":"shipping-taxable","15":"purchasable","16":"product-type-simple"},"acf":{"autor":"ERIKSON, THOMAS","codart":"840827670","libros-coleccion":"NO FICCION","ediciones":"1","encuadernacion":"R\u00fastica","fecha_de_publicacion":"01\/09\/2023","novedad":"1","paginas":"309","subtitulo":"LOS CUATRO TIPOS DE PERSONALIDADES (O C\u00d3MO ENTENDER A QUIENES CUESTA TANTO ENTEN","orden":"0","portada":"0","idioma":"spa","editorial":[{"ID":6233,"post_author":"3","post_date":"2022-07-28 17:47:48","post_date_gmt":"2022-07-28 15:47:48","post_content":"","post_title":"EDITORIAL PLANETA","post_excerpt":"","post_status":"publish","comment_status":"closed","ping_status":"closed","post_password":"","post_name":"editorial-planeta","to_ping":"","pinged":"","post_modified":"2022-07-28 17:47:48","post_modified_gmt":"2022-07-28 15:47:48","post_content_filtered":"","post_parent":0,"guid":"http:\/\/dev.claret.cat\/editorial\/editorial-planeta\/","menu_order":0,"post_type":"editorial","post_mime_type":"","comment_count":"0","filter":"raw"}],"autores-libros":[{"ID":429058,"post_author":"3","post_date":"2023-05-16 09:40:16","post_date_gmt":"2023-05-16 07:40:16","post_content":"","post_title":"THOMAS ERIKSON","post_excerpt":"","post_status":"publish","comment_status":"closed","ping_status":"closed","post_password":"","post_name":"thomas-erikson","to_ping":"","pinged":"","post_modified":"2023-05-16 09:40:16","post_modified_gmt":"2023-05-16 07:40:16","post_content_filtered":"","post_parent":0,"guid":"https:\/\/www.claret.cat\/autor\/thomas-erikson\/","menu_order":0,"post_type":"autor","post_mime_type":"","comment_count":"0","filter":"raw"}],"booktrailer":"","resenas":""},"aioseo_notices":[],"_links":{"self":[{"href":"https:\/\/www.claret.cat\/es\/wp-json\/wp\/v2\/product\/581404","targetHints":{"allow":["GET"]}}],"collection":[{"href":"https:\/\/www.claret.cat\/es\/wp-json\/wp\/v2\/product"}],"about":[{"href":"https:\/\/www.claret.cat\/es\/wp-json\/wp\/v2\/types\/product"}],"wp:featuredmedia":[{"embeddable":true,"href":"https:\/\/www.claret.cat\/es\/wp-json\/wp\/v2\/media\/581447"}],"wp:attachment":[{"href":"https:\/\/www.claret.cat\/es\/wp-json\/wp\/v2\/media?parent=581404"}],"wp:term":[{"taxonomy":"product_brand","embeddable":true,"href":"https:\/\/www.claret.cat\/es\/wp-json\/wp\/v2\/product_brand?post=581404"},{"taxonomy":"product_cat","embeddable":true,"href":"https:\/\/www.claret.cat\/es\/wp-json\/wp\/v2\/product_cat?post=581404"},{"taxonomy":"product_tag","embeddable":true,"href":"https:\/\/www.claret.cat\/es\/wp-json\/wp\/v2\/product_tag?post=581404"}],"curies":[{"name":"wp","href":"https:\/\/api.w.org\/{rel}","templated":true}]}}