{"id":581492,"date":"2023-09-06T13:30:05","date_gmt":"2023-09-06T11:30:05","guid":{"rendered":"https:\/\/www.claret.cat\/llibre\/el-bautismo-su-pascua-en-nosotros-9788419431172\/"},"modified":"2023-10-11T01:05:46","modified_gmt":"2023-10-10T23:05:46","slug":"el-bautismo-su-pascua-en-nosotros-9788419431172","status":"publish","type":"product","link":"https:\/\/www.claret.cat\/es\/libro\/el-bautismo-su-pascua-en-nosotros-9788419431172\/","title":{"rendered":"EL BAUTISMO, SU PASCUA EN NOSOTROS"},"content":{"rendered":"<p>El siglo XXI nos enfrenta a un futuro incierto. Pues desconocemos, no s\u00f3lo en qu\u00e9 condiciones vivir\u00e1 el hombre, sino qu\u00e9 significar\u00e1 ser hombre. \u00bfQu\u00e9 querr\u00e1 decir razonar cuando nos inunden lenguajes artificiales? \u00bfQu\u00e9 ser\u00e1n la libertad y la responsabilidad al multiplicarse los meta-universos en los que nada nos jugamos?<\/p>\n<p>En 2033 celebraremos veinte siglos del evento m\u00e1s generativo de humanidad que pueda pensarse. En el bautismo ese evento nos toca y se despliega en nosotros. \u00bfPueden desde ah\u00ed reabrirse los \u00e1mbitos donde se genera al hombre, empezando por la familia, la educaci\u00f3n, el trabajo?<\/p>\n","protected":false},"excerpt":{"rendered":"<p>GRANADOS GARC\u00cdA, JOS\u00c9<\/p>\n","protected":false},"featured_media":581504,"template":"","meta":{"_acf_changed":false,"om_disable_all_campaigns":false,"rs_blank_template":"","rs_page_bg_color":"","slide_template_v7":"","inline_featured_image":false,"_monsterinsights_skip_tracking":false,"_monsterinsights_sitenote_active":false,"_monsterinsights_sitenote_note":"","_monsterinsights_sitenote_category":0},"product_brand":[],"product_cat":[252,502,257,398],"product_tag":[],"class_list":{"0":"post-581492","1":"product","2":"type-product","3":"status-publish","4":"has-post-thumbnail","6":"product_cat-altres-rituals","7":"product_cat-obras-generales-liturgia-1_espiritualidad","8":"product_cat-obres-generals-liturgia-1_espiritualitat","9":"product_cat-otros-rituales","11":"first","12":"instock","13":"taxable","14":"shipping-taxable","15":"purchasable","16":"product-type-simple"},"acf":{"autor":"GRANADOS GARC\u00cdA, JOS\u00c9","codart":"841943117","libros-coleccion":"Didaskalos","ediciones":"1","encuadernacion":"R\u00fastica","fecha_de_publicacion":"01\/06\/2023","novedad":"1","paginas":"143","subtitulo":"LO HUMANO HOY, ENTRE DILUIRSE Y RENACER","orden":"0","portada":"0","idioma":"spa","editorial":[{"ID":6184,"post_author":"3","post_date":"2022-07-28 17:46:42","post_date_gmt":"2022-07-28 15:46:42","post_content":"","post_title":"Didaskalos","post_excerpt":"","post_status":"publish","comment_status":"closed","ping_status":"closed","post_password":"","post_name":"didaskalos","to_ping":"","pinged":"","post_modified":"2022-07-28 17:46:42","post_modified_gmt":"2022-07-28 15:46:42","post_content_filtered":"","post_parent":0,"guid":"http:\/\/dev.claret.cat\/editorial\/didaskalos\/","menu_order":0,"post_type":"editorial","post_mime_type":"","comment_count":"0","filter":"raw"}],"autores-libros":[{"ID":5639,"post_author":"3","post_date":"2022-07-28 17:28:18","post_date_gmt":"2022-07-28 15:28:18","post_content":"","post_title":"JOS\u00c9 GRANADOS GARC\u00cdA","post_excerpt":"","post_status":"publish","comment_status":"closed","ping_status":"closed","post_password":"","post_name":"jose-granados-garcia","to_ping":"","pinged":"","post_modified":"2022-07-28 17:28:18","post_modified_gmt":"2022-07-28 15:28:18","post_content_filtered":"","post_parent":0,"guid":"http:\/\/dev.claret.cat\/autor\/jose-granados-garcia\/","menu_order":0,"post_type":"autor","post_mime_type":"","comment_count":"0","filter":"raw"}]},"aioseo_notices":[],"_links":{"self":[{"href":"https:\/\/www.claret.cat\/es\/wp-json\/wp\/v2\/product\/581492","targetHints":{"allow":["GET"]}}],"collection":[{"href":"https:\/\/www.claret.cat\/es\/wp-json\/wp\/v2\/product"}],"about":[{"href":"https:\/\/www.claret.cat\/es\/wp-json\/wp\/v2\/types\/product"}],"wp:featuredmedia":[{"embeddable":true,"href":"https:\/\/www.claret.cat\/es\/wp-json\/wp\/v2\/media\/581504"}],"wp:attachment":[{"href":"https:\/\/www.claret.cat\/es\/wp-json\/wp\/v2\/media?parent=581492"}],"wp:term":[{"taxonomy":"product_brand","embeddable":true,"href":"https:\/\/www.claret.cat\/es\/wp-json\/wp\/v2\/product_brand?post=581492"},{"taxonomy":"product_cat","embeddable":true,"href":"https:\/\/www.claret.cat\/es\/wp-json\/wp\/v2\/product_cat?post=581492"},{"taxonomy":"product_tag","embeddable":true,"href":"https:\/\/www.claret.cat\/es\/wp-json\/wp\/v2\/product_tag?post=581492"}],"curies":[{"name":"wp","href":"https:\/\/api.w.org\/{rel}","templated":true}]}}