{"id":581508,"date":"2023-09-06T16:05:03","date_gmt":"2023-09-06T14:05:03","guid":{"rendered":"https:\/\/www.claret.cat\/llibre\/universalizar-la-resistencia-9788419583352\/"},"modified":"2023-11-16T15:55:46","modified_gmt":"2023-11-16T14:55:46","slug":"universalizar-la-resistencia-9788419583352","status":"publish","type":"product","link":"https:\/\/www.claret.cat\/es\/libro\/universalizar-la-resistencia-9788419583352\/","title":{"rendered":"UNIVERSALIZAR LA RESISTENCIA"},"content":{"rendered":"<p>Entre los intelectuales de izquierda, Noam Chomsky se distingue por su especial relaci\u00f3n con el activismo, y por ser \u00e9l mismo un activista pol\u00edtico de largu\u00edsimo recorrido, adem\u00e1s de un cr\u00edtico implacable y clarividente. En este libro, que puede leerse como el legado de Chomsky a los activistas de hoy y de ma\u00f1ana, el intelectual estadounidense repasa por primera vez toda una vida de compromiso pol\u00edtico, analizando con la agudeza acostumbrada los desaf\u00edos a los que se enfrentan los movimientos progresistas en todo el mundo occidental, as\u00ed como el sentido del activismo frente a los complicados escenarios geopol\u00edticos y socioecon\u00f3micos de la actualidad. <br \/> \u00abUniversalizar la resistencia\u00bb es una gu\u00eda que marca nuevas directivas para los activistas de hoy y que reflexiona sobre el significado y el valor del compromiso pol\u00edtico en un mundo condicionado y transformado por acontecimientos como la pandemia y la crisis econ\u00f3mica. Pero, alej\u00e1ndose del pesimismo apocal\u00edptico de muchos polit\u00f3logos contempor\u00e1neos, Chomsky deja filtrar en su an\u00e1lisis un reconfortarte destello de esperanza que pasa por la firme convicci\u00f3n de que el activismo puede ser ?como lo ha sido en el pasado? una poderosa herramienta para cambiar a mejor el curso de la historia.<\/p>\n","protected":false},"excerpt":{"rendered":"<p>CHOMSKY, NOAM<\/p>\n","protected":false},"featured_media":941718,"template":"","meta":{"_acf_changed":false,"om_disable_all_campaigns":false,"rs_blank_template":"","rs_page_bg_color":"","slide_template_v7":"","inline_featured_image":false,"_monsterinsights_skip_tracking":false,"_monsterinsights_sitenote_active":false,"_monsterinsights_sitenote_note":"","_monsterinsights_sitenote_category":0},"product_brand":[],"product_cat":[162,436],"product_tag":[],"class_list":{"0":"post-581508","1":"product","2":"type-product","3":"status-publish","4":"has-post-thumbnail","6":"product_cat-economica-i-politica","7":"product_cat-economica-y-politica","9":"first","10":"instock","11":"taxable","12":"shipping-taxable","13":"purchasable","14":"product-type-simple"},"acf":{"autor":"CHOMSKY, NOAM","codart":"841958335","libros-coleccion":"Ensayo","ediciones":"1","encuadernacion":"R\u00fastica","fecha_de_publicacion":"01\/09\/2023","novedad":"1","paginas":"188","subtitulo":"","orden":"0","portada":"0","idioma":"cat","editorial":[{"ID":147415,"post_author":"3","post_date":"2022-10-14 11:50:24","post_date_gmt":"2022-10-14 09:50:24","post_content":"","post_title":"Altamarea Ediciones","post_excerpt":"","post_status":"publish","comment_status":"closed","ping_status":"closed","post_password":"","post_name":"altamarea-ediciones","to_ping":"","pinged":"","post_modified":"2022-10-14 11:50:24","post_modified_gmt":"2022-10-14 09:50:24","post_content_filtered":"","post_parent":0,"guid":"http:\/\/dev.claret.cat\/editorial\/altamarea-ediciones\/","menu_order":0,"post_type":"editorial","post_mime_type":"","comment_count":"0","filter":"raw"}],"autores-libros":[{"ID":165919,"post_author":"3","post_date":"2022-10-14 17:58:59","post_date_gmt":"2022-10-14 15:58:59","post_content":"","post_title":"NOAM CHOMSKY","post_excerpt":"","post_status":"publish","comment_status":"closed","ping_status":"closed","post_password":"","post_name":"noam-chomsky","to_ping":"","pinged":"","post_modified":"2022-10-14 17:58:59","post_modified_gmt":"2022-10-14 15:58:59","post_content_filtered":"","post_parent":0,"guid":"http:\/\/dev.claret.cat\/autor\/noam-chomsky\/","menu_order":0,"post_type":"autor","post_mime_type":"","comment_count":"0","filter":"raw"}]},"aioseo_notices":[],"_links":{"self":[{"href":"https:\/\/www.claret.cat\/es\/wp-json\/wp\/v2\/product\/581508","targetHints":{"allow":["GET"]}}],"collection":[{"href":"https:\/\/www.claret.cat\/es\/wp-json\/wp\/v2\/product"}],"about":[{"href":"https:\/\/www.claret.cat\/es\/wp-json\/wp\/v2\/types\/product"}],"wp:featuredmedia":[{"embeddable":true,"href":"https:\/\/www.claret.cat\/es\/wp-json\/wp\/v2\/media\/941718"}],"wp:attachment":[{"href":"https:\/\/www.claret.cat\/es\/wp-json\/wp\/v2\/media?parent=581508"}],"wp:term":[{"taxonomy":"product_brand","embeddable":true,"href":"https:\/\/www.claret.cat\/es\/wp-json\/wp\/v2\/product_brand?post=581508"},{"taxonomy":"product_cat","embeddable":true,"href":"https:\/\/www.claret.cat\/es\/wp-json\/wp\/v2\/product_cat?post=581508"},{"taxonomy":"product_tag","embeddable":true,"href":"https:\/\/www.claret.cat\/es\/wp-json\/wp\/v2\/product_tag?post=581508"}],"curies":[{"name":"wp","href":"https:\/\/api.w.org\/{rel}","templated":true}]}}