{"id":581545,"date":"2023-09-06T16:20:05","date_gmt":"2023-09-06T14:20:05","guid":{"rendered":"https:\/\/www.claret.cat\/llibre\/el-mirall-a-casa-de-la-mare-el-mirall-a-casa-del-pare-9788419607669\/"},"modified":"2023-10-11T01:05:14","modified_gmt":"2023-10-10T23:05:14","slug":"el-mirall-a-casa-de-la-mare-el-mirall-a-casa-del-pare-9788419607669","status":"publish","type":"product","link":"https:\/\/www.claret.cat\/es\/libro\/el-mirall-a-casa-de-la-mare-el-mirall-a-casa-del-pare-9788419607669\/","title":{"rendered":"EL MIRALL A CASA DE LA MARE \/ EL MIRALL A CASA DEL PARE"},"content":{"rendered":"<p>Aquest llibre cont\u00e9 dues hist\u00f2ries. Pots obrir el llibre per la par de La casa del pare o per la de La casa de la mare.<br \/> A l&#8217;habitaci\u00f3 del protagonista, a les seves dues cases, hi ha un mirall m\u00e0gic. I al centre del llibre les hist\u00f2ries s&#8217;uneixen.<\/p>\n","protected":false},"excerpt":{"rendered":"<p>AMAVISCA, LUIS \/ ZACARIAS, BETANIA<\/p>\n","protected":false},"featured_media":581698,"template":"","meta":{"_acf_changed":false,"om_disable_all_campaigns":false,"rs_blank_template":"","rs_page_bg_color":"","slide_template_v7":"","inline_featured_image":false,"_monsterinsights_skip_tracking":false,"_monsterinsights_sitenote_active":false,"_monsterinsights_sitenote_note":"","_monsterinsights_sitenote_category":0},"product_brand":[],"product_cat":[131,361],"product_tag":[],"class_list":{"0":"post-581545","1":"product","2":"type-product","3":"status-publish","4":"has-post-thumbnail","6":"product_cat-contes-per-infants-0-6-anys","7":"product_cat-cuentos-para-ninos-0-6-anos","9":"first","10":"instock","11":"taxable","12":"shipping-taxable","13":"purchasable","14":"product-type-simple"},"acf":{"autor":"AMAVISCA, LUIS \/ ZACARIAS, BETANIA","codart":"841960766","libros-coleccion":"CATALAN","ediciones":"1","encuadernacion":"Carton\u00e9","fecha_de_publicacion":"01\/09\/2023","novedad":"1","paginas":"44","subtitulo":"","orden":"0","portada":"0","idioma":"cat","editorial":[{"ID":148592,"post_author":"3","post_date":"2022-10-14 11:59:27","post_date_gmt":"2022-10-14 09:59:27","post_content":"","post_title":"NUBEOCHO","post_excerpt":"","post_status":"publish","comment_status":"closed","ping_status":"closed","post_password":"","post_name":"nubeocho","to_ping":"","pinged":"","post_modified":"2022-10-14 11:59:27","post_modified_gmt":"2022-10-14 09:59:27","post_content_filtered":"","post_parent":0,"guid":"http:\/\/dev.claret.cat\/editorial\/nubeocho\/","menu_order":0,"post_type":"editorial","post_mime_type":"","comment_count":"0","filter":"raw"}],"autores-libros":[{"ID":151675,"post_author":"3","post_date":"2022-10-14 14:42:45","post_date_gmt":"2022-10-14 12:42:45","post_content":"","post_title":"BETANIA ZACARIAS","post_excerpt":"","post_status":"publish","comment_status":"closed","ping_status":"closed","post_password":"","post_name":"betania-zacarias","to_ping":"","pinged":"","post_modified":"2022-10-14 14:42:45","post_modified_gmt":"2022-10-14 12:42:45","post_content_filtered":"","post_parent":0,"guid":"http:\/\/dev.claret.cat\/autor\/betania-zacarias\/","menu_order":0,"post_type":"autor","post_mime_type":"","comment_count":"0","filter":"raw"},{"ID":162671,"post_author":"3","post_date":"2022-10-14 17:32:52","post_date_gmt":"2022-10-14 15:32:52","post_content":"","post_title":"LUIS AMAVISCA","post_excerpt":"","post_status":"publish","comment_status":"closed","ping_status":"closed","post_password":"","post_name":"luis-amavisca-2","to_ping":"","pinged":"","post_modified":"2022-10-14 17:32:52","post_modified_gmt":"2022-10-14 15:32:52","post_content_filtered":"","post_parent":0,"guid":"http:\/\/dev.claret.cat\/autor\/luis-amavisca-2\/","menu_order":0,"post_type":"autor","post_mime_type":"","comment_count":"0","filter":"raw"}]},"aioseo_notices":[],"_links":{"self":[{"href":"https:\/\/www.claret.cat\/es\/wp-json\/wp\/v2\/product\/581545","targetHints":{"allow":["GET"]}}],"collection":[{"href":"https:\/\/www.claret.cat\/es\/wp-json\/wp\/v2\/product"}],"about":[{"href":"https:\/\/www.claret.cat\/es\/wp-json\/wp\/v2\/types\/product"}],"wp:featuredmedia":[{"embeddable":true,"href":"https:\/\/www.claret.cat\/es\/wp-json\/wp\/v2\/media\/581698"}],"wp:attachment":[{"href":"https:\/\/www.claret.cat\/es\/wp-json\/wp\/v2\/media?parent=581545"}],"wp:term":[{"taxonomy":"product_brand","embeddable":true,"href":"https:\/\/www.claret.cat\/es\/wp-json\/wp\/v2\/product_brand?post=581545"},{"taxonomy":"product_cat","embeddable":true,"href":"https:\/\/www.claret.cat\/es\/wp-json\/wp\/v2\/product_cat?post=581545"},{"taxonomy":"product_tag","embeddable":true,"href":"https:\/\/www.claret.cat\/es\/wp-json\/wp\/v2\/product_tag?post=581545"}],"curies":[{"name":"wp","href":"https:\/\/api.w.org\/{rel}","templated":true}]}}