{"id":581568,"date":"2023-09-06T16:25:19","date_gmt":"2023-09-06T14:25:19","guid":{"rendered":"https:\/\/www.claret.cat\/llibre\/el-ratoli-que-menjava-contes-9788419607294\/"},"modified":"2023-12-16T19:35:27","modified_gmt":"2023-12-16T18:35:27","slug":"el-ratoli-que-menjava-contes-9788419607294","status":"publish","type":"product","link":"https:\/\/www.claret.cat\/es\/libro\/el-ratoli-que-menjava-contes-9788419607294\/","title":{"rendered":"EL RATOL\u00cd QUE MENJAVA CONTES"},"content":{"rendered":"<p>El ratol\u00ed Sim\u00f3 \u00e9s petit\u00f3, orellut, baixet i bigotut. A m\u00e9s a m\u00e9s, sempre t\u00e9 molta gana. Per\u00f2 res del que prova el sacia, fins que arriba a una llibreria i es menja les p\u00e0gines dels llibres. Per primera vegada, sent l&#8221;st\u00f3mac ple. La llibretera i el ratol\u00ed arriben a un acord: ella li llegir\u00e0 hist\u00f2ries i ell l&#8217;ajudar\u00e0 a la llibreria.<br \/> Un \u00e0lbum il\u00b7lustrat sobre l&#8217;amor per la lectura i un bonic homenatge a les llibreteres, llibreters, bibliotec\u00e0ries i bibliotecaris.<\/p>\n","protected":false},"excerpt":{"rendered":"<p>ANDR\u00c9S, JOS\u00c9 CARLOS<\/p>\n","protected":false},"featured_media":581569,"template":"","meta":{"_acf_changed":false,"om_disable_all_campaigns":false,"rs_blank_template":"","rs_page_bg_color":"","slide_template_v7":"","inline_featured_image":false,"_monsterinsights_skip_tracking":false,"_monsterinsights_sitenote_active":false,"_monsterinsights_sitenote_note":"","_monsterinsights_sitenote_category":0},"product_brand":[],"product_cat":[131,361],"product_tag":[],"class_list":{"0":"post-581568","1":"product","2":"type-product","3":"status-publish","4":"has-post-thumbnail","6":"product_cat-contes-per-infants-0-6-anys","7":"product_cat-cuentos-para-ninos-0-6-anos","9":"first","10":"instock","11":"taxable","12":"shipping-taxable","13":"purchasable","14":"product-type-simple"},"acf":{"autor":"ANDR\u00c9S, JOS\u00c9 CARLOS","codart":"841960729","libros-coleccion":"CATALAN","ediciones":"1","encuadernacion":"Carton\u00e9","fecha_de_publicacion":"01\/09\/2023","novedad":"1","paginas":"36","subtitulo":"","orden":"0","portada":"0","idioma":"cat","editorial":[{"ID":148592,"post_author":"3","post_date":"2022-10-14 11:59:27","post_date_gmt":"2022-10-14 09:59:27","post_content":"","post_title":"NUBEOCHO","post_excerpt":"","post_status":"publish","comment_status":"closed","ping_status":"closed","post_password":"","post_name":"nubeocho","to_ping":"","pinged":"","post_modified":"2022-10-14 11:59:27","post_modified_gmt":"2022-10-14 09:59:27","post_content_filtered":"","post_parent":0,"guid":"http:\/\/dev.claret.cat\/editorial\/nubeocho\/","menu_order":0,"post_type":"editorial","post_mime_type":"","comment_count":"0","filter":"raw"}],"autores-libros":[{"ID":160204,"post_author":"3","post_date":"2022-10-14 15:51:08","post_date_gmt":"2022-10-14 13:51:08","post_content":"","post_title":"JOS\u00c9 CARLOS ANDR\u00c9S","post_excerpt":"","post_status":"publish","comment_status":"closed","ping_status":"closed","post_password":"","post_name":"jose-carlos-andres","to_ping":"","pinged":"","post_modified":"2022-10-14 15:51:08","post_modified_gmt":"2022-10-14 13:51:08","post_content_filtered":"","post_parent":0,"guid":"http:\/\/dev.claret.cat\/autor\/jose-carlos-andres\/","menu_order":0,"post_type":"autor","post_mime_type":"","comment_count":"0","filter":"raw"}]},"aioseo_notices":[],"_links":{"self":[{"href":"https:\/\/www.claret.cat\/es\/wp-json\/wp\/v2\/product\/581568","targetHints":{"allow":["GET"]}}],"collection":[{"href":"https:\/\/www.claret.cat\/es\/wp-json\/wp\/v2\/product"}],"about":[{"href":"https:\/\/www.claret.cat\/es\/wp-json\/wp\/v2\/types\/product"}],"wp:featuredmedia":[{"embeddable":true,"href":"https:\/\/www.claret.cat\/es\/wp-json\/wp\/v2\/media\/581569"}],"wp:attachment":[{"href":"https:\/\/www.claret.cat\/es\/wp-json\/wp\/v2\/media?parent=581568"}],"wp:term":[{"taxonomy":"product_brand","embeddable":true,"href":"https:\/\/www.claret.cat\/es\/wp-json\/wp\/v2\/product_brand?post=581568"},{"taxonomy":"product_cat","embeddable":true,"href":"https:\/\/www.claret.cat\/es\/wp-json\/wp\/v2\/product_cat?post=581568"},{"taxonomy":"product_tag","embeddable":true,"href":"https:\/\/www.claret.cat\/es\/wp-json\/wp\/v2\/product_tag?post=581568"}],"curies":[{"name":"wp","href":"https:\/\/api.w.org\/{rel}","templated":true}]}}